{"id":4306,"date":"2015-11-23T16:18:54","date_gmt":"2015-11-23T16:18:54","guid":{"rendered":"http:\/\/usnomadstudio.com\/usnomads\/blog\/?page_id=4306"},"modified":"2016-02-13T20:49:31","modified_gmt":"2016-02-13T20:49:31","slug":"notes-from-the-road-15-31-october-2015","status":"publish","type":"page","link":"http:\/\/usnomadstudio.com\/usnomads\/blog\/?page_id=4306","title":{"rendered":"Notes From the Road &#8212; 15-31 October 2015"},"content":{"rendered":"<div class=\"container\"><\/p>\n<div class=\"heading_wrapper\">\n<div class=\"eight columns\">\n<h2>NOTES FROM THE ROAD<\/h2>\n<hr \/>\n<p><a href=\"http:\/\/usnomadstudio.com\/usnomads\/blog\/?page_id=4622\">< more recent<\/a> | 15-31 October 2015 | <a href=\"http:\/\/usnomadstudio.com\/usnomads\/blog\/?page_id=4302\">older ><\/a> <\/p>\n<hr \/>\n<p><br><\/p>\n<h5>Moab: A Journey Into the Maze&#8230;<\/h5>\n<p><br><img loading=\"lazy\" width=\"650\" height=\"488\" src=\"http:\/\/usnomadstudio.com\/usnomads\/blog\/wp-content\/uploads\/2015\/11\/Moab_OCT2015_Day7_MtoKK_Jeeptentfiremoon_DSCN3217retouch_650w.jpg\" class=\"alignleft size-full wp-image-4334\" srcset=\"http:\/\/usnomadstudio.com\/usnomads\/blog\/wp-content\/uploads\/2015\/11\/Moab_OCT2015_Day7_MtoKK_Jeeptentfiremoon_DSCN3217retouch_650w.jpg 650w, http:\/\/usnomadstudio.com\/usnomads\/blog\/wp-content\/uploads\/2015\/11\/Moab_OCT2015_Day7_MtoKK_Jeeptentfiremoon_DSCN3217retouch_650w-300x225.jpg 300w, http:\/\/usnomadstudio.com\/usnomads\/blog\/wp-content\/uploads\/2015\/11\/Moab_OCT2015_Day7_MtoKK_Jeeptentfiremoon_DSCN3217retouch_650w-400x300.jpg 400w, http:\/\/usnomadstudio.com\/usnomads\/blog\/wp-content\/uploads\/2015\/11\/Moab_OCT2015_Day7_MtoKK_Jeeptentfiremoon_DSCN3217retouch_650w-297x223.jpg 297w, http:\/\/usnomadstudio.com\/usnomads\/blog\/wp-content\/uploads\/2015\/11\/Moab_OCT2015_Day7_MtoKK_Jeeptentfiremoon_DSCN3217retouch_650w-226x170.jpg 226w\" sizes=\"(max-width: 650px) 100vw, 650px\" \/><\/p>\n<h6><strong>The beginning of a six-day roadtrip, all on dirt&#8230;<\/strong><\/h6>\n<p><br><\/p>\n<p><strong>27 OCTOBER 2015:<\/strong> Left Moab for a six-day loop into one of the most remote parts of the United States, in an area of the Canyonlands national park known as &#8220;The Maze.&#8221; Just getting there would be an adventure&#8230;[ Read the full report: <a href=\"http:\/\/usnomadstudio.com\/usnomads\/blog\/?page_id=4447\" target=\"_blank\">INTO THE MAZE<\/a> ]<br><\/p>\n<hr \/>\n<p><br><\/p>\n<h5>Moab: Day Trip to Chicken Corners&#8230;<\/h5>\n<p><br><img loading=\"lazy\" src=\"http:\/\/usnomadstudio.com\/usnomads\/blog\/wp-content\/uploads\/2015\/11\/Moab_OCT2015_Day5_CC_backaroundchickencornerbigrock_DSCN2899_650w.jpg\" alt=\"\" width=\"650\" height=\"488\" class=\"alignleft size-full wp-image-4329\" srcset=\"http:\/\/usnomadstudio.com\/usnomads\/blog\/wp-content\/uploads\/2015\/11\/Moab_OCT2015_Day5_CC_backaroundchickencornerbigrock_DSCN2899_650w.jpg 650w, http:\/\/usnomadstudio.com\/usnomads\/blog\/wp-content\/uploads\/2015\/11\/Moab_OCT2015_Day5_CC_backaroundchickencornerbigrock_DSCN2899_650w-300x225.jpg 300w, http:\/\/usnomadstudio.com\/usnomads\/blog\/wp-content\/uploads\/2015\/11\/Moab_OCT2015_Day5_CC_backaroundchickencornerbigrock_DSCN2899_650w-400x300.jpg 400w, http:\/\/usnomadstudio.com\/usnomads\/blog\/wp-content\/uploads\/2015\/11\/Moab_OCT2015_Day5_CC_backaroundchickencornerbigrock_DSCN2899_650w-297x223.jpg 297w, http:\/\/usnomadstudio.com\/usnomads\/blog\/wp-content\/uploads\/2015\/11\/Moab_OCT2015_Day5_CC_backaroundchickencornerbigrock_DSCN2899_650w-226x170.jpg 226w\" sizes=\"(max-width: 650px) 100vw, 650px\" \/><\/p>\n<h6><strong>Enjoying the day on a scenic Moab trail&#8230;<\/strong><\/h6>\n<p><br><\/p>\n<p><strong>25 OCTOBER 2015:<\/strong> Back in a <a href=\"http:\/\/www.barlows.us\/moab\/moab-main.html\" target=\"_blank\">Barlow Adventures<\/a> Jeep today for a relaxing day out just enjoying the quintessential red rock landscape of <a href=\"https:\/\/www.rr4w.com\/trail-details.cfm?trailid=6\" target=\"_blank\">Chicken Corners<\/a>, a long beautiful trail ride that follows the Colorado River from the heights above&#8230;<br><\/p>\n<hr \/>\n<p><br><\/p>\n<h5>Moab: Confronting New Challenges&#8230;<\/h5>\n<p><br><img loading=\"lazy\" src=\"http:\/\/usnomadstudio.com\/usnomads\/blog\/wp-content\/uploads\/2015\/11\/Moab_OCT2015_Day4_BBtrianingBTR-bigobstacleledge_vert_DSCN2693_650w.jpg\" alt=\"\" width=\"650\" height=\"867\" class=\"alignleft size-full wp-image-4319\" srcset=\"http:\/\/usnomadstudio.com\/usnomads\/blog\/wp-content\/uploads\/2015\/11\/Moab_OCT2015_Day4_BBtrianingBTR-bigobstacleledge_vert_DSCN2693_650w.jpg 650w, http:\/\/usnomadstudio.com\/usnomads\/blog\/wp-content\/uploads\/2015\/11\/Moab_OCT2015_Day4_BBtrianingBTR-bigobstacleledge_vert_DSCN2693_650w-225x300.jpg 225w, http:\/\/usnomadstudio.com\/usnomads\/blog\/wp-content\/uploads\/2015\/11\/Moab_OCT2015_Day4_BBtrianingBTR-bigobstacleledge_vert_DSCN2693_650w-167x223.jpg 167w, http:\/\/usnomadstudio.com\/usnomads\/blog\/wp-content\/uploads\/2015\/11\/Moab_OCT2015_Day4_BBtrianingBTR-bigobstacleledge_vert_DSCN2693_650w-127x170.jpg 127w, http:\/\/usnomadstudio.com\/usnomads\/blog\/wp-content\/uploads\/2015\/11\/Moab_OCT2015_Day4_BBtrianingBTR-bigobstacleledge_vert_DSCN2693_650w-510x680.jpg 510w\" sizes=\"(max-width: 650px) 100vw, 650px\" \/><\/p>\n<h6><strong>Picking lines on tougher obstacles Behind The Rocks&#8230;<\/strong><\/h6>\n<p><br><\/p>\n<p><strong>24 OCTOBER 2015:<\/strong> Working on terrain assessment and picking lines on a more challenging trail, <a href=\"https:\/\/www.rr4w.com\/trail-details.cfm?trailid=13\" target=\"_blank\">Behind The Rocks<\/a>. Things got more intense as <a href=\"http:\/\/bb4wa.com\" target=\"_blank\">Bill Burke<\/a> took it up a notch in difficulty. Required lots of concentration and coordination driving the manual Land Rover Defender on this complex terrain&#8230;<br><\/p>\n<hr \/>\n<p><br><\/p>\n<h5>Moab: Unexpected Mud in the Desert&#8230;<\/h5>\n<p><br><img loading=\"lazy\" src=\"http:\/\/usnomadstudio.com\/usnomads\/blog\/wp-content\/uploads\/2015\/11\/Moab_OCT2015_Day3_BBtrainingStuck-pullpal_DSCN2563_650w.jpg\" alt=\"\" width=\"650\" height=\"487\" class=\"alignleft size-full wp-image-4318\" srcset=\"http:\/\/usnomadstudio.com\/usnomads\/blog\/wp-content\/uploads\/2015\/11\/Moab_OCT2015_Day3_BBtrainingStuck-pullpal_DSCN2563_650w.jpg 650w, http:\/\/usnomadstudio.com\/usnomads\/blog\/wp-content\/uploads\/2015\/11\/Moab_OCT2015_Day3_BBtrainingStuck-pullpal_DSCN2563_650w-300x225.jpg 300w, http:\/\/usnomadstudio.com\/usnomads\/blog\/wp-content\/uploads\/2015\/11\/Moab_OCT2015_Day3_BBtrainingStuck-pullpal_DSCN2563_650w-400x300.jpg 400w, http:\/\/usnomadstudio.com\/usnomads\/blog\/wp-content\/uploads\/2015\/11\/Moab_OCT2015_Day3_BBtrainingStuck-pullpal_DSCN2563_650w-298x223.jpg 298w, http:\/\/usnomadstudio.com\/usnomads\/blog\/wp-content\/uploads\/2015\/11\/Moab_OCT2015_Day3_BBtrainingStuck-pullpal_DSCN2563_650w-227x170.jpg 227w\" sizes=\"(max-width: 650px) 100vw, 650px\" \/><\/p>\n<h6><strong>Learning how to overcome obstacles with Bill Burke&#8230;<\/strong><\/h6>\n<p><br><\/p>\n<p><strong>23 OCTOBER 2015:<\/strong> First day of intensive training with <a href=\"http:\/\/bb4wa.com\" target=\"_blank\">Bill Burke<\/a> brought some unexpected opportunities to work on recovery, due to monsoon rains the previous night. Some creative thinking was needed to get out of the quicksand in this desert wash. <br><\/p>\n<hr \/>\n<h6><a href=\"http:\/\/usnomadstudio.com\/usnomads\/blog\/?page_id=4302\">PREVIOUS NOTES FROM THE ROAD<\/a> <a href=\"http:\/\/usnomadstudio.com\/usnomads\/blog\/?page_id=4302\">><\/a> <\/h6>\n<\/p><\/div>\n<div class=\"four columns\">\n<hr \/>\n<p><strong>THIS MONTH:<\/strong><br \/>\n<img loading=\"lazy\" src=\"http:\/\/usnomadstudio.com\/usnomads\/blog\/wp-content\/uploads\/2014\/08\/zion-park-moab-featured-300x172.jpg\" alt=\"\" width=\"300\" height=\"172\" class=\"alignleft size-medium wp-image-2706\" srcset=\"http:\/\/usnomadstudio.com\/usnomads\/blog\/wp-content\/uploads\/2014\/08\/zion-park-moab-featured-300x172.jpg 300w, http:\/\/usnomadstudio.com\/usnomads\/blog\/wp-content\/uploads\/2014\/08\/zion-park-moab-featured-520x300.jpg 520w, http:\/\/usnomadstudio.com\/usnomads\/blog\/wp-content\/uploads\/2014\/08\/zion-park-moab-featured-386x223.jpg 386w, http:\/\/usnomadstudio.com\/usnomads\/blog\/wp-content\/uploads\/2014\/08\/zion-park-moab-featured-294x170.jpg 294w, http:\/\/usnomadstudio.com\/usnomads\/blog\/wp-content\/uploads\/2014\/08\/zion-park-moab-featured.jpg 680w\" sizes=\"(max-width: 300px) 100vw, 300px\" \/><br \/>\nGoing back to Moab, where it all began in 2007 with our first solo Jeep adventure on red rock. Visiting favorite trails and exploring some new challenges in navigation and expedition planning off the beaten track&#8230; <br><br><\/p>\n<p><img loading=\"lazy\" src=\"http:\/\/usnomadstudio.com\/usnomads\/blog\/wp-content\/uploads\/2015\/02\/BB4WD.jpg\" alt=\"\" width=\"300\" height=\"375\" class=\"alignnone size-full wp-image-3296\" srcset=\"http:\/\/usnomadstudio.com\/usnomads\/blog\/wp-content\/uploads\/2015\/02\/BB4WD.jpg 300w, http:\/\/usnomadstudio.com\/usnomads\/blog\/wp-content\/uploads\/2015\/02\/BB4WD-240x300.jpg 240w, http:\/\/usnomadstudio.com\/usnomads\/blog\/wp-content\/uploads\/2015\/02\/BB4WD-178x223.jpg 178w, http:\/\/usnomadstudio.com\/usnomads\/blog\/wp-content\/uploads\/2015\/02\/BB4WD-136x170.jpg 136w\" sizes=\"(max-width: 300px) 100vw, 300px\" \/><br \/>\nIntensive training on the Moab-area trails in scouting, terrain assessment, advanced driving and recovery techniques with master trainer <a href=\"http:\/\/bb4wa.com\" target=\"_blank\">Bill Burke<\/a>.<br \/>\n<br><\/p>\n<hr \/>\n<p><strong>COMING UP SOON:<\/strong><br \/>\n<img loading=\"lazy\" width=\"300\" height=\"199\" src=\"http:\/\/usnomadstudio.com\/usnomads\/blog\/wp-content\/uploads\/2015\/11\/Screen-Shot-2015-11-23-at-1.13.52-PM-300x199.png\" class=\"alignleft size-medium wp-image-4327\" srcset=\"http:\/\/usnomadstudio.com\/usnomads\/blog\/wp-content\/uploads\/2015\/11\/Screen-Shot-2015-11-23-at-1.13.52-PM-300x199.png 300w, http:\/\/usnomadstudio.com\/usnomads\/blog\/wp-content\/uploads\/2015\/11\/Screen-Shot-2015-11-23-at-1.13.52-PM-1024x680.png 1024w, http:\/\/usnomadstudio.com\/usnomads\/blog\/wp-content\/uploads\/2015\/11\/Screen-Shot-2015-11-23-at-1.13.52-PM-452x300.png 452w, http:\/\/usnomadstudio.com\/usnomads\/blog\/wp-content\/uploads\/2015\/11\/Screen-Shot-2015-11-23-at-1.13.52-PM-336x223.png 336w, http:\/\/usnomadstudio.com\/usnomads\/blog\/wp-content\/uploads\/2015\/11\/Screen-Shot-2015-11-23-at-1.13.52-PM-256x170.png 256w, http:\/\/usnomadstudio.com\/usnomads\/blog\/wp-content\/uploads\/2015\/11\/Screen-Shot-2015-11-23-at-1.13.52-PM.png 1139w\" sizes=\"(max-width: 300px) 100vw, 300px\" \/><br \/>\nNext steps for North Africa, route planning, scouting and more desert prep. Also beginning to look into acquisition of a diesel Jeep to start the project build&#8230; <br><\/p>\n<p><img loading=\"lazy\" width=\"300\" height=\"138\" src=\"http:\/\/usnomadstudio.com\/usnomads\/blog\/wp-content\/uploads\/2015\/11\/RauschCreekSignageFinal-300x138.jpg\" class=\"alignleft size-medium wp-image-4325\" srcset=\"http:\/\/usnomadstudio.com\/usnomads\/blog\/wp-content\/uploads\/2015\/11\/RauschCreekSignageFinal-300x138.jpg 300w, http:\/\/usnomadstudio.com\/usnomads\/blog\/wp-content\/uploads\/2015\/11\/RauschCreekSignageFinal-1024x472.jpg 1024w, http:\/\/usnomadstudio.com\/usnomads\/blog\/wp-content\/uploads\/2015\/11\/RauschCreekSignageFinal-650x300.jpg 650w, http:\/\/usnomadstudio.com\/usnomads\/blog\/wp-content\/uploads\/2015\/11\/RauschCreekSignageFinal-483x223.jpg 483w, http:\/\/usnomadstudio.com\/usnomads\/blog\/wp-content\/uploads\/2015\/11\/RauschCreekSignageFinal-368x170.jpg 368w, http:\/\/usnomadstudio.com\/usnomads\/blog\/wp-content\/uploads\/2015\/11\/RauschCreekSignageFinal-1474x680.jpg 1474w\" sizes=\"(max-width: 300px) 100vw, 300px\" \/><br \/>\nGetting some solid trail time in at <a href=\"http:\/\/rc4x4.org\">Rausch Creek<\/a>, in the mountains of Pennsylvania&#8217;s coal country.<br \/>\n<br><\/p>\n<hr \/>\n<p><strong>TEAM 171 PRESENTATION<\/strong><\/p>\n<p><img loading=\"lazy\" src=\"http:\/\/usnomadstudio.com\/usnomads\/blog\/wp-content\/uploads\/2014\/02\/209_JEA_22032014_Leg3_030050-300x200.jpg\" alt=\"\" width=\"300\" height=\"200\" class=\"alignleft size-medium wp-image-2118\" srcset=\"http:\/\/usnomadstudio.com\/usnomads\/blog\/wp-content\/uploads\/2014\/02\/209_JEA_22032014_Leg3_030050-300x200.jpg 300w, http:\/\/usnomadstudio.com\/usnomads\/blog\/wp-content\/uploads\/2014\/02\/209_JEA_22032014_Leg3_030050-450x300.jpg 450w, http:\/\/usnomadstudio.com\/usnomads\/blog\/wp-content\/uploads\/2014\/02\/209_JEA_22032014_Leg3_030050-334x223.jpg 334w, http:\/\/usnomadstudio.com\/usnomads\/blog\/wp-content\/uploads\/2014\/02\/209_JEA_22032014_Leg3_030050-255x170.jpg 255w, http:\/\/usnomadstudio.com\/usnomads\/blog\/wp-content\/uploads\/2014\/02\/209_JEA_22032014_Leg3_030050.jpg 600w\" sizes=\"(max-width: 300px) 100vw, 300px\" \/><br><br \/>\nUSnomads, c&#8217;est l&#8217;histoire d&#8217;une amiti\u00e9 de plus de 20 ans, qui s&#8217;est construite \u00e0 travers le temps, les cultures, les exp\u00e9riences de la vie et des voyages. Seule l&#8217;union de deux caract\u00e8res forts et respectueux l&#8217;un de l&#8217;autre explique que nous soyons arriv\u00e9es \u00e0 nos fins dans chacun de nos d\u00e9fis.<br><br \/>\nCeci est notre premi\u00e8re participation au Rallye des gazelles et nous ne sommes pas des professionels, mais JoMarie a une certaine exp\u00e9rience de l&#8217;Afrique et des situations d&#8217;urgence. D&#8217;autre part, elle s&#8217;est totalement investie dans la pr\u00e9paration de cette course et Isabelle s&#8217;est r\u00e9cemment mise \u00e0 la navigation.<br><br \/>\nLe Rallye des gazelles dans le d\u00e9sert marocain sera le th\u00e9\u00e2tre d&#8217;une nouvelle \u00e9preuve pour nous : une Jeep, une boussole, une carte et tout le pouvoir de notre volont\u00e9 d&#8217;y parvenir fera le reste.<br><br \/>\nCe d\u00e9fi sportif s&#8217;inscrit dans un projet humain plus large, celui de traverser le d\u00e9sert du Sahara d&#8217;Ouest en Est dans l&#8217;espoir d&#8217;accompagner les \u00e9quipes d&#8217;ONG dans leurs micro-projets d&#8217;aide aux peuplades nomades locales. JoMarie en produira un film documentaire qui donnera \u00e0 mieux connaitre les hommes de cette partie du monde.<br><br \/>\nL&#8217;\u00e9quipe 171 prendra fi\u00e8rement son envol le 15 mars 2014 avec toutes les autres participantes ! Et que les meilleures gagnent !<br><br \/>\nMais quelle valeur et quelle port\u00e9e aurait cette le\u00e7on de vie, si nous n&#8217;\u00e9tions pas soutenues par l&#8217;amour de nos proches, de nos amis et de tous ceux qui nous entourent. Merci !<\/p>\n<\/div>\n<div class=\"four columns\">\n<hr>\n<p><strong>CURRENT WEATHER<\/strong><\/p>\n<p><div id=\"awe-ajax-awesome-weather-paris\" class=\"awe-ajax-awesome-weather-paris awe-weather-ajax-wrap\" style=\"\"><div class=\"awe-loading\"><i class=\"wi wi-day-sunny\"><\/i><\/div><\/div><script type=\"text\/javascript\"> jQuery(document).ready(function() { awe_ajax_load({\"location\":\"Paris\",\"units\":\"F\",\"size\":\"tall\",\"override_title\":\"Paris\",\"forecast_days\":\"3\",\"hide_stats\":\"0\",\"background\":\"http:\\\/\\\/usnomadstudio.com\\\/usnomads\\\/blog\\\/wp-content\\\/uploads\\\/2014\\\/02\\\/paris-automne-photo-5-e1412846711801.jpg\",\"custom_bg_color\":\"#cccccc\",\"inline_style\":\"width: 225px; margin: 0px; float: left;\",\"id\":\"awesome-weather-paris\",\"ajaxurl\":\"http:\\\/\\\/usnomadstudio.com\\\/usnomads\\\/blog\\\/wp-admin\\\/admin-ajax.php\",\"via_ajax\":1}); }); <\/script><br><\/p>\n<p><a href=\"http:\/\/wxug.us\/1fnab\" target=\"_blank\">Nesconset<\/a> | <a href=\"http:\/\/www.wunderground.com\/weather-forecast\/zmw:05101.1.99999\" target=\"_blank\">Bellow Falls<\/a> | <a href=\"http:\/\/www.wunderground.com\/q\/zmw:84532.1.99999\" target=\"_blank\">Moab<\/a>  <\/p>\n<hr>\n<p><a href=\"http:\/\/www.pinterest.com\/teamusnomads\/\" target=\"_blank\"><img loading=\"lazy\" width=\"500\" height=\"700\" src=\"http:\/\/usnomadstudio.com\/usnomads\/blog\/wp-content\/uploads\/2015\/11\/506be08c7f520c1ec7e3f4d5a209da87.jpg\" class=\"alignleft size-full wp-image-4321\" srcset=\"http:\/\/usnomadstudio.com\/usnomads\/blog\/wp-content\/uploads\/2015\/11\/506be08c7f520c1ec7e3f4d5a209da87.jpg 500w, http:\/\/usnomadstudio.com\/usnomads\/blog\/wp-content\/uploads\/2015\/11\/506be08c7f520c1ec7e3f4d5a209da87-214x300.jpg 214w, http:\/\/usnomadstudio.com\/usnomads\/blog\/wp-content\/uploads\/2015\/11\/506be08c7f520c1ec7e3f4d5a209da87-159x223.jpg 159w, http:\/\/usnomadstudio.com\/usnomads\/blog\/wp-content\/uploads\/2015\/11\/506be08c7f520c1ec7e3f4d5a209da87-121x170.jpg 121w, http:\/\/usnomadstudio.com\/usnomads\/blog\/wp-content\/uploads\/2015\/11\/506be08c7f520c1ec7e3f4d5a209da87-486x680.jpg 486w\" sizes=\"(max-width: 500px) 100vw, 500px\" \/><\/a><\/p>\n<hr>\n<p><strong>MORE NOTES FROM THE ROAD:<\/strong><br \/>\n<a href=\"http:\/\/usnomadstudio.com\/usnomads\/blog\/?page_id=4302\">1-14 October \u2013 Vermont<\/a><br \/>\n<a href=\"http:\/\/usnomadstudio.com\/usnomads\/blog\/?page_id=4277\">September \u2013 Paris<\/a><br \/>\n<a href=\"http:\/\/usnomadstudio.com\/usnomads\/blog\/?page_id=4259\">August \u2013 Topless For Tatas<\/a><br \/>\n<a href=\"http:\/\/usnomadstudio.com\/usnomads\/blog\/?page_id=4215\">July \u2013 Rubicon Trail<\/a><br \/>\n<a href=\"http:\/\/usnomadstudio.com\/usnomads\/blog\/?page_id=4171\">June \u2013 Bantam Jeep Fest, PA roadtrip<\/a><br \/>\n<a href=\"http:\/\/usnomadstudio.com\/usnomads\/blog\/?page_id=4141\">May \u2013 Overland Expo, AZ roadtrip<\/a><br \/>\n<a href=\"http:\/\/usnomadstudio.com\/usnomads\/blog\/?page_id=4099\">April \u2013 Paris, Rausch Creek<\/a><br \/>\n<a href=\"http:\/\/usnomadstudio.com\/usnomads\/blog\/?page_id=4056\">March \u2013 Uwharrie<\/a><br \/>\n<a href=\"http:\/\/usnomadstudio.com\/usnomads\/blog\/?page_id=3960\">February \u2013 Back Home<\/a><br \/>\n<a href=\"http:\/\/usnomadstudio.com\/usnomads\/blog\/?page_id=3288\">January \u2013 Mauritania<\/a><br \/>\n<a href=\"http:\/\/usnomadstudio.com\/usnomads\/blog\/?page_id=3241\">15-31 December \u2013 Roadtrip<\/a><br \/>\n<a href=\"http:\/\/usnomadstudio.com\/usnomads\/blog\/?page_id=3154\">1-14 December \u2013 Southwest deserts<\/a><br \/>\n<a href=\"http:\/\/usnomadstudio.com\/usnomads\/blog\/?page_id=3048\">November \u2013 Paris and planning<\/a><br \/>\n<a href=\"http:\/\/usnomadstudio.com\/usnomads\/blog\/?page_id=2860\">October \u2013 Overland Expo and Workshops<\/a><br \/>\n<a href=\"http:\/\/usnomadstudio.com\/usnomads\/blog\/?page_id=2803\">September \u2013 Moab and more<\/a><br \/>\n<a href=\"http:\/\/usnomadstudio.com\/usnomads\/blog\/?portfolio=gazelle-rally-2014-recap\">The Gazelle Rally Recap<\/a><br \/>\n<a href=\"http:\/\/usnomadstudio.com\/usnomads\/blog\/?portfolio=notes-from-the-road-archive\">Archive<\/a><br><\/p>\n<hr \/>\n<p><strong>SPECIAL REPORT<\/strong><\/p>\n<p><a href=\"http:\/\/usnomadstudio.com\/usnomads\/blog\/?page_id=3320\"><img loading=\"lazy\" src=\"http:\/\/usnomadstudio.com\/usnomads\/blog\/wp-content\/uploads\/2015\/02\/nkc-street-1Slide02-300x225.jpg\" alt=\"\" width=\"300\" height=\"225\" class=\"alignnone size-medium wp-image-3392\" srcset=\"http:\/\/usnomadstudio.com\/usnomads\/blog\/wp-content\/uploads\/2015\/02\/nkc-street-1Slide02-300x225.jpg 300w, http:\/\/usnomadstudio.com\/usnomads\/blog\/wp-content\/uploads\/2015\/02\/nkc-street-1Slide02-400x300.jpg 400w, http:\/\/usnomadstudio.com\/usnomads\/blog\/wp-content\/uploads\/2015\/02\/nkc-street-1Slide02-297x223.jpg 297w, http:\/\/usnomadstudio.com\/usnomads\/blog\/wp-content\/uploads\/2015\/02\/nkc-street-1Slide02-227x170.jpg 227w, http:\/\/usnomadstudio.com\/usnomads\/blog\/wp-content\/uploads\/2015\/02\/nkc-street-1Slide02.jpg 720w\" sizes=\"(max-width: 300px) 100vw, 300px\" \/><\/a><\/p>\n<p><a href=\"http:\/\/usnomadstudio.com\/usnomads\/blog\/?page_id=3320\"><strong>SCOUTING THE SAHARA IN MAURITANIA: WAYPOINT NOUAKCHOTT<\/strong><\/a> <\/p>\n<p>The first in a series of reports from our scouting trip in Mauritania takes and indepth look at the capital city of Nouakchott, and its fishing port&#8230; <a href=\"http:\/\/usnomadstudio.com\/usnomads\/blog\/?page_id=3320\">[read]<\/a><\/p>\n<hr>\n<p><strong>MORE INFO:<\/strong><br \/>\n<a href=\"http:\/\/usnomads.org\/\" target=\"_blank\">About Team 171 US Nomads<\/a><br \/>\n<a href=\"http:\/\/usnomadstudio.com\/usnomads\/blog\/?page_id=378\" target=\"_blank\">Team Training<\/a><br \/>\n<a href=\"http:\/\/usnomadstudio.com\/usnomads\/blog\/?page_id=407\" target=\"_blank\">Practical Matters<\/a><br \/>\n<a href=\"http:\/\/usnomadstudio.com\/usnomads\/blog\/?page_id=409\" target=\"_blank\">In Our Words<\/a><br \/>\n<a href=\"http:\/\/usnomadstudio.com\/usnomads\/blog\/?page_id=411\" target=\"_blank\">Team News<\/a><br \/>\n<a href=\"mailto:feccifoto@aol.com\" target=\"_blank\">Contact Us<\/a><br><\/p>\n<hr>\n<p><strong>SPECIAL REPORT<\/strong><\/p>\n<p><a href=\"http:\/\/usnomadstudio.com\/usnomads\/blog\/?page_id=3432\"><img loading=\"lazy\" src=\"http:\/\/usnomadstudio.com\/usnomads\/blog\/wp-content\/uploads\/2015\/02\/Slider_blog_front-rallyline-300x169.jpg\" alt=\"\" width=\"300\" height=\"168\" class=\"alignleft size-medium wp-image-3122\" \/><\/a><\/p>\n<p><a href=\"http:\/\/usnomadstudio.com\/usnomads\/blog\/?page_id=3432\"><strong>ON BECOMING A GAZELLE: THE DESERT&#8217;S FIRST CHALLENGE<\/strong><\/a> <\/p>\n<p>The second installment in a series of personal reflections on our experience in the Rallye Aiche des Gazelles&#8211;Putting our skills to the test in Morocco on the first day out in the desert, known as the &#8220;Prologue,&#8221; there are a few surprises&#8230; <a href=\"http:\/\/usnomadstudio.com\/usnomads\/blog\/?page_id=3432\">[read]<\/a>\n <\/div>\n<div class=\"clear\"><\/div>\n<\/p><\/div>\n<p><\/div>\n","protected":false},"excerpt":{"rendered":"","protected":false},"author":1,"featured_media":0,"parent":1120,"menu_order":4,"comment_status":"closed","ping_status":"closed","template":"","meta":[],"_links":{"self":[{"href":"http:\/\/usnomadstudio.com\/usnomads\/blog\/index.php?rest_route=\/wp\/v2\/pages\/4306"}],"collection":[{"href":"http:\/\/usnomadstudio.com\/usnomads\/blog\/index.php?rest_route=\/wp\/v2\/pages"}],"about":[{"href":"http:\/\/usnomadstudio.com\/usnomads\/blog\/index.php?rest_route=\/wp\/v2\/types\/page"}],"author":[{"embeddable":true,"href":"http:\/\/usnomadstudio.com\/usnomads\/blog\/index.php?rest_route=\/wp\/v2\/users\/1"}],"replies":[{"embeddable":true,"href":"http:\/\/usnomadstudio.com\/usnomads\/blog\/index.php?rest_route=%2Fwp%2Fv2%2Fcomments&post=4306"}],"version-history":[{"count":20,"href":"http:\/\/usnomadstudio.com\/usnomads\/blog\/index.php?rest_route=\/wp\/v2\/pages\/4306\/revisions"}],"predecessor-version":[{"id":4904,"href":"http:\/\/usnomadstudio.com\/usnomads\/blog\/index.php?rest_route=\/wp\/v2\/pages\/4306\/revisions\/4904"}],"up":[{"embeddable":true,"href":"http:\/\/usnomadstudio.com\/usnomads\/blog\/index.php?rest_route=\/wp\/v2\/pages\/1120"}],"wp:attachment":[{"href":"http:\/\/usnomadstudio.com\/usnomads\/blog\/index.php?rest_route=%2Fwp%2Fv2%2Fmedia&parent=4306"}],"curies":[{"name":"wp","href":"https:\/\/api.w.org\/{rel}","templated":true}]}}