{"id":4302,"date":"2015-11-03T15:42:31","date_gmt":"2015-11-03T15:42:31","guid":{"rendered":"http:\/\/usnomadstudio.com\/usnomads\/blog\/?page_id=4302"},"modified":"2016-01-29T13:09:20","modified_gmt":"2016-01-29T13:09:20","slug":"notes-from-the-road-october-2015-2","status":"publish","type":"page","link":"http:\/\/usnomadstudio.com\/usnomads\/blog\/?page_id=4302","title":{"rendered":"Notes From the Road &#8212; 1-14 October 2015"},"content":{"rendered":"<div class=\"container\"><\/p>\n<div class=\"heading_wrapper\">\n<div class=\"eight columns\">\n<h2>NOTES FROM THE ROAD<\/h2>\n<hr \/>\n<p><a href=\"http:\/\/usnomadstudio.com\/usnomads\/blog\/?page_id=4306\">< more recent<\/a> | 1-15 October 2015 | <a href=\"http:\/\/usnomadstudio.com\/usnomads\/blog\/?page_id=4277\">older ><\/a> <\/p>\n<hr \/>\n<p><br><\/p>\n<h5>Last Day of Vermont Trails&#8230;<\/h5>\n<p><br><img loading=\"lazy\" src=\"http:\/\/usnomadstudio.com\/usnomads\/blog\/wp-content\/uploads\/2014\/02\/Vermont_vorday2_thruthewoods_DSCN1928_650w.jpg\" alt=\"\" width=\"650\" height=\"488\" class=\"alignleft size-full wp-image-4298\" srcset=\"http:\/\/usnomadstudio.com\/usnomads\/blog\/wp-content\/uploads\/2014\/02\/Vermont_vorday2_thruthewoods_DSCN1928_650w.jpg 650w, http:\/\/usnomadstudio.com\/usnomads\/blog\/wp-content\/uploads\/2014\/02\/Vermont_vorday2_thruthewoods_DSCN1928_650w-300x225.jpg 300w, http:\/\/usnomadstudio.com\/usnomads\/blog\/wp-content\/uploads\/2014\/02\/Vermont_vorday2_thruthewoods_DSCN1928_650w-400x300.jpg 400w, http:\/\/usnomadstudio.com\/usnomads\/blog\/wp-content\/uploads\/2014\/02\/Vermont_vorday2_thruthewoods_DSCN1928_650w-297x223.jpg 297w, http:\/\/usnomadstudio.com\/usnomads\/blog\/wp-content\/uploads\/2014\/02\/Vermont_vorday2_thruthewoods_DSCN1928_650w-226x170.jpg 226w\" sizes=\"(max-width: 650px) 100vw, 650px\" \/><\/p>\n<h6><strong>A final day navigating the backcountry trails&#8230;<\/strong><\/h6>\n<p><br><\/p>\n<p><strong>11 OCTOBER 2015:<\/strong> Finishing up the Vermont Overland Rally with another spectacular day for driving in the woods. Today was an easy day with a long scenic trail before beginning the journey home. Stunning color and a fun relaxing day &#8230;<br><\/p>\n<hr \/>\n<p><br><\/p>\n<h5>Perfect Fall Weather at Vermont Overland&#8230;<\/h5>\n<p><br><img loading=\"lazy\" src=\"http:\/\/usnomadstudio.com\/usnomads\/blog\/wp-content\/uploads\/2014\/02\/Vermont_vorday2_folliageswatches_DSCN1866_650w.jpg\" alt=\"\" width=\"650\" height=\"488\" class=\"alignleft size-full wp-image-4296\" srcset=\"http:\/\/usnomadstudio.com\/usnomads\/blog\/wp-content\/uploads\/2014\/02\/Vermont_vorday2_folliageswatches_DSCN1866_650w.jpg 650w, http:\/\/usnomadstudio.com\/usnomads\/blog\/wp-content\/uploads\/2014\/02\/Vermont_vorday2_folliageswatches_DSCN1866_650w-300x225.jpg 300w, http:\/\/usnomadstudio.com\/usnomads\/blog\/wp-content\/uploads\/2014\/02\/Vermont_vorday2_folliageswatches_DSCN1866_650w-400x300.jpg 400w, http:\/\/usnomadstudio.com\/usnomads\/blog\/wp-content\/uploads\/2014\/02\/Vermont_vorday2_folliageswatches_DSCN1866_650w-297x223.jpg 297w, http:\/\/usnomadstudio.com\/usnomads\/blog\/wp-content\/uploads\/2014\/02\/Vermont_vorday2_folliageswatches_DSCN1866_650w-226x170.jpg 226w\" sizes=\"(max-width: 650px) 100vw, 650px\" \/><\/p>\n<h6><strong>Amazing fall foliage on the trails&#8230;<\/strong><\/h6>\n<p><br><\/p>\n<p><strong>10 OCTOBER 2015:<\/strong> The weather cleared up for Day Two of the Vermont Overland Rally and we profited from the great day to check out the navigational exercises out on the Class Four roads that take us through the backwoods and small country roads in the most beautiful corners of rural Vermont. It was a perfect day for photography&#8230;<br><\/p>\n<hr \/>\n<p><br><\/p>\n<h5>Practicing Recovery at Vermont Overland&#8230;<\/h5>\n<p><br><img loading=\"lazy\" src=\"http:\/\/usnomadstudio.com\/usnomads\/blog\/wp-content\/uploads\/2014\/02\/Vermont_vorday1_oextrailrecoveryGood_IMG_5689_650w.jpg\" alt=\"\" width=\"650\" height=\"488\" class=\"alignleft size-full wp-image-4295\" srcset=\"http:\/\/usnomadstudio.com\/usnomads\/blog\/wp-content\/uploads\/2014\/02\/Vermont_vorday1_oextrailrecoveryGood_IMG_5689_650w.jpg 650w, http:\/\/usnomadstudio.com\/usnomads\/blog\/wp-content\/uploads\/2014\/02\/Vermont_vorday1_oextrailrecoveryGood_IMG_5689_650w-300x225.jpg 300w, http:\/\/usnomadstudio.com\/usnomads\/blog\/wp-content\/uploads\/2014\/02\/Vermont_vorday1_oextrailrecoveryGood_IMG_5689_650w-400x300.jpg 400w, http:\/\/usnomadstudio.com\/usnomads\/blog\/wp-content\/uploads\/2014\/02\/Vermont_vorday1_oextrailrecoveryGood_IMG_5689_650w-297x223.jpg 297w, http:\/\/usnomadstudio.com\/usnomads\/blog\/wp-content\/uploads\/2014\/02\/Vermont_vorday1_oextrailrecoveryGood_IMG_5689_650w-226x170.jpg 226w\" sizes=\"(max-width: 650px) 100vw, 650px\" \/><\/p>\n<h6><strong>Great day for a Recovery Clinic with OEX&#8230;<\/strong><\/h6>\n<p><br><\/p>\n<p><strong>9 OCTOBER 2015:<\/strong> The weather made the trails a bit more difficult, and it was a perfect day to test out all kinds of recovery scenarios with the Overland Experts team. The mud presented just the right amount of challenge to keep things interesting&#8230;<br><\/p>\n<hr \/>\n<p><br><\/p>\n<h5>Back on the Trail at Vermont Overland&#8230;<\/h5>\n<p><br><img loading=\"lazy\" src=\"http:\/\/usnomadstudio.com\/usnomads\/blog\/wp-content\/uploads\/2014\/02\/Vermont_vorday1_jeepinwoods_DSCN1654_650w.jpg\" alt=\"\" width=\"650\" height=\"488\" class=\"alignleft size-full wp-image-4284\" srcset=\"http:\/\/usnomadstudio.com\/usnomads\/blog\/wp-content\/uploads\/2014\/02\/Vermont_vorday1_jeepinwoods_DSCN1654_650w.jpg 650w, http:\/\/usnomadstudio.com\/usnomads\/blog\/wp-content\/uploads\/2014\/02\/Vermont_vorday1_jeepinwoods_DSCN1654_650w-300x225.jpg 300w, http:\/\/usnomadstudio.com\/usnomads\/blog\/wp-content\/uploads\/2014\/02\/Vermont_vorday1_jeepinwoods_DSCN1654_650w-400x300.jpg 400w, http:\/\/usnomadstudio.com\/usnomads\/blog\/wp-content\/uploads\/2014\/02\/Vermont_vorday1_jeepinwoods_DSCN1654_650w-297x223.jpg 297w, http:\/\/usnomadstudio.com\/usnomads\/blog\/wp-content\/uploads\/2014\/02\/Vermont_vorday1_jeepinwoods_DSCN1654_650w-226x170.jpg 226w\" sizes=\"(max-width: 650px) 100vw, 650px\" \/><\/p>\n<h6><strong>Kicking off the Vermont Overland Rally&#8230;<\/strong><\/h6>\n<p><br><\/p>\n<p><strong>9 OCTOBER 2015:<\/strong> It was a wet start to this year&#8217;s Vermont Overland Rally, but a great day for getting out on the trails, particularly for those who like mud. Spent much of the day on the VO property trails where we got some solid recovery practice&#8230;<br><\/p>\n<hr \/>\n<h6><a href=\"http:\/\/usnomadstudio.com\/usnomads\/blog\/?page_id=4277\">PREVIOUS NOTES FROM THE ROAD<\/a> <a href=\"http:\/\/usnomadstudio.com\/usnomads\/blog\/?page_id=4277\">><\/a> <\/h6>\n<\/p><\/div>\n<div class=\"four columns\">\n<hr \/>\n<p><strong>THIS MONTH:<\/strong><\/p>\n<p><img loading=\"lazy\" src=\"http:\/\/usnomadstudio.com\/usnomads\/blog\/wp-content\/uploads\/2014\/02\/VOTlogo-300x256.gif\" alt=\"\" width=\"300\" height=\"256\" class=\"alignleft size-medium wp-image-4264\" srcset=\"http:\/\/usnomadstudio.com\/usnomads\/blog\/wp-content\/uploads\/2014\/02\/VOTlogo-300x256.gif 300w, http:\/\/usnomadstudio.com\/usnomads\/blog\/wp-content\/uploads\/2014\/02\/VOTlogo-262x223.gif 262w, http:\/\/usnomadstudio.com\/usnomads\/blog\/wp-content\/uploads\/2014\/02\/VOTlogo-199x170.gif 199w\" sizes=\"(max-width: 300px) 100vw, 300px\" \/><br \/>\nJoining up with 200 other overlanders to enjoy the fall colors of Vermont at the annual <a href=\"http:\/\/www.vermontoverland.com\/vor\/\" target=\"_blank\">Vermont Overland Rally<\/a> in Rockingham, VT. The event includes three days of workshops, independent trail navigation, bonfires and BBQs in the picture perfect setting of rural Vermont &#8230; <br><\/p>\n<hr \/>\n<p><strong>COMING UP SOON:<\/strong><br \/>\n<img loading=\"lazy\" src=\"http:\/\/usnomadstudio.com\/usnomads\/blog\/wp-content\/uploads\/2014\/08\/zion-park-moab-featured-300x172.jpg\" alt=\"\" width=\"300\" height=\"172\" class=\"alignleft size-medium wp-image-2706\" srcset=\"http:\/\/usnomadstudio.com\/usnomads\/blog\/wp-content\/uploads\/2014\/08\/zion-park-moab-featured-300x172.jpg 300w, http:\/\/usnomadstudio.com\/usnomads\/blog\/wp-content\/uploads\/2014\/08\/zion-park-moab-featured-520x300.jpg 520w, http:\/\/usnomadstudio.com\/usnomads\/blog\/wp-content\/uploads\/2014\/08\/zion-park-moab-featured-386x223.jpg 386w, http:\/\/usnomadstudio.com\/usnomads\/blog\/wp-content\/uploads\/2014\/08\/zion-park-moab-featured-294x170.jpg 294w, http:\/\/usnomadstudio.com\/usnomads\/blog\/wp-content\/uploads\/2014\/08\/zion-park-moab-featured.jpg 680w\" sizes=\"(max-width: 300px) 100vw, 300px\" \/><br \/>\nGoing back to Moab, where it all began in 2007 with our first solo Jeep adventure on red rock. Visiting favorite trails and exploring some new challenges in navigation and expedition planning off the beaten track&#8230; <br><br><\/p>\n<p><img loading=\"lazy\" src=\"http:\/\/usnomadstudio.com\/usnomads\/blog\/wp-content\/uploads\/2015\/02\/BB4WD.jpg\" alt=\"\" width=\"300\" height=\"375\" class=\"alignnone size-full wp-image-3296\" srcset=\"http:\/\/usnomadstudio.com\/usnomads\/blog\/wp-content\/uploads\/2015\/02\/BB4WD.jpg 300w, http:\/\/usnomadstudio.com\/usnomads\/blog\/wp-content\/uploads\/2015\/02\/BB4WD-240x300.jpg 240w, http:\/\/usnomadstudio.com\/usnomads\/blog\/wp-content\/uploads\/2015\/02\/BB4WD-178x223.jpg 178w, http:\/\/usnomadstudio.com\/usnomads\/blog\/wp-content\/uploads\/2015\/02\/BB4WD-136x170.jpg 136w\" sizes=\"(max-width: 300px) 100vw, 300px\" \/><br \/>\nIntensive training on the Moab-area trails in scouting, terrain assessment, advanced driving and recovery techniques with master trainer <a href=\"http:\/\/bb4wa.com\" target=\"_blank\">Bill Burke<\/a>.<br \/>\n<br><\/p>\n<hr \/>\n<p><strong>TEAM 171 PRESENTATION<\/strong><\/p>\n<p><img loading=\"lazy\" src=\"http:\/\/usnomadstudio.com\/usnomads\/blog\/wp-content\/uploads\/2014\/02\/209_JEA_22032014_Leg3_030050-300x200.jpg\" alt=\"\" width=\"300\" height=\"200\" class=\"alignleft size-medium wp-image-2118\" srcset=\"http:\/\/usnomadstudio.com\/usnomads\/blog\/wp-content\/uploads\/2014\/02\/209_JEA_22032014_Leg3_030050-300x200.jpg 300w, http:\/\/usnomadstudio.com\/usnomads\/blog\/wp-content\/uploads\/2014\/02\/209_JEA_22032014_Leg3_030050-450x300.jpg 450w, http:\/\/usnomadstudio.com\/usnomads\/blog\/wp-content\/uploads\/2014\/02\/209_JEA_22032014_Leg3_030050-334x223.jpg 334w, http:\/\/usnomadstudio.com\/usnomads\/blog\/wp-content\/uploads\/2014\/02\/209_JEA_22032014_Leg3_030050-255x170.jpg 255w, http:\/\/usnomadstudio.com\/usnomads\/blog\/wp-content\/uploads\/2014\/02\/209_JEA_22032014_Leg3_030050.jpg 600w\" sizes=\"(max-width: 300px) 100vw, 300px\" \/><br><br \/>\nUSnomads, c&#8217;est l&#8217;histoire d&#8217;une amiti\u00e9 de plus de 20 ans, qui s&#8217;est construite \u00e0 travers le temps, les cultures, les exp\u00e9riences de la vie et des voyages. Seule l&#8217;union de deux caract\u00e8res forts et respectueux l&#8217;un de l&#8217;autre explique que nous soyons arriv\u00e9es \u00e0 nos fins dans chacun de nos d\u00e9fis.<br><br \/>\nCeci est notre premi\u00e8re participation au Rallye des gazelles et nous ne sommes pas des professionels, mais JoMarie a une certaine exp\u00e9rience de l&#8217;Afrique et des situations d&#8217;urgence. D&#8217;autre part, elle s&#8217;est totalement investie dans la pr\u00e9paration de cette course et Isabelle s&#8217;est r\u00e9cemment mise \u00e0 la navigation.<br><br \/>\nLe Rallye des gazelles dans le d\u00e9sert marocain sera le th\u00e9\u00e2tre d&#8217;une nouvelle \u00e9preuve pour nous : une Jeep, une boussole, une carte et tout le pouvoir de notre volont\u00e9 d&#8217;y parvenir fera le reste.<br><br \/>\nCe d\u00e9fi sportif s&#8217;inscrit dans un projet humain plus large, celui de traverser le d\u00e9sert du Sahara d&#8217;Ouest en Est dans l&#8217;espoir d&#8217;accompagner les \u00e9quipes d&#8217;ONG dans leurs micro-projets d&#8217;aide aux peuplades nomades locales. JoMarie en produira un film documentaire qui donnera \u00e0 mieux connaitre les hommes de cette partie du monde.<br><br \/>\nL&#8217;\u00e9quipe 171 prendra fi\u00e8rement son envol le 15 mars 2014 avec toutes les autres participantes ! Et que les meilleures gagnent !<br><br \/>\nMais quelle valeur et quelle port\u00e9e aurait cette le\u00e7on de vie, si nous n&#8217;\u00e9tions pas soutenues par l&#8217;amour de nos proches, de nos amis et de tous ceux qui nous entourent. Merci !<\/p>\n<\/div>\n<div class=\"four columns\">\n<hr>\n<p><strong>CURRENT WEATHER<\/strong><\/p>\n<p><div id=\"awe-ajax-awesome-weather-paris\" class=\"awe-ajax-awesome-weather-paris awe-weather-ajax-wrap\" style=\"\"><div class=\"awe-loading\"><i class=\"wi wi-day-sunny\"><\/i><\/div><\/div><script type=\"text\/javascript\"> jQuery(document).ready(function() { awe_ajax_load({\"location\":\"Paris\",\"units\":\"F\",\"size\":\"tall\",\"override_title\":\"Paris\",\"forecast_days\":\"3\",\"hide_stats\":\"0\",\"background\":\"http:\\\/\\\/usnomadstudio.com\\\/usnomads\\\/blog\\\/wp-content\\\/uploads\\\/2014\\\/02\\\/paris-automne-photo-5-e1412846711801.jpg\",\"custom_bg_color\":\"#cccccc\",\"inline_style\":\"width: 225px; margin: 0px; float: left;\",\"id\":\"awesome-weather-paris\",\"ajaxurl\":\"http:\\\/\\\/usnomadstudio.com\\\/usnomads\\\/blog\\\/wp-admin\\\/admin-ajax.php\",\"via_ajax\":1}); }); <\/script><br><\/p>\n<p><a href=\"http:\/\/wxug.us\/1fnab\" target=\"_blank\">Nesconset<\/a> | <a href=\"http:\/\/www.wunderground.com\/weather-forecast\/zmw:05101.1.99999\" target=\"_blank\">Bellow Falls<\/a> | <a href=\"http:\/\/www.wunderground.com\/q\/zmw:84532.1.99999\" target=\"_blank\">Moab<\/a>  <\/p>\n<hr>\n<p><a href=\"http:\/\/www.pinterest.com\/teamusnomads\/\" target=\"_blank\"><img loading=\"lazy\" src=\"http:\/\/usnomadstudio.com\/usnomads\/blog\/wp-content\/uploads\/2014\/02\/01c8a41d60fca5d53bb353e3b9c4a57b-613x1024.jpg\" alt=\"\" width=\"613\" height=\"1024\" class=\"alignleft size-large wp-image-4292\" srcset=\"http:\/\/usnomadstudio.com\/usnomads\/blog\/wp-content\/uploads\/2014\/02\/01c8a41d60fca5d53bb353e3b9c4a57b-613x1024.jpg 613w, http:\/\/usnomadstudio.com\/usnomads\/blog\/wp-content\/uploads\/2014\/02\/01c8a41d60fca5d53bb353e3b9c4a57b-180x300.jpg 180w, http:\/\/usnomadstudio.com\/usnomads\/blog\/wp-content\/uploads\/2014\/02\/01c8a41d60fca5d53bb353e3b9c4a57b-133x223.jpg 133w, http:\/\/usnomadstudio.com\/usnomads\/blog\/wp-content\/uploads\/2014\/02\/01c8a41d60fca5d53bb353e3b9c4a57b-102x170.jpg 102w, http:\/\/usnomadstudio.com\/usnomads\/blog\/wp-content\/uploads\/2014\/02\/01c8a41d60fca5d53bb353e3b9c4a57b-407x680.jpg 407w, http:\/\/usnomadstudio.com\/usnomads\/blog\/wp-content\/uploads\/2014\/02\/01c8a41d60fca5d53bb353e3b9c4a57b.jpg 736w\" sizes=\"(max-width: 613px) 100vw, 613px\" \/><\/a><\/p>\n<hr>\n<p><strong>MORE NOTES FROM THE ROAD:<\/strong><br \/>\n<a href=\"http:\/\/usnomadstudio.com\/usnomads\/blog\/?page_id=4277\">September \u2013 Paris<\/a><br \/>\n<a href=\"http:\/\/usnomadstudio.com\/usnomads\/blog\/?page_id=4259\">August \u2013 Topless For Tatas<\/a><br \/>\n<a href=\"http:\/\/usnomadstudio.com\/usnomads\/blog\/?page_id=4215\">July \u2013 Rubicon Trail<\/a><br \/>\n<a href=\"http:\/\/usnomadstudio.com\/usnomads\/blog\/?page_id=4171\">June \u2013 Bantam Jeep Fest, PA roadtrip<\/a><br \/>\n<a href=\"http:\/\/usnomadstudio.com\/usnomads\/blog\/?page_id=4141\">May \u2013 Overland Expo, AZ roadtrip<\/a><br \/>\n<a href=\"http:\/\/usnomadstudio.com\/usnomads\/blog\/?page_id=4099\">April \u2013 Paris, Rausch Creek<\/a><br \/>\n<a href=\"http:\/\/usnomadstudio.com\/usnomads\/blog\/?page_id=4056\">March \u2013 Uwharrie<\/a><br \/>\n<a href=\"http:\/\/usnomadstudio.com\/usnomads\/blog\/?page_id=3960\">February \u2013 Back Home<\/a><br \/>\n<a href=\"http:\/\/usnomadstudio.com\/usnomads\/blog\/?page_id=3288\">January \u2013 Mauritania<\/a><br \/>\n<a href=\"http:\/\/usnomadstudio.com\/usnomads\/blog\/?page_id=3241\">15-31 December \u2013 Roadtrip<\/a><br \/>\n<a href=\"http:\/\/usnomadstudio.com\/usnomads\/blog\/?page_id=3154\">1-14 December \u2013 Southwest deserts<\/a><br \/>\n<a href=\"http:\/\/usnomadstudio.com\/usnomads\/blog\/?page_id=3048\">November \u2013 Paris and planning<\/a><br \/>\n<a href=\"http:\/\/usnomadstudio.com\/usnomads\/blog\/?page_id=2860\">October \u2013 Overland Expo and Workshops<\/a><br \/>\n<a href=\"http:\/\/usnomadstudio.com\/usnomads\/blog\/?page_id=2803\">September \u2013 Moab and more<\/a><br \/>\n<a href=\"http:\/\/usnomadstudio.com\/usnomads\/blog\/?portfolio=gazelle-rally-2014-recap\">The Gazelle Rally Recap<\/a><br \/>\n<a href=\"http:\/\/usnomadstudio.com\/usnomads\/blog\/?portfolio=notes-from-the-road-archive\">Archive<\/a><br><\/p>\n<hr \/>\n<p><strong>SPECIAL REPORT<\/strong><\/p>\n<p><a href=\"http:\/\/usnomadstudio.com\/usnomads\/blog\/?page_id=3320\"><img loading=\"lazy\" src=\"http:\/\/usnomadstudio.com\/usnomads\/blog\/wp-content\/uploads\/2015\/02\/nkc-street-1Slide02-300x225.jpg\" alt=\"\" width=\"300\" height=\"225\" class=\"alignnone size-medium wp-image-3392\" srcset=\"http:\/\/usnomadstudio.com\/usnomads\/blog\/wp-content\/uploads\/2015\/02\/nkc-street-1Slide02-300x225.jpg 300w, http:\/\/usnomadstudio.com\/usnomads\/blog\/wp-content\/uploads\/2015\/02\/nkc-street-1Slide02-400x300.jpg 400w, http:\/\/usnomadstudio.com\/usnomads\/blog\/wp-content\/uploads\/2015\/02\/nkc-street-1Slide02-297x223.jpg 297w, http:\/\/usnomadstudio.com\/usnomads\/blog\/wp-content\/uploads\/2015\/02\/nkc-street-1Slide02-227x170.jpg 227w, http:\/\/usnomadstudio.com\/usnomads\/blog\/wp-content\/uploads\/2015\/02\/nkc-street-1Slide02.jpg 720w\" sizes=\"(max-width: 300px) 100vw, 300px\" \/><\/a><\/p>\n<p><a href=\"http:\/\/usnomadstudio.com\/usnomads\/blog\/?page_id=3320\"><strong>SCOUTING THE SAHARA IN MAURITANIA: WAYPOINT NOUAKCHOTT<\/strong><\/a> <\/p>\n<p>The first in a series of reports from our scouting trip in Mauritania takes and indepth look at the capital city of Nouakchott, and its fishing port&#8230; <a href=\"http:\/\/usnomadstudio.com\/usnomads\/blog\/?page_id=3320\">[read]<\/a><\/p>\n<hr>\n<p><strong>MORE INFO:<\/strong><br \/>\n<a href=\"http:\/\/usnomads.org\/\" target=\"_blank\">About Team 171 US Nomads<\/a><br \/>\n<a href=\"http:\/\/usnomadstudio.com\/usnomads\/blog\/?page_id=378\" target=\"_blank\">Team Training<\/a><br \/>\n<a href=\"http:\/\/usnomadstudio.com\/usnomads\/blog\/?page_id=407\" target=\"_blank\">Practical Matters<\/a><br \/>\n<a href=\"http:\/\/usnomadstudio.com\/usnomads\/blog\/?page_id=409\" target=\"_blank\">In Our Words<\/a><br \/>\n<a href=\"http:\/\/usnomadstudio.com\/usnomads\/blog\/?page_id=411\" target=\"_blank\">Team News<\/a><br \/>\n<a href=\"mailto:feccifoto@aol.com\" target=\"_blank\">Contact Us<\/a><br><\/p>\n<hr>\n<p><strong>SPECIAL REPORT<\/strong><\/p>\n<p><a href=\"http:\/\/usnomadstudio.com\/usnomads\/blog\/?page_id=3432\"><img loading=\"lazy\" src=\"http:\/\/usnomadstudio.com\/usnomads\/blog\/wp-content\/uploads\/2015\/02\/Slider_blog_front-rallyline-300x169.jpg\" alt=\"\" width=\"300\" height=\"168\" class=\"alignleft size-medium wp-image-3122\" \/><\/a><\/p>\n<p><a href=\"http:\/\/usnomadstudio.com\/usnomads\/blog\/?page_id=3432\"><strong>ON BECOMING A GAZELLE: THE DESERT&#8217;S FIRST CHALLENGE<\/strong><\/a> <\/p>\n<p>The second installment in a series of personal reflections on our experience in the Rallye Aiche des Gazelles&#8211;Putting our skills to the test in Morocco on the first day out in the desert, known as the &#8220;Prologue,&#8221; there are a few surprises&#8230; <a href=\"http:\/\/usnomadstudio.com\/usnomads\/blog\/?page_id=3432\">[read]<\/a>\n <\/div>\n<div class=\"clear\"><\/div>\n<\/p><\/div>\n<p><\/div>\n","protected":false},"excerpt":{"rendered":"","protected":false},"author":1,"featured_media":0,"parent":1120,"menu_order":2,"comment_status":"closed","ping_status":"closed","template":"","meta":[],"_links":{"self":[{"href":"http:\/\/usnomadstudio.com\/usnomads\/blog\/index.php?rest_route=\/wp\/v2\/pages\/4302"}],"collection":[{"href":"http:\/\/usnomadstudio.com\/usnomads\/blog\/index.php?rest_route=\/wp\/v2\/pages"}],"about":[{"href":"http:\/\/usnomadstudio.com\/usnomads\/blog\/index.php?rest_route=\/wp\/v2\/types\/page"}],"author":[{"embeddable":true,"href":"http:\/\/usnomadstudio.com\/usnomads\/blog\/index.php?rest_route=\/wp\/v2\/users\/1"}],"replies":[{"embeddable":true,"href":"http:\/\/usnomadstudio.com\/usnomads\/blog\/index.php?rest_route=%2Fwp%2Fv2%2Fcomments&post=4302"}],"version-history":[{"count":7,"href":"http:\/\/usnomadstudio.com\/usnomads\/blog\/index.php?rest_route=\/wp\/v2\/pages\/4302\/revisions"}],"predecessor-version":[{"id":4315,"href":"http:\/\/usnomadstudio.com\/usnomads\/blog\/index.php?rest_route=\/wp\/v2\/pages\/4302\/revisions\/4315"}],"up":[{"embeddable":true,"href":"http:\/\/usnomadstudio.com\/usnomads\/blog\/index.php?rest_route=\/wp\/v2\/pages\/1120"}],"wp:attachment":[{"href":"http:\/\/usnomadstudio.com\/usnomads\/blog\/index.php?rest_route=%2Fwp%2Fv2%2Fmedia&parent=4302"}],"curies":[{"name":"wp","href":"https:\/\/api.w.org\/{rel}","templated":true}]}}