{"id":4259,"date":"2015-09-24T10:24:42","date_gmt":"2015-09-24T10:24:42","guid":{"rendered":"http:\/\/usnomadstudio.com\/usnomads\/blog\/?page_id=4259"},"modified":"2016-01-29T13:11:20","modified_gmt":"2016-01-29T13:11:20","slug":"notes-from-the-road-august-2015","status":"publish","type":"page","link":"http:\/\/usnomadstudio.com\/usnomads\/blog\/?page_id=4259","title":{"rendered":"Notes From the Road &#8212; August 2015"},"content":{"rendered":"<div class=\"container\"><\/p>\n<div class=\"heading_wrapper\">\n<div class=\"eight columns\">\n<h2>NOTES FROM THE ROAD<\/h2>\n<hr \/>\n<p><a href=\"http:\/\/usnomadstudio.com\/usnomads\/blog\/?page_id=4277\">< more recent<\/a> | August 2015 | <a href=\"http:\/\/usnomadstudio.com\/usnomads\/blog\/?page_id=4215\">older ><\/a> <\/p>\n<hr \/>\n<p><br><\/p>\n<h5>More Jeep Fun at TFT&#8230;<\/h5>\n<p><br><img loading=\"lazy\" src=\"http:\/\/usnomadstudio.com\/usnomads\/blog\/wp-content\/uploads\/2014\/02\/TFT_AUG2015_SUN_JeepOutWaterPitMark_DSC_0729_650w.jpg\" alt=\"\" width=\"650\" height=\"432\" class=\"alignleft size-full wp-image-4249\" srcset=\"http:\/\/usnomadstudio.com\/usnomads\/blog\/wp-content\/uploads\/2014\/02\/TFT_AUG2015_SUN_JeepOutWaterPitMark_DSC_0729_650w.jpg 650w, http:\/\/usnomadstudio.com\/usnomads\/blog\/wp-content\/uploads\/2014\/02\/TFT_AUG2015_SUN_JeepOutWaterPitMark_DSC_0729_650w-300x199.jpg 300w, http:\/\/usnomadstudio.com\/usnomads\/blog\/wp-content\/uploads\/2014\/02\/TFT_AUG2015_SUN_JeepOutWaterPitMark_DSC_0729_650w-451x300.jpg 451w, http:\/\/usnomadstudio.com\/usnomads\/blog\/wp-content\/uploads\/2014\/02\/TFT_AUG2015_SUN_JeepOutWaterPitMark_DSC_0729_650w-336x223.jpg 336w, http:\/\/usnomadstudio.com\/usnomads\/blog\/wp-content\/uploads\/2014\/02\/TFT_AUG2015_SUN_JeepOutWaterPitMark_DSC_0729_650w-256x170.jpg 256w\" sizes=\"(max-width: 650px) 100vw, 650px\" \/><\/p>\n<h6><strong>The Green\/101 group gets bolder &#8230;<\/strong><\/h6>\n<p><br><\/p>\n<p><strong>9 AUGUST 2015:<\/strong> The Green\/101 group was ready for more challenges on the final day of <a href=\"http:\/\/toplessfortatas.com\" target=\"_blank\">Topless for Tatas<\/a>. Took the group over bigger rocks, steeper hills and a fun water crossing. Was great to see folks building up confidence and learning how much their Jeeps could do&#8230;<br><\/p>\n<hr \/>\n<p><br><\/p>\n<h5>A Great Day Out on the Trail&#8230;<\/h5>\n<p><br><img loading=\"lazy\" src=\"http:\/\/usnomadstudio.com\/usnomads\/blog\/wp-content\/uploads\/2014\/02\/TFT_AUG2015_SAT_ourGroup_byTamara_retouched_650w.jpg\" alt=\"\" width=\"650\" height=\"390\" class=\"alignleft size-full wp-image-4246\" srcset=\"http:\/\/usnomadstudio.com\/usnomads\/blog\/wp-content\/uploads\/2014\/02\/TFT_AUG2015_SAT_ourGroup_byTamara_retouched_650w.jpg 650w, http:\/\/usnomadstudio.com\/usnomads\/blog\/wp-content\/uploads\/2014\/02\/TFT_AUG2015_SAT_ourGroup_byTamara_retouched_650w-300x180.jpg 300w, http:\/\/usnomadstudio.com\/usnomads\/blog\/wp-content\/uploads\/2014\/02\/TFT_AUG2015_SAT_ourGroup_byTamara_retouched_650w-500x300.jpg 500w, http:\/\/usnomadstudio.com\/usnomads\/blog\/wp-content\/uploads\/2014\/02\/TFT_AUG2015_SAT_ourGroup_byTamara_retouched_650w-372x223.jpg 372w, http:\/\/usnomadstudio.com\/usnomads\/blog\/wp-content\/uploads\/2014\/02\/TFT_AUG2015_SAT_ourGroup_byTamara_retouched_650w-283x170.jpg 283w\" sizes=\"(max-width: 650px) 100vw, 650px\" \/><\/p>\n<h6><strong>A fun group out on the Green\/101 course &#8230;<\/strong><\/h6>\n<p><br><\/p>\n<p><strong>8 AUGUST 2015:<\/strong> Guided a great group of people (and Jeeps) on the Green\/101 trails at Rausch Creek today at <a href=\"http:\/\/toplessfortatas.com\" target=\"_blank\">Topless for Tatas<\/a>. Was a perfect day for wheeling, and the group had a good time getting to better know the park and their Jeeps&#8217; capabilities on this kind of terrain. Big smiles, dirty Jeeps, no damage and no one got stuck &#8212; was a successful day&#8230;<br><\/p>\n<hr \/>\n<p><br><\/p>\n<h5>700 Jeeps Raise Funds for a Cure&#8230;<\/h5>\n<p><br><img loading=\"lazy\" src=\"http:\/\/usnomadstudio.com\/usnomads\/blog\/wp-content\/uploads\/2014\/02\/TFT_AUG2015_SAT_JeepsOverviewRubi_DSC_0568_650w.jpg\" alt=\"\" width=\"650\" height=\"432\" class=\"alignleft size-full wp-image-4240\" srcset=\"http:\/\/usnomadstudio.com\/usnomads\/blog\/wp-content\/uploads\/2014\/02\/TFT_AUG2015_SAT_JeepsOverviewRubi_DSC_0568_650w.jpg 650w, http:\/\/usnomadstudio.com\/usnomads\/blog\/wp-content\/uploads\/2014\/02\/TFT_AUG2015_SAT_JeepsOverviewRubi_DSC_0568_650w-300x199.jpg 300w, http:\/\/usnomadstudio.com\/usnomads\/blog\/wp-content\/uploads\/2014\/02\/TFT_AUG2015_SAT_JeepsOverviewRubi_DSC_0568_650w-451x300.jpg 451w, http:\/\/usnomadstudio.com\/usnomads\/blog\/wp-content\/uploads\/2014\/02\/TFT_AUG2015_SAT_JeepsOverviewRubi_DSC_0568_650w-336x223.jpg 336w, http:\/\/usnomadstudio.com\/usnomads\/blog\/wp-content\/uploads\/2014\/02\/TFT_AUG2015_SAT_JeepsOverviewRubi_DSC_0568_650w-256x170.jpg 256w\" sizes=\"(max-width: 650px) 100vw, 650px\" \/><\/p>\n<h6><strong>Topless for Tatas 7 gets started &#8230;<\/strong><\/h6>\n<p><br><\/p>\n<p><strong>8 AUGUST 2015:<\/strong> 700 Jeeps lined up in the staging area this morning as the 7th Annual <a href=\"http:\/\/toplessfortatas.com\" target=\"_blank\">Topless for Tatas<\/a> charity 4-wheeling event got underway. Event participants and organizers hope to raise even more than last year&#8217;s $31,000+ for breast cancer research. Lucky number 7 was everywhere: 7th year of the event, August 7th, 7 slots on the Jeep grill, and 700 Jeeps&#8230;<br><\/p>\n<hr \/>\n<p><br><\/p>\n<h5>Vendor Show Opens the Event&#8230;<\/h5>\n<p><br><img loading=\"lazy\" width=\"650\" height=\"488\" src=\"http:\/\/usnomadstudio.com\/usnomads\/blog\/wp-content\/uploads\/2014\/02\/TFT_AUG2015_FRI_vendorshow_DSCF8440_650w.jpg\" class=\"alignleft size-medium wp-image-4234\" srcset=\"http:\/\/usnomadstudio.com\/usnomads\/blog\/wp-content\/uploads\/2014\/02\/TFT_AUG2015_FRI_vendorshow_DSCF8440_650w.jpg 650w, http:\/\/usnomadstudio.com\/usnomads\/blog\/wp-content\/uploads\/2014\/02\/TFT_AUG2015_FRI_vendorshow_DSCF8440_650w-300x225.jpg 300w, http:\/\/usnomadstudio.com\/usnomads\/blog\/wp-content\/uploads\/2014\/02\/TFT_AUG2015_FRI_vendorshow_DSCF8440_650w-400x300.jpg 400w, http:\/\/usnomadstudio.com\/usnomads\/blog\/wp-content\/uploads\/2014\/02\/TFT_AUG2015_FRI_vendorshow_DSCF8440_650w-297x223.jpg 297w, http:\/\/usnomadstudio.com\/usnomads\/blog\/wp-content\/uploads\/2014\/02\/TFT_AUG2015_FRI_vendorshow_DSCF8440_650w-226x170.jpg 226w\" sizes=\"(max-width: 650px) 100vw, 650px\" \/><\/p>\n<h6><strong>A chance to check out some good deals &#8230;<\/strong><\/h6>\n<p><br><\/p>\n<p><strong>7 AUGUST 2015:<\/strong> People took advantage of registration day to do some shopping or just check out what was available from vendors and sponsors of the 7th Annual <a href=\"http:\/\/toplessfortatas.com\" target=\"_blank\">Topless for Tatas<\/a> charity 4-wheeling event. The great summer weather encouraged folks to linger&#8230;<br><\/p>\n<hr \/>\n<p><br><\/p>\n<h5>On the Road to TFT7&#8230;<\/h5>\n<p><br><img loading=\"lazy\" src=\"http:\/\/usnomadstudio.com\/usnomads\/blog\/wp-content\/uploads\/2014\/02\/TFT_AUG2015_roadtriptoPA_leavingNY_DSCF8374_650w.jpg\" alt=\"\" width=\"650\" height=\"488\" class=\"alignleft size-full wp-image-4218\" srcset=\"http:\/\/usnomadstudio.com\/usnomads\/blog\/wp-content\/uploads\/2014\/02\/TFT_AUG2015_roadtriptoPA_leavingNY_DSCF8374_650w.jpg 650w, http:\/\/usnomadstudio.com\/usnomads\/blog\/wp-content\/uploads\/2014\/02\/TFT_AUG2015_roadtriptoPA_leavingNY_DSCF8374_650w-300x225.jpg 300w, http:\/\/usnomadstudio.com\/usnomads\/blog\/wp-content\/uploads\/2014\/02\/TFT_AUG2015_roadtriptoPA_leavingNY_DSCF8374_650w-400x300.jpg 400w, http:\/\/usnomadstudio.com\/usnomads\/blog\/wp-content\/uploads\/2014\/02\/TFT_AUG2015_roadtriptoPA_leavingNY_DSCF8374_650w-297x223.jpg 297w, http:\/\/usnomadstudio.com\/usnomads\/blog\/wp-content\/uploads\/2014\/02\/TFT_AUG2015_roadtriptoPA_leavingNY_DSCF8374_650w-226x170.jpg 226w\" sizes=\"(max-width: 650px) 100vw, 650px\" \/><\/p>\n<h6><strong>Getting an early start on the trip to Rausch Creek &#8230;<\/strong><\/h6>\n<p><br><\/p>\n<p><strong>5 AUGUST 2015:<\/strong> Hit the road again, westward bound towards <a href=\"http:\/\/rc4x4.org\" target=\"_blank\">Rausch Creek<\/a> for the 7th Annual <a href=\"http:\/\/toplessfortatas.com\" target=\"_blank\">Topless for Tatas<\/a> charity 4-wheeling event that is happening this weekend. 700 Jeeps will be gathering to participate in a fun weekend out on the trails while raising funds for breast cancer research&#8230;<br><\/p>\n<hr \/>\n<h6><a href=\"http:\/\/usnomadstudio.com\/usnomads\/blog\/?page_id=4215\">PREVIOUS NOTES FROM THE ROAD<\/a> <a href=\"http:\/\/usnomadstudio.com\/usnomads\/blog\/?page_id=4215\">><\/a><br \/>\n<\/h6>\n<\/p><\/div>\n<div class=\"four columns\">\n<hr \/>\n<p><strong>THIS MONTH:<\/strong><br \/>\n<img loading=\"lazy\" src=\"http:\/\/usnomadstudio.com\/usnomads\/blog\/wp-content\/uploads\/2014\/08\/TFT_650w-300x225.jpg\" alt=\"\" width=\"300\" height=\"225\" class=\"alignleft size-medium wp-image-2705\" srcset=\"http:\/\/usnomadstudio.com\/usnomads\/blog\/wp-content\/uploads\/2014\/08\/TFT_650w-300x225.jpg 300w, http:\/\/usnomadstudio.com\/usnomads\/blog\/wp-content\/uploads\/2014\/08\/TFT_650w-399x300.jpg 399w, http:\/\/usnomadstudio.com\/usnomads\/blog\/wp-content\/uploads\/2014\/08\/TFT_650w-297x223.jpg 297w, http:\/\/usnomadstudio.com\/usnomads\/blog\/wp-content\/uploads\/2014\/08\/TFT_650w-226x170.jpg 226w, http:\/\/usnomadstudio.com\/usnomads\/blog\/wp-content\/uploads\/2014\/08\/TFT_650w.jpg 650w\" sizes=\"(max-width: 300px) 100vw, 300px\" \/><br \/>\nWill be heading out to Rausch Creek this August for the 7th annual <a href=\"http:\/\/toplessfortatas.com\" target=\"_blank\">Topless for Tatas Charity Wheeling Event<\/a>. TFT brings together off-roaders from all over to raise awareness about Breast Cancer and raise funds for the American Cancer Society. This year over 700 vehicles are expected to participate, in hopes of raising over $26,000 for the Breast Cancer Research Foundation &#8230;<br \/>\n<br><\/p>\n<hr \/>\n<p><strong>COMING UP SOON:<\/strong><\/p>\n<p><img loading=\"lazy\" src=\"http:\/\/usnomadstudio.com\/usnomads\/blog\/wp-content\/uploads\/2014\/02\/mongoliampa-300x192.gif\" alt=\"\" width=\"300\" height=\"192\" class=\"alignleft size-medium wp-image-4220\" srcset=\"http:\/\/usnomadstudio.com\/usnomads\/blog\/wp-content\/uploads\/2014\/02\/mongoliampa-300x192.gif 300w, http:\/\/usnomadstudio.com\/usnomads\/blog\/wp-content\/uploads\/2014\/02\/mongoliampa-468x300.gif 468w, http:\/\/usnomadstudio.com\/usnomads\/blog\/wp-content\/uploads\/2014\/02\/mongoliampa-348x223.gif 348w, http:\/\/usnomadstudio.com\/usnomads\/blog\/wp-content\/uploads\/2014\/02\/mongoliampa-265x170.gif 265w\" sizes=\"(max-width: 300px) 100vw, 300px\" \/><br \/>\nThis September will be part of an expedition team headed to Mongolia with <a href=\"http:\/\/www.overlandexperts.com\/industrial\/training\/\" target=\"_blank\">Overland Experts<\/a> on a mission to work with nomadic herders in the Gobi desert. The team will be providing support for the <a href=\"http:\/\/bankhar.org\/?page_id=40\" target=\"_blank\">The Mongolian Bankhar Dog Project<\/a>, which aims to help save a way of life for the Mongolian Nomads and at the same time protect a fragile environment &#8230; <br><\/p>\n<hr \/>\n<p><strong>ABOUT TOPLESS FOR TATAS:<\/strong><\/p>\n<p><img loading=\"lazy\" src=\"http:\/\/usnomadstudio.com\/usnomads\/blog\/wp-content\/uploads\/2014\/02\/Screen-Shot-2015-08-11-at-4.37.57-PM-300x192.png\" alt=\"\" width=\"300\" height=\"192\" class=\"alignleft size-medium wp-image-4251\" srcset=\"http:\/\/usnomadstudio.com\/usnomads\/blog\/wp-content\/uploads\/2014\/02\/Screen-Shot-2015-08-11-at-4.37.57-PM-300x192.png 300w, http:\/\/usnomadstudio.com\/usnomads\/blog\/wp-content\/uploads\/2014\/02\/Screen-Shot-2015-08-11-at-4.37.57-PM-349x223.png 349w, http:\/\/usnomadstudio.com\/usnomads\/blog\/wp-content\/uploads\/2014\/02\/Screen-Shot-2015-08-11-at-4.37.57-PM-266x170.png 266w, http:\/\/usnomadstudio.com\/usnomads\/blog\/wp-content\/uploads\/2014\/02\/Screen-Shot-2015-08-11-at-4.37.57-PM.png 465w\" sizes=\"(max-width: 300px) 100vw, 300px\" \/><br \/>\n<a href=\"http:\/\/toplessfortatas.com\" target=\"_blank\">Topless For Tatas<\/a> began in 2009 when 65 4&#215;4&#8217;s joined Chantelle Kern at Rausch Creek Off-road park to raise funds for the American Cancer Society, starting the tradition that continues today. Last year over 500 vehicles attended, raising $31,066.85 that was donated to the Breast Cancer Research Foundation (BCRF). The funds are used to assist researchers and doctors working to find a cure. Topless for TATAs is a charitable organization, run entirely by volunteers, and all proceeds from the event, raffle and merchandise sales are donated directy to the BCRF&#8230; <br><\/p>\n<hr \/>\n<p><strong>ABOUT RAUSCH CREEK:<\/strong><\/p>\n<p><img loading=\"lazy\" src=\"http:\/\/usnomadstudio.com\/usnomads\/blog\/wp-content\/uploads\/2014\/02\/Screen-Shot-2015-08-11-at-4.46.54-PM-300x165.png\" alt=\"\" width=\"300\" height=\"165\" class=\"alignleft size-medium wp-image-4253\" srcset=\"http:\/\/usnomadstudio.com\/usnomads\/blog\/wp-content\/uploads\/2014\/02\/Screen-Shot-2015-08-11-at-4.46.54-PM-300x165.png 300w, http:\/\/usnomadstudio.com\/usnomads\/blog\/wp-content\/uploads\/2014\/02\/Screen-Shot-2015-08-11-at-4.46.54-PM-544x300.png 544w, http:\/\/usnomadstudio.com\/usnomads\/blog\/wp-content\/uploads\/2014\/02\/Screen-Shot-2015-08-11-at-4.46.54-PM-405x223.png 405w, http:\/\/usnomadstudio.com\/usnomads\/blog\/wp-content\/uploads\/2014\/02\/Screen-Shot-2015-08-11-at-4.46.54-PM-308x170.png 308w, http:\/\/usnomadstudio.com\/usnomads\/blog\/wp-content\/uploads\/2014\/02\/Screen-Shot-2015-08-11-at-4.46.54-PM.png 722w\" sizes=\"(max-width: 300px) 100vw, 300px\" \/><br \/>\n<a href=\"http:\/\/rc4x4.org\" target=\"_blank\">Rausch Creek Off Road Park<\/a> is devoted to providing a fun, legal place for off-road enthusiasts to go four-wheeling. The park consists of almost 3,000 acres of easy, intermediate, and difficult trails featuring rocks, bowls, hills, club friendly trails, and free, on-site camping. The park is located in Pine Grove, in Schuylkill County, the heart of the anthracite Coal Region of Eastern Pennsylvania. It can be reached by Interstate 81 (exit 107, south via Route 209) or Interstate 78 (exit 13, north via PA-501). <br><\/p>\n<hr \/>\n<p><strong>TEAM 171 PRESENTATION<\/strong><\/p>\n<p><img loading=\"lazy\" src=\"http:\/\/usnomadstudio.com\/usnomads\/blog\/wp-content\/uploads\/2014\/02\/209_JEA_22032014_Leg3_030050-300x200.jpg\" alt=\"\" width=\"300\" height=\"200\" class=\"alignleft size-medium wp-image-2118\" srcset=\"http:\/\/usnomadstudio.com\/usnomads\/blog\/wp-content\/uploads\/2014\/02\/209_JEA_22032014_Leg3_030050-300x200.jpg 300w, http:\/\/usnomadstudio.com\/usnomads\/blog\/wp-content\/uploads\/2014\/02\/209_JEA_22032014_Leg3_030050-450x300.jpg 450w, http:\/\/usnomadstudio.com\/usnomads\/blog\/wp-content\/uploads\/2014\/02\/209_JEA_22032014_Leg3_030050-334x223.jpg 334w, http:\/\/usnomadstudio.com\/usnomads\/blog\/wp-content\/uploads\/2014\/02\/209_JEA_22032014_Leg3_030050-255x170.jpg 255w, http:\/\/usnomadstudio.com\/usnomads\/blog\/wp-content\/uploads\/2014\/02\/209_JEA_22032014_Leg3_030050.jpg 600w\" sizes=\"(max-width: 300px) 100vw, 300px\" \/><br><br \/>\nUSnomads, c&#8217;est l&#8217;histoire d&#8217;une amiti\u00e9 de plus de 20 ans, qui s&#8217;est construite \u00e0 travers le temps, les cultures, les exp\u00e9riences de la vie et des voyages. Seule l&#8217;union de deux caract\u00e8res forts et respectueux l&#8217;un de l&#8217;autre explique que nous soyons arriv\u00e9es \u00e0 nos fins dans chacun de nos d\u00e9fis.<br><br \/>\nCeci est notre premi\u00e8re participation au Rallye des gazelles et nous ne sommes pas des professionels, mais JoMarie a une certaine exp\u00e9rience de l&#8217;Afrique et des situations d&#8217;urgence. D&#8217;autre part, elle s&#8217;est totalement investie dans la pr\u00e9paration de cette course et Isabelle s&#8217;est r\u00e9cemment mise \u00e0 la navigation.<br><br \/>\nLe Rallye des gazelles dans le d\u00e9sert marocain sera le th\u00e9\u00e2tre d&#8217;une nouvelle \u00e9preuve pour nous : une Jeep, une boussole, une carte et tout le pouvoir de notre volont\u00e9 d&#8217;y parvenir fera le reste.<br><br \/>\nCe d\u00e9fi sportif s&#8217;inscrit dans un projet humain plus large, celui de traverser le d\u00e9sert du Sahara d&#8217;Ouest en Est dans l&#8217;espoir d&#8217;accompagner les \u00e9quipes d&#8217;ONG dans leurs micro-projets d&#8217;aide aux peuplades nomades locales. JoMarie en produira un film documentaire qui donnera \u00e0 mieux connaitre les hommes de cette partie du monde.<br><br \/>\nL&#8217;\u00e9quipe 171 prendra fi\u00e8rement son envol le 15 mars 2014 avec toutes les autres participantes ! Et que les meilleures gagnent !<br><br \/>\nMais quelle valeur et quelle port\u00e9e aurait cette le\u00e7on de vie, si nous n&#8217;\u00e9tions pas soutenues par l&#8217;amour de nos proches, de nos amis et de tous ceux qui nous entourent. Merci !<\/p>\n<\/div>\n<div class=\"four columns\">\n<hr>\n<p><strong>CURRENT WEATHER<\/strong><\/p>\n<p><div id=\"awe-ajax-awesome-weather-nesconset\" class=\"awe-ajax-awesome-weather-nesconset awe-weather-ajax-wrap\" style=\"\"><div class=\"awe-loading\"><i class=\"wi wi-day-sunny\"><\/i><\/div><\/div><script type=\"text\/javascript\"> jQuery(document).ready(function() { awe_ajax_load({\"location\":\"Nesconset\",\"units\":\"F\",\"size\":\"tall\",\"override_title\":\"New York\",\"forecast_days\":\"3\",\"hide_stats\":\"0\",\"background\":\"http:\\\/\\\/usnomadstudio.com\\\/usnomads\\\/blog\\\/wp-content\\\/uploads\\\/2014\\\/02\\\/new-york-city-skyline1-300x240.jpg\",\"custom_bg_color\":\"#cccccc\",\"inline_style\":\"width: 225px; margin: 0px; float: left;\",\"id\":\"awesome-weather-nesconset\",\"ajaxurl\":\"http:\\\/\\\/usnomadstudio.com\\\/usnomads\\\/blog\\\/wp-admin\\\/admin-ajax.php\",\"via_ajax\":1}); }); <\/script><br><\/p>\n<p><a href=\"http:\/\/wxug.us\/1fnab\" target=\"_blank\">Nesconset<\/a> | <a href=\"http:\/\/wxug.us\/1h046\" target=\"_blank\">Rausch Creek<\/a> <\/p>\n<hr>\n<p><a href=\"http:\/\/www.pinterest.com\/teamusnomads\/\" target=\"_blank\"><img loading=\"lazy\" src=\"http:\/\/usnomadstudio.com\/usnomads\/blog\/wp-content\/uploads\/2014\/02\/5a4a9eff65932c91bb7395dcc9602717-300x258.jpg\" alt=\"\" width=\"300\" height=\"258\" class=\"alignleft size-medium wp-image-4238\" srcset=\"http:\/\/usnomadstudio.com\/usnomads\/blog\/wp-content\/uploads\/2014\/02\/5a4a9eff65932c91bb7395dcc9602717-300x258.jpg 300w, http:\/\/usnomadstudio.com\/usnomads\/blog\/wp-content\/uploads\/2014\/02\/5a4a9eff65932c91bb7395dcc9602717-349x300.jpg 349w, http:\/\/usnomadstudio.com\/usnomads\/blog\/wp-content\/uploads\/2014\/02\/5a4a9eff65932c91bb7395dcc9602717-259x223.jpg 259w, http:\/\/usnomadstudio.com\/usnomads\/blog\/wp-content\/uploads\/2014\/02\/5a4a9eff65932c91bb7395dcc9602717-198x170.jpg 198w, http:\/\/usnomadstudio.com\/usnomads\/blog\/wp-content\/uploads\/2014\/02\/5a4a9eff65932c91bb7395dcc9602717.jpg 409w\" sizes=\"(max-width: 300px) 100vw, 300px\" \/><\/a><\/p>\n<hr>\n<p><strong>MORE NOTES FROM THE ROAD:<\/strong><br \/>\n<a href=\"http:\/\/usnomadstudio.com\/usnomads\/blog\/?page_id=4215\">July \u2013 Rubicon Trail<\/a><br \/>\n<a href=\"http:\/\/usnomadstudio.com\/usnomads\/blog\/?page_id=4171\">June \u2013 Bantam Jeep Fest, PA roadtrip<\/a><br \/>\n<a href=\"http:\/\/usnomadstudio.com\/usnomads\/blog\/?page_id=4141\">May \u2013 Overland Expo, AZ roadtrip<\/a><br \/>\n<a href=\"http:\/\/usnomadstudio.com\/usnomads\/blog\/?page_id=4099\">April \u2013 Paris, Rausch Creek<\/a><br \/>\n<a href=\"http:\/\/usnomadstudio.com\/usnomads\/blog\/?page_id=4056\">March \u2013 Uwharrie<\/a><br \/>\n<a href=\"http:\/\/usnomadstudio.com\/usnomads\/blog\/?page_id=3960\">February \u2013 Back Home<\/a><br \/>\n<a href=\"http:\/\/usnomadstudio.com\/usnomads\/blog\/?page_id=3288\">January \u2013 Mauritania<\/a><br \/>\n<a href=\"http:\/\/usnomadstudio.com\/usnomads\/blog\/?page_id=3241\">15-31 December \u2013 Roadtrip<\/a><br \/>\n<a href=\"http:\/\/usnomadstudio.com\/usnomads\/blog\/?page_id=3154\">1-14 December \u2013 Southwest deserts<\/a><br \/>\n<a href=\"http:\/\/usnomadstudio.com\/usnomads\/blog\/?page_id=3048\">November \u2013 Paris and planning<\/a><br \/>\n<a href=\"http:\/\/usnomadstudio.com\/usnomads\/blog\/?page_id=2860\">October \u2013 Overland Expo and Workshops<\/a><br \/>\n<a href=\"http:\/\/usnomadstudio.com\/usnomads\/blog\/?page_id=2803\">September \u2013 Moab and more<\/a><br \/>\n<a href=\"http:\/\/usnomadstudio.com\/usnomads\/blog\/?portfolio=gazelle-rally-2014-recap\">The Gazelle Rally Recap<\/a><br \/>\n<a href=\"http:\/\/usnomadstudio.com\/usnomads\/blog\/?portfolio=notes-from-the-road-archive\">Archive<\/a><br><\/p>\n<hr \/>\n<p><strong>SPECIAL REPORT<\/strong><\/p>\n<p><a href=\"http:\/\/usnomadstudio.com\/usnomads\/blog\/?page_id=3320\"><img loading=\"lazy\" src=\"http:\/\/usnomadstudio.com\/usnomads\/blog\/wp-content\/uploads\/2015\/02\/nkc-street-1Slide02-300x225.jpg\" alt=\"\" width=\"300\" height=\"225\" class=\"alignnone size-medium wp-image-3392\" srcset=\"http:\/\/usnomadstudio.com\/usnomads\/blog\/wp-content\/uploads\/2015\/02\/nkc-street-1Slide02-300x225.jpg 300w, http:\/\/usnomadstudio.com\/usnomads\/blog\/wp-content\/uploads\/2015\/02\/nkc-street-1Slide02-400x300.jpg 400w, http:\/\/usnomadstudio.com\/usnomads\/blog\/wp-content\/uploads\/2015\/02\/nkc-street-1Slide02-297x223.jpg 297w, http:\/\/usnomadstudio.com\/usnomads\/blog\/wp-content\/uploads\/2015\/02\/nkc-street-1Slide02-227x170.jpg 227w, http:\/\/usnomadstudio.com\/usnomads\/blog\/wp-content\/uploads\/2015\/02\/nkc-street-1Slide02.jpg 720w\" sizes=\"(max-width: 300px) 100vw, 300px\" \/><\/a><\/p>\n<p><a href=\"http:\/\/usnomadstudio.com\/usnomads\/blog\/?page_id=3320\"><strong>SCOUTING THE SAHARA IN MAURITANIA: WAYPOINT NOUAKCHOTT<\/strong><\/a> <\/p>\n<p>The first in a series of reports from our scouting trip in Mauritania takes and indepth look at the capital city of Nouakchott, and its fishing port&#8230; <a href=\"http:\/\/usnomadstudio.com\/usnomads\/blog\/?page_id=3320\">[read]<\/a><\/p>\n<hr>\n<p><strong>MORE INFO:<\/strong><br \/>\n<a href=\"http:\/\/usnomads.org\/\" target=\"_blank\">About Team 171 US Nomads<\/a><br \/>\n<a href=\"http:\/\/usnomadstudio.com\/usnomads\/blog\/?page_id=378\" target=\"_blank\">Team Training<\/a><br \/>\n<a href=\"http:\/\/usnomadstudio.com\/usnomads\/blog\/?page_id=407\" target=\"_blank\">Practical Matters<\/a><br \/>\n<a href=\"http:\/\/usnomadstudio.com\/usnomads\/blog\/?page_id=409\" target=\"_blank\">In Our Words<\/a><br \/>\n<a href=\"http:\/\/usnomadstudio.com\/usnomads\/blog\/?page_id=411\" target=\"_blank\">Team News<\/a><br \/>\n<a href=\"mailto:feccifoto@aol.com\" target=\"_blank\">Contact Us<\/a><br><\/p>\n<hr>\n<p><strong>SPECIAL REPORT<\/strong><\/p>\n<p><a href=\"http:\/\/usnomadstudio.com\/usnomads\/blog\/?page_id=3432\"><img loading=\"lazy\" src=\"http:\/\/usnomadstudio.com\/usnomads\/blog\/wp-content\/uploads\/2015\/02\/Slider_blog_front-rallyline-300x169.jpg\" alt=\"\" width=\"300\" height=\"168\" class=\"alignleft size-medium wp-image-3122\" \/><\/a><\/p>\n<p><a href=\"http:\/\/usnomadstudio.com\/usnomads\/blog\/?page_id=3432\"><strong>ON BECOMING A GAZELLE: THE DESERT&#8217;S FIRST CHALLENGE<\/strong><\/a> <\/p>\n<p>The second installment in a series of personal reflections on our experience in the Rallye Aiche des Gazelles&#8211;Putting our skills to the test in Morocco on the first day out in the desert, known as the &#8220;Prologue,&#8221; there are a few surprises&#8230; <a href=\"http:\/\/usnomadstudio.com\/usnomads\/blog\/?page_id=3432\">[read]<\/a>\n <\/div>\n<div class=\"clear\"><\/div>\n<\/p><\/div>\n<p><\/div>\n","protected":false},"excerpt":{"rendered":"","protected":false},"author":1,"featured_media":0,"parent":1120,"menu_order":1508,"comment_status":"open","ping_status":"closed","template":"","meta":[],"_links":{"self":[{"href":"http:\/\/usnomadstudio.com\/usnomads\/blog\/index.php?rest_route=\/wp\/v2\/pages\/4259"}],"collection":[{"href":"http:\/\/usnomadstudio.com\/usnomads\/blog\/index.php?rest_route=\/wp\/v2\/pages"}],"about":[{"href":"http:\/\/usnomadstudio.com\/usnomads\/blog\/index.php?rest_route=\/wp\/v2\/types\/page"}],"author":[{"embeddable":true,"href":"http:\/\/usnomadstudio.com\/usnomads\/blog\/index.php?rest_route=\/wp\/v2\/users\/1"}],"replies":[{"embeddable":true,"href":"http:\/\/usnomadstudio.com\/usnomads\/blog\/index.php?rest_route=%2Fwp%2Fv2%2Fcomments&post=4259"}],"version-history":[{"count":2,"href":"http:\/\/usnomadstudio.com\/usnomads\/blog\/index.php?rest_route=\/wp\/v2\/pages\/4259\/revisions"}],"predecessor-version":[{"id":4279,"href":"http:\/\/usnomadstudio.com\/usnomads\/blog\/index.php?rest_route=\/wp\/v2\/pages\/4259\/revisions\/4279"}],"up":[{"embeddable":true,"href":"http:\/\/usnomadstudio.com\/usnomads\/blog\/index.php?rest_route=\/wp\/v2\/pages\/1120"}],"wp:attachment":[{"href":"http:\/\/usnomadstudio.com\/usnomads\/blog\/index.php?rest_route=%2Fwp%2Fv2%2Fmedia&parent=4259"}],"curies":[{"name":"wp","href":"https:\/\/api.w.org\/{rel}","templated":true}]}}