{"id":4099,"date":"2015-05-18T13:03:50","date_gmt":"2015-05-18T13:03:50","guid":{"rendered":"http:\/\/usnomadstudio.com\/usnomads\/blog\/?page_id=4099"},"modified":"2016-01-29T13:10:16","modified_gmt":"2016-01-29T13:10:16","slug":"notes-from-the-road-april-2015","status":"publish","type":"page","link":"http:\/\/usnomadstudio.com\/usnomads\/blog\/?page_id=4099","title":{"rendered":"Notes from the Road &#8212; April 2015"},"content":{"rendered":"<div class=\"container\"><\/p>\n<div class=\"heading_wrapper\">\n<div class=\"eight columns\">\n<h2>NOTES FROM THE ROAD<\/h2>\n<hr \/>\n<p><a href=\"http:\/\/usnomadstudio.com\/usnomads\/blog\/?page_id=4141\">< more recent<\/a> | April 2015 | <a href=\"http:\/\/usnomadstudio.com\/usnomads\/blog\/?page_id=4056\">older ><\/a> <\/p>\n<hr \/>\n<p><br><\/p>\n<h5>Checking Trails at Rausch Creek&#8230;<\/h5>\n<p><br><img loading=\"lazy\" src=\"http:\/\/usnomadstudio.com\/usnomads\/blog\/wp-content\/uploads\/2014\/02\/RC_APR2015_JeepintheWoods_GOPR0960_RETOUCH_650w.jpg\" alt=\"\" width=\"650\" height=\"487\" class=\"alignnone size-full wp-image-4096\" srcset=\"http:\/\/usnomadstudio.com\/usnomads\/blog\/wp-content\/uploads\/2014\/02\/RC_APR2015_JeepintheWoods_GOPR0960_RETOUCH_650w.jpg 650w, http:\/\/usnomadstudio.com\/usnomads\/blog\/wp-content\/uploads\/2014\/02\/RC_APR2015_JeepintheWoods_GOPR0960_RETOUCH_650w-300x225.jpg 300w, http:\/\/usnomadstudio.com\/usnomads\/blog\/wp-content\/uploads\/2014\/02\/RC_APR2015_JeepintheWoods_GOPR0960_RETOUCH_650w-400x300.jpg 400w, http:\/\/usnomadstudio.com\/usnomads\/blog\/wp-content\/uploads\/2014\/02\/RC_APR2015_JeepintheWoods_GOPR0960_RETOUCH_650w-298x223.jpg 298w, http:\/\/usnomadstudio.com\/usnomads\/blog\/wp-content\/uploads\/2014\/02\/RC_APR2015_JeepintheWoods_GOPR0960_RETOUCH_650w-227x170.jpg 227w\" sizes=\"(max-width: 650px) 100vw, 650px\" \/><\/p>\n<h6><strong>Returning to familiar trails after the winter melt &#8230;<\/strong><\/h6>\n<p><br><\/p>\n<p><strong>26 APRIL 2015:<\/strong> A great day to be back on the trails, scouting out the changes winter has brought. Spent some time driving familiar loops around <a href=\"http:\/\/rc4x4.org\" target=\"_blank\">Rausch Creek<\/a> and just enjoying the spring weather, with blue skies and warm sun. Perfect Jeeping conditions &#8230;<br><\/p>\n<hr \/>\n<p><br><\/p>\n<h5>Springtime in Paris&#8230;<\/h5>\n<p><br><img loading=\"lazy\" src=\"http:\/\/usnomadstudio.com\/usnomads\/blog\/wp-content\/uploads\/2014\/02\/Paris_APR2015_springflowerdetail_DSCN2086_650w.jpg\" alt=\"\" width=\"650\" height=\"488\" class=\"alignnone size-full wp-image-4088\" srcset=\"http:\/\/usnomadstudio.com\/usnomads\/blog\/wp-content\/uploads\/2014\/02\/Paris_APR2015_springflowerdetail_DSCN2086_650w.jpg 650w, http:\/\/usnomadstudio.com\/usnomads\/blog\/wp-content\/uploads\/2014\/02\/Paris_APR2015_springflowerdetail_DSCN2086_650w-300x225.jpg 300w, http:\/\/usnomadstudio.com\/usnomads\/blog\/wp-content\/uploads\/2014\/02\/Paris_APR2015_springflowerdetail_DSCN2086_650w-400x300.jpg 400w, http:\/\/usnomadstudio.com\/usnomads\/blog\/wp-content\/uploads\/2014\/02\/Paris_APR2015_springflowerdetail_DSCN2086_650w-297x223.jpg 297w, http:\/\/usnomadstudio.com\/usnomads\/blog\/wp-content\/uploads\/2014\/02\/Paris_APR2015_springflowerdetail_DSCN2086_650w-226x170.jpg 226w\" sizes=\"(max-width: 650px) 100vw, 650px\" \/><\/p>\n<h6><strong>First flowers of spring in the Luxembourg gardens &#8230;<\/strong><\/h6>\n<p><br><\/p>\n<p><strong>7 APRIL 2015:<\/strong> Finally some nice weather here in Paris, where spring has sprung eternal, manifesting itself beautifully in the Jardin Luxembourg, Paris 5eme. Enjoyed the day walking among the flowers beneath clear blue skies and a bright warm sun&#8230;<br><\/p>\n<hr \/>\n<p><br><\/p>\n<h5>Paris for Fun&#8230;<\/h5>\n<p><br><img loading=\"lazy\" src=\"http:\/\/usnomadstudio.com\/usnomads\/blog\/wp-content\/uploads\/2014\/02\/Paris-street_EiffelTwer_650w1.jpg\" alt=\"\" width=\"650\" height=\"488\" class=\"alignnone size-full wp-image-4077\" srcset=\"http:\/\/usnomadstudio.com\/usnomads\/blog\/wp-content\/uploads\/2014\/02\/Paris-street_EiffelTwer_650w1.jpg 650w, http:\/\/usnomadstudio.com\/usnomads\/blog\/wp-content\/uploads\/2014\/02\/Paris-street_EiffelTwer_650w1-300x225.jpg 300w, http:\/\/usnomadstudio.com\/usnomads\/blog\/wp-content\/uploads\/2014\/02\/Paris-street_EiffelTwer_650w1-400x300.jpg 400w, http:\/\/usnomadstudio.com\/usnomads\/blog\/wp-content\/uploads\/2014\/02\/Paris-street_EiffelTwer_650w1-297x223.jpg 297w, http:\/\/usnomadstudio.com\/usnomads\/blog\/wp-content\/uploads\/2014\/02\/Paris-street_EiffelTwer_650w1-226x170.jpg 226w\" sizes=\"(max-width: 650px) 100vw, 650px\" \/><\/p>\n<h6><strong>Return to the city of light &#8230;<\/strong><\/h6>\n<p><br><\/p>\n<p><strong>1 APRIL 2015:<\/strong> Good to be back in a favorite city for a little while. Taking some time to wander familiar streets and enjoy some urban culture again. Reconnecting with friends and revisiting old neighborhoods&#8230;<br><\/p>\n<hr \/>\n<h6><a href=\"http:\/\/usnomadstudio.com\/usnomads\/blog\/?page_id=4056\">PREVIOUS NOTES FROM THE ROAD<\/a> <a href=\"http:\/\/usnomadstudio.com\/usnomads\/blog\/?page_id=4056\">><\/a> <\/h6>\n<\/p><\/div>\n<div class=\"four columns\">\n<hr \/>\n<p><strong>THIS MONTH:<\/strong><br \/>\n<img loading=\"lazy\" src=\"http:\/\/usnomadstudio.com\/usnomads\/blog\/wp-content\/uploads\/2014\/10\/PS-Paris-12-300x211.jpg\" alt=\"PS-Paris-12\" width=\"300\" height=\"211\" class=\"alignleft size-medium wp-image-2866\" srcset=\"http:\/\/usnomadstudio.com\/usnomads\/blog\/wp-content\/uploads\/2014\/10\/PS-Paris-12-300x211.jpg 300w, http:\/\/usnomadstudio.com\/usnomads\/blog\/wp-content\/uploads\/2014\/10\/PS-Paris-12-424x300.jpg 424w, http:\/\/usnomadstudio.com\/usnomads\/blog\/wp-content\/uploads\/2014\/10\/PS-Paris-12-315x223.jpg 315w, http:\/\/usnomadstudio.com\/usnomads\/blog\/wp-content\/uploads\/2014\/10\/PS-Paris-12-240x170.jpg 240w, http:\/\/usnomadstudio.com\/usnomads\/blog\/wp-content\/uploads\/2014\/10\/PS-Paris-12.jpg 650w\" sizes=\"(max-width: 300px) 100vw, 300px\" \/><br \/>\nUSnomads is reconnecting in Paris, France, for a break with good friends, favorite neighborhoods and some research into the next Sahara scouting trip.<br \/>\n<br><\/p>\n<hr \/>\n<p><strong>COMING UP SOON:<\/strong><br \/>\n<img loading=\"lazy\" src=\"http:\/\/usnomadstudio.com\/usnomads\/blog\/wp-content\/uploads\/2014\/02\/Screen-Shot-2015-03-31-at-7.59.16-AM-300x248.png\" alt=\"\" width=\"300\" height=\"248\" class=\"alignnone size-medium wp-image-4073\" srcset=\"http:\/\/usnomadstudio.com\/usnomads\/blog\/wp-content\/uploads\/2014\/02\/Screen-Shot-2015-03-31-at-7.59.16-AM-300x248.png 300w, http:\/\/usnomadstudio.com\/usnomads\/blog\/wp-content\/uploads\/2014\/02\/Screen-Shot-2015-03-31-at-7.59.16-AM-363x300.png 363w, http:\/\/usnomadstudio.com\/usnomads\/blog\/wp-content\/uploads\/2014\/02\/Screen-Shot-2015-03-31-at-7.59.16-AM-270x223.png 270w, http:\/\/usnomadstudio.com\/usnomads\/blog\/wp-content\/uploads\/2014\/02\/Screen-Shot-2015-03-31-at-7.59.16-AM-206x170.png 206w, http:\/\/usnomadstudio.com\/usnomads\/blog\/wp-content\/uploads\/2014\/02\/Screen-Shot-2015-03-31-at-7.59.16-AM-822x680.png 822w, http:\/\/usnomadstudio.com\/usnomads\/blog\/wp-content\/uploads\/2014\/02\/Screen-Shot-2015-03-31-at-7.59.16-AM.png 926w\" sizes=\"(max-width: 300px) 100vw, 300px\" \/><br \/>\nUSnomads is proud to be presenting two classes at Overland Expo West this May. An international event that educates and inspires people to get out and explore the world, Overland Expo promises to be both fun and informative. The three-day event brings thousands of overlanders to Flagstaff, AZ for a chance to connect and exchange information.<br \/>\n<br><\/p>\n<hr \/>\n<p><strong>TEAM 171 PRESENTATION<\/strong><\/p>\n<p><img loading=\"lazy\" src=\"http:\/\/usnomadstudio.com\/usnomads\/blog\/wp-content\/uploads\/2014\/02\/209_JEA_22032014_Leg3_030050-300x200.jpg\" alt=\"\" width=\"300\" height=\"200\" class=\"alignleft size-medium wp-image-2118\" srcset=\"http:\/\/usnomadstudio.com\/usnomads\/blog\/wp-content\/uploads\/2014\/02\/209_JEA_22032014_Leg3_030050-300x200.jpg 300w, http:\/\/usnomadstudio.com\/usnomads\/blog\/wp-content\/uploads\/2014\/02\/209_JEA_22032014_Leg3_030050-450x300.jpg 450w, http:\/\/usnomadstudio.com\/usnomads\/blog\/wp-content\/uploads\/2014\/02\/209_JEA_22032014_Leg3_030050-334x223.jpg 334w, http:\/\/usnomadstudio.com\/usnomads\/blog\/wp-content\/uploads\/2014\/02\/209_JEA_22032014_Leg3_030050-255x170.jpg 255w, http:\/\/usnomadstudio.com\/usnomads\/blog\/wp-content\/uploads\/2014\/02\/209_JEA_22032014_Leg3_030050.jpg 600w\" sizes=\"(max-width: 300px) 100vw, 300px\" \/><br><br \/>\nUSnomads, c&#8217;est l&#8217;histoire d&#8217;une amiti\u00e9 de plus de 20 ans, qui s&#8217;est construite \u00e0 travers le temps, les cultures, les exp\u00e9riences de la vie et des voyages. Seule l&#8217;union de deux caract\u00e8res forts et respectueux l&#8217;un de l&#8217;autre explique que nous soyons arriv\u00e9es \u00e0 nos fins dans chacun de nos d\u00e9fis.<br><br \/>\nCeci est notre premi\u00e8re participation au Rallye des gazelles et nous ne sommes pas des professionels, mais JoMarie a une certaine exp\u00e9rience de l&#8217;Afrique et des situations d&#8217;urgence. D&#8217;autre part, elle s&#8217;est totalement investie dans la pr\u00e9paration de cette course et Isabelle s&#8217;est r\u00e9cemment mise \u00e0 la navigation.<br><br \/>\nLe Rallye des gazelles dans le d\u00e9sert marocain sera le th\u00e9\u00e2tre d&#8217;une nouvelle \u00e9preuve pour nous : une Jeep, une boussole, une carte et tout le pouvoir de notre volont\u00e9 d&#8217;y parvenir fera le reste.<br><br \/>\nCe d\u00e9fi sportif s&#8217;inscrit dans un projet humain plus large, celui de traverser le d\u00e9sert du Sahara d&#8217;Ouest en Est dans l&#8217;espoir d&#8217;accompagner les \u00e9quipes d&#8217;ONG dans leurs micro-projets d&#8217;aide aux peuplades nomades locales. JoMarie en produira un film documentaire qui donnera \u00e0 mieux connaitre les hommes de cette partie du monde.<br><br \/>\nL&#8217;\u00e9quipe 171 prendra fi\u00e8rement son envol le 15 mars 2014 avec toutes les autres participantes ! Et que les meilleures gagnent !<br><br \/>\nMais quelle valeur et quelle port\u00e9e aurait cette le\u00e7on de vie, si nous n&#8217;\u00e9tions pas soutenues par l&#8217;amour de nos proches, de nos amis et de tous ceux qui nous entourent. Merci !<\/p>\n<\/div>\n<div class=\"four columns\">\n<hr>\n<p><strong>CURRENT WEATHER<\/strong><\/p>\n<p><div id=\"awe-ajax-awesome-weather-paris\" class=\"awe-ajax-awesome-weather-paris awe-weather-ajax-wrap\" style=\"\"><div class=\"awe-loading\"><i class=\"wi wi-day-sunny\"><\/i><\/div><\/div><script type=\"text\/javascript\"> jQuery(document).ready(function() { awe_ajax_load({\"location\":\"Paris\",\"units\":\"F\",\"size\":\"tall\",\"override_title\":\"Paris France\",\"forecast_days\":\"3\",\"hide_stats\":\"0\",\"background\":\"http:\\\/\\\/usnomadstudio.com\\\/usnomads\\\/blog\\\/wp-content\\\/uploads\\\/2014\\\/11\\\/paris_street_gr.jpg\",\"custom_bg_color\":\"#cccccc\",\"inline_style\":\"width: 225px; margin: 0px; float: left;\",\"id\":\"awesome-weather-paris\",\"ajaxurl\":\"http:\\\/\\\/usnomadstudio.com\\\/usnomads\\\/blog\\\/wp-admin\\\/admin-ajax.php\",\"via_ajax\":1}); }); <\/script><br><\/p>\n<p><a href=\"http:\/\/wxug.us\/1fnab\" target=\"_blank\">Nesconset<\/a> | <a href=\"http:\/\/www.wunderground.com\/q\/zmw:00000.37.07156\" target=\"_blank\">Paris<\/a><\/p>\n<hr>\n<p><a href=\"http:\/\/www.pinterest.com\/teamusnomads\/\" target=\"_blank\"><img loading=\"lazy\" src=\"http:\/\/usnomadstudio.com\/usnomads\/blog\/wp-content\/uploads\/2014\/02\/0fe058f43399082562eca8ed38acb4cc-300x250.jpg\" alt=\"\" width=\"300\" height=\"250\" class=\"alignnone size-medium wp-image-4075\" srcset=\"http:\/\/usnomadstudio.com\/usnomads\/blog\/wp-content\/uploads\/2014\/02\/0fe058f43399082562eca8ed38acb4cc.jpg 300w, http:\/\/usnomadstudio.com\/usnomads\/blog\/wp-content\/uploads\/2014\/02\/0fe058f43399082562eca8ed38acb4cc-268x223.jpg 268w, http:\/\/usnomadstudio.com\/usnomads\/blog\/wp-content\/uploads\/2014\/02\/0fe058f43399082562eca8ed38acb4cc-204x170.jpg 204w\" sizes=\"(max-width: 300px) 100vw, 300px\" \/><\/a><\/p>\n<hr>\n<p><strong>MORE NOTES FROM THE ROAD:<\/strong><br \/>\n<a href=\"http:\/\/usnomadstudio.com\/usnomads\/blog\/?page_id=4056\">March \u2013 Uwharrie<\/a><br \/>\n<a href=\"http:\/\/usnomadstudio.com\/usnomads\/blog\/?page_id=3960\">February \u2013 Back Home<\/a><br \/>\n<a href=\"http:\/\/usnomadstudio.com\/usnomads\/blog\/?page_id=3288\">January \u2013 Mauritania<\/a><br \/>\n<a href=\"http:\/\/usnomadstudio.com\/usnomads\/blog\/?page_id=3241\">15-31 December \u2013 Roadtrip<\/a><br \/>\n<a href=\"http:\/\/usnomadstudio.com\/usnomads\/blog\/?page_id=3154\">1-14 December \u2013 Southwest deserts<\/a><br \/>\n<a href=\"http:\/\/usnomadstudio.com\/usnomads\/blog\/?page_id=3048\">November \u2013 Paris and planning<\/a><br \/>\n<a href=\"http:\/\/usnomadstudio.com\/usnomads\/blog\/?page_id=2860\">October \u2013 Overland Expo and Workshops<\/a><br \/>\n<a href=\"http:\/\/usnomadstudio.com\/usnomads\/blog\/?page_id=2803\">September \u2013 Moab and more<\/a><br \/>\n<a href=\"http:\/\/usnomadstudio.com\/usnomads\/blog\/?page_id=2691\">August \u2013 Topless For Tatas<\/a><br \/>\n<a href=\"http:\/\/usnomadstudio.com\/usnomads\/blog\/?page_id=2450\">July \u2013 Summer Fun<\/a><br \/>\n<a href=\"http:\/\/usnomadstudio.com\/usnomads\/blog\/?page_id=2395\">June \u2013 Bantam Jeep Festival<\/a><br \/>\n<a href=\"http:\/\/usnomadstudio.com\/usnomads\/blog\/?page_id=2328\">May \u2013 Overland Expo, Rausch Creek<\/a><br \/>\n<a href=\"http:\/\/usnomadstudio.com\/usnomads\/blog\/?page_id=1193\">April \u2013 Back Home<\/a><br \/>\n<a href=\"http:\/\/usnomadstudio.com\/usnomads\/blog\/?portfolio=gazelle-rally-2014-recap\">The Gazelle Rally Recap<\/a><br \/>\n<a href=\"http:\/\/usnomadstudio.com\/usnomads\/blog\/?portfolio=notes-from-the-road-archive\">Archive<\/a><br><\/p>\n<hr \/>\n<p><strong>SPECIAL REPORT<\/strong><\/p>\n<p><a href=\"http:\/\/usnomadstudio.com\/usnomads\/blog\/?page_id=3320\"><img loading=\"lazy\" src=\"http:\/\/usnomadstudio.com\/usnomads\/blog\/wp-content\/uploads\/2015\/02\/nkc-street-1Slide02-300x225.jpg\" alt=\"\" width=\"300\" height=\"225\" class=\"alignnone size-medium wp-image-3392\" srcset=\"http:\/\/usnomadstudio.com\/usnomads\/blog\/wp-content\/uploads\/2015\/02\/nkc-street-1Slide02-300x225.jpg 300w, http:\/\/usnomadstudio.com\/usnomads\/blog\/wp-content\/uploads\/2015\/02\/nkc-street-1Slide02-400x300.jpg 400w, http:\/\/usnomadstudio.com\/usnomads\/blog\/wp-content\/uploads\/2015\/02\/nkc-street-1Slide02-297x223.jpg 297w, http:\/\/usnomadstudio.com\/usnomads\/blog\/wp-content\/uploads\/2015\/02\/nkc-street-1Slide02-227x170.jpg 227w, http:\/\/usnomadstudio.com\/usnomads\/blog\/wp-content\/uploads\/2015\/02\/nkc-street-1Slide02.jpg 720w\" sizes=\"(max-width: 300px) 100vw, 300px\" \/><\/a><\/p>\n<p><a href=\"http:\/\/usnomadstudio.com\/usnomads\/blog\/?page_id=3320\"><strong>SCOUTING THE SAHARA IN MAURITANIA: WAYPOINT NOUAKCHOTT<\/strong><\/a> <\/p>\n<p>The first in a series of reports from our scouting trip in Mauritania takes and indepth look at the capital city of Nouakchott, and its fishing port&#8230; <a href=\"http:\/\/usnomadstudio.com\/usnomads\/blog\/?page_id=3320\">[read]<\/a><\/p>\n<hr>\n<p><strong>MORE INFO:<\/strong><br \/>\n<a href=\"http:\/\/usnomads.org\/\" target=\"_blank\">About Team 171 US Nomads<\/a><br \/>\n<a href=\"http:\/\/usnomadstudio.com\/usnomads\/blog\/?page_id=378\" target=\"_blank\">Team Training<\/a><br \/>\n<a href=\"http:\/\/usnomadstudio.com\/usnomads\/blog\/?page_id=407\" target=\"_blank\">Practical Matters<\/a><br \/>\n<a href=\"http:\/\/usnomadstudio.com\/usnomads\/blog\/?page_id=409\" target=\"_blank\">In Our Words<\/a><br \/>\n<a href=\"http:\/\/usnomadstudio.com\/usnomads\/blog\/?page_id=411\" target=\"_blank\">Team News<\/a><br \/>\n<a href=\"mailto:feccifoto@aol.com\" target=\"_blank\">Contact Us<\/a><br><\/p>\n<hr>\n<p><strong>SPECIAL REPORT<\/strong><\/p>\n<p><a href=\"http:\/\/usnomadstudio.com\/usnomads\/blog\/?page_id=3432\"><img loading=\"lazy\" src=\"http:\/\/usnomadstudio.com\/usnomads\/blog\/wp-content\/uploads\/2015\/02\/Slider_blog_front-rallyline-300x169.jpg\" alt=\"\" width=\"300\" height=\"168\" class=\"alignleft size-medium wp-image-3122\" \/><\/a><\/p>\n<p><a href=\"http:\/\/usnomadstudio.com\/usnomads\/blog\/?page_id=3432\"><strong>ON BECOMING A GAZELLE: THE DESERT&#8217;S FIRST CHALLENGE<\/strong><\/a> <\/p>\n<p>The second installment in a series of personal reflections on our experience in the Rallye Aiche des Gazelles&#8211;Putting our skills to the test in Morocco on the first day out in the desert, known as the &#8220;Prologue,&#8221; there are a few surprises&#8230; <a href=\"http:\/\/usnomadstudio.com\/usnomads\/blog\/?page_id=3432\">[read]<\/a><\/p><\/div>\n<div class=\"clear\"><\/div>\n<\/p><\/div>\n<p><\/div>\n","protected":false},"excerpt":{"rendered":"","protected":false},"author":1,"featured_media":0,"parent":1120,"menu_order":6,"comment_status":"closed","ping_status":"closed","template":"","meta":[],"_links":{"self":[{"href":"http:\/\/usnomadstudio.com\/usnomads\/blog\/index.php?rest_route=\/wp\/v2\/pages\/4099"}],"collection":[{"href":"http:\/\/usnomadstudio.com\/usnomads\/blog\/index.php?rest_route=\/wp\/v2\/pages"}],"about":[{"href":"http:\/\/usnomadstudio.com\/usnomads\/blog\/index.php?rest_route=\/wp\/v2\/types\/page"}],"author":[{"embeddable":true,"href":"http:\/\/usnomadstudio.com\/usnomads\/blog\/index.php?rest_route=\/wp\/v2\/users\/1"}],"replies":[{"embeddable":true,"href":"http:\/\/usnomadstudio.com\/usnomads\/blog\/index.php?rest_route=%2Fwp%2Fv2%2Fcomments&post=4099"}],"version-history":[{"count":7,"href":"http:\/\/usnomadstudio.com\/usnomads\/blog\/index.php?rest_route=\/wp\/v2\/pages\/4099\/revisions"}],"predecessor-version":[{"id":4144,"href":"http:\/\/usnomadstudio.com\/usnomads\/blog\/index.php?rest_route=\/wp\/v2\/pages\/4099\/revisions\/4144"}],"up":[{"embeddable":true,"href":"http:\/\/usnomadstudio.com\/usnomads\/blog\/index.php?rest_route=\/wp\/v2\/pages\/1120"}],"wp:attachment":[{"href":"http:\/\/usnomadstudio.com\/usnomads\/blog\/index.php?rest_route=%2Fwp%2Fv2%2Fmedia&parent=4099"}],"curies":[{"name":"wp","href":"https:\/\/api.w.org\/{rel}","templated":true}]}}