{"id":2691,"date":"2014-08-01T14:19:42","date_gmt":"2014-08-01T14:19:42","guid":{"rendered":"http:\/\/usnomadstudio.com\/usnomads\/blog\/?page_id=2691"},"modified":"2014-10-08T15:40:28","modified_gmt":"2014-10-08T15:40:28","slug":"notes-from-the-road-august-2014","status":"publish","type":"page","link":"http:\/\/usnomadstudio.com\/usnomads\/blog\/?page_id=2691","title":{"rendered":"Notes from the Road &#8212; August 2014"},"content":{"rendered":"<div class=\"container\"><\/p>\n<div class=\"heading_wrapper\">\n<div class=\"eight columns\">\n<h2>NOTES FROM THE ROAD<\/h2>\n<hr \/>\n<p><a href=\"http:\/\/usnomadstudio.com\/usnomads\/blog\/?page_id=2803\">< more recent<\/a> | August 2014 | <a href=\"http:\/\/usnomadstudio.com\/usnomads\/blog\/?page_id=2450\">older ><\/a> <\/p>\n<hr \/>\n<h5>Fun at Rausch Creek<\/h5>\n<p><br><img loading=\"lazy\" src=\"http:\/\/usnomadstudio.com\/usnomads\/blog\/wp-content\/uploads\/2014\/02\/RC_AUG14_myJEepOnRocksinCreek_DSCN1431_650w.jpg\" alt=\"\" width=\"650\" height=\"488\" class=\"alignleft size-full wp-image-2800\" srcset=\"http:\/\/usnomadstudio.com\/usnomads\/blog\/wp-content\/uploads\/2014\/02\/RC_AUG14_myJEepOnRocksinCreek_DSCN1431_650w.jpg 650w, http:\/\/usnomadstudio.com\/usnomads\/blog\/wp-content\/uploads\/2014\/02\/RC_AUG14_myJEepOnRocksinCreek_DSCN1431_650w-300x225.jpg 300w, http:\/\/usnomadstudio.com\/usnomads\/blog\/wp-content\/uploads\/2014\/02\/RC_AUG14_myJEepOnRocksinCreek_DSCN1431_650w-399x300.jpg 399w, http:\/\/usnomadstudio.com\/usnomads\/blog\/wp-content\/uploads\/2014\/02\/RC_AUG14_myJEepOnRocksinCreek_DSCN1431_650w-297x223.jpg 297w, http:\/\/usnomadstudio.com\/usnomads\/blog\/wp-content\/uploads\/2014\/02\/RC_AUG14_myJEepOnRocksinCreek_DSCN1431_650w-226x170.jpg 226w\" sizes=\"(max-width: 650px) 100vw, 650px\" \/><\/p>\n<h6><strong>Summertime Jeep fun playing on the trails at Rausch Creek<\/strong><\/h6>\n<p><br><\/p>\n<p><strong>10 AUGUST 2014:<\/strong> A great day to get out and explore some of the less-trafficked trails at <a href=\"http:\/\/rc4x4.org\" target=\"_blank\">Rausch Creek<\/a>. A little mud, a little water and a few rocks here and there make it more interesting. Just one of those &#8220;Life&#8217;s Good&#8221; moments&#8230;<br>\n<\/p>\n<p><br><\/p>\n<hr \/>\n<p><br><\/p>\n<h5>Topless For Tatas on the Trail<\/h5>\n<p><br><img loading=\"lazy\" src=\"http:\/\/usnomadstudio.com\/usnomads\/blog\/wp-content\/uploads\/2014\/02\/TFT_AUG14_myjeepentryTFTtrail2_IMG_4723_650w.jpg\" alt=\"\" width=\"650\" height=\"485\" class=\"alignleft size-full wp-image-2728\" srcset=\"http:\/\/usnomadstudio.com\/usnomads\/blog\/wp-content\/uploads\/2014\/02\/TFT_AUG14_myjeepentryTFTtrail2_IMG_4723_650w.jpg 650w, http:\/\/usnomadstudio.com\/usnomads\/blog\/wp-content\/uploads\/2014\/02\/TFT_AUG14_myjeepentryTFTtrail2_IMG_4723_650w-300x223.jpg 300w, http:\/\/usnomadstudio.com\/usnomads\/blog\/wp-content\/uploads\/2014\/02\/TFT_AUG14_myjeepentryTFTtrail2_IMG_4723_650w-402x300.jpg 402w, http:\/\/usnomadstudio.com\/usnomads\/blog\/wp-content\/uploads\/2014\/02\/TFT_AUG14_myjeepentryTFTtrail2_IMG_4723_650w-298x223.jpg 298w, http:\/\/usnomadstudio.com\/usnomads\/blog\/wp-content\/uploads\/2014\/02\/TFT_AUG14_myjeepentryTFTtrail2_IMG_4723_650w-227x170.jpg 227w\" sizes=\"(max-width: 650px) 100vw, 650px\" \/><\/p>\n<h6><strong>Inaugurating the new &#8220;Topless For Tatas Trail&#8221;&#8230;<\/strong><\/h6>\n<p><br><\/p>\n<p><strong>9 AUGUST 2014:<\/strong> After a full day of trails we made it to the start of the brand new &#8220;Topless for Tatas Trail&#8221; that was cut by volunteers at <a href=\"http:\/\/rc4x4.org\" target=\"_blank\">Rausch Creek<\/a> over the summer specifically for this event. The trail is marked with a donated sign, and sports pink ribbons around the trees representing survivors. Event founder, Chantelle Kern hopes that drivers will be reminded of the struggles faced by those fighting to overcome cancer as they make their way over the trail&#8217;s obstacles.<br>\n<\/p>\n<p><br><\/p>\n<hr \/>\n<p><br><\/p>\n<h5>Topless For Tatas Takes Off<\/h5>\n<p><br><img loading=\"lazy\" src=\"http:\/\/usnomadstudio.com\/usnomads\/blog\/wp-content\/uploads\/2014\/02\/TFT_AUG14_startingline_DSCN1368_650w.jpg\" alt=\"\" width=\"650\" height=\"488\" class=\"alignleft size-full wp-image-2721\" srcset=\"http:\/\/usnomadstudio.com\/usnomads\/blog\/wp-content\/uploads\/2014\/02\/TFT_AUG14_startingline_DSCN1368_650w.jpg 650w, http:\/\/usnomadstudio.com\/usnomads\/blog\/wp-content\/uploads\/2014\/02\/TFT_AUG14_startingline_DSCN1368_650w-300x225.jpg 300w, http:\/\/usnomadstudio.com\/usnomads\/blog\/wp-content\/uploads\/2014\/02\/TFT_AUG14_startingline_DSCN1368_650w-399x300.jpg 399w, http:\/\/usnomadstudio.com\/usnomads\/blog\/wp-content\/uploads\/2014\/02\/TFT_AUG14_startingline_DSCN1368_650w-297x223.jpg 297w, http:\/\/usnomadstudio.com\/usnomads\/blog\/wp-content\/uploads\/2014\/02\/TFT_AUG14_startingline_DSCN1368_650w-226x170.jpg 226w\" sizes=\"(max-width: 650px) 100vw, 650px\" \/><\/p>\n<h6><strong>500 Jeeps line up this morning at <a href=\"http:\/\/rc4x4.org\" target=\"_blank\">Rausch Creek<\/a> for the Topless For Tatas trail run&#8230;<\/strong><\/h6>\n<p><br><\/p>\n<p><strong>9 AUGUST 2014:<\/strong> A great turn out this morning for the 6th Annual <a href=\"http:\/\/toplessfortatas.com\" target=\"_blank\">Topless for Tatas<\/a> charity wheeling event. Jeeps of all shapes and sizes (and not only Jeeps) lined up in the parking lot under a welcome blue sky to begin a day of fun on the trail while raising awareness and funds for the Breast Cancer Research Foundation.<br>\n<\/p>\n<p><br><\/p>\n<hr \/>\n<h5>Topless For Tatas Vendor Exhibit<\/h5>\n<p><br><img loading=\"lazy\" src=\"http:\/\/usnomadstudio.com\/usnomads\/blog\/wp-content\/uploads\/2014\/02\/TFT_AUG14_crowdvendors_DSCN1401_650w.jpg\" alt=\"\" width=\"650\" height=\"488\" class=\"alignleft size-full wp-image-2717\" srcset=\"http:\/\/usnomadstudio.com\/usnomads\/blog\/wp-content\/uploads\/2014\/02\/TFT_AUG14_crowdvendors_DSCN1401_650w.jpg 650w, http:\/\/usnomadstudio.com\/usnomads\/blog\/wp-content\/uploads\/2014\/02\/TFT_AUG14_crowdvendors_DSCN1401_650w-300x225.jpg 300w, http:\/\/usnomadstudio.com\/usnomads\/blog\/wp-content\/uploads\/2014\/02\/TFT_AUG14_crowdvendors_DSCN1401_650w-399x300.jpg 399w, http:\/\/usnomadstudio.com\/usnomads\/blog\/wp-content\/uploads\/2014\/02\/TFT_AUG14_crowdvendors_DSCN1401_650w-297x223.jpg 297w, http:\/\/usnomadstudio.com\/usnomads\/blog\/wp-content\/uploads\/2014\/02\/TFT_AUG14_crowdvendors_DSCN1401_650w-226x170.jpg 226w\" sizes=\"(max-width: 650px) 100vw, 650px\" \/><\/p>\n<h6><strong>The TFT weekend gets started with a vendor exhibition at <a href=\"http:\/\/rc4x4.org\" target=\"_blank\">Rausch Creek<\/a> &#8230;<\/strong><\/h6>\n<p><br><\/p>\n<p><strong>8 AUGUST 2014:<\/strong> The 6th Annual <a href=\"http:\/\/toplessfortatas.com\" target=\"_blank\">Topless for Tatas<\/a> charity wheeling event got started with a vendor exhibit and registration today. This year there will be 500 Jeeps participating, and for the first time the event has added a day for participants to enjoy just checking out the product lines and show rigs. <a href=\"http:\/\/www.genright.com\" target=\"_blank\">Genright<\/a>, <a href=\"http:\/\/www.quadratec.com\" target=\"_blank\">Quadtratec<\/a>, <a href=\"http:\/\/www.teraflex.biz\" target=\"_blank\">Terraflex<\/a> and <a href=\"http:\/\/shop.poisonspyder.com\" target=\"_blank\">Poison Spyder<\/a> were just a few of the big names that came out to support the event and help raise funds for the Breast Cancer Research Foundation.<br>\n<\/p>\n<p><br><\/p>\n<hr \/>\n<p><br><\/p>\n<h5>Teaming Up with the &#8220;Do Good as You Go&#8221; Folks in the Sahara this Fall<\/h5>\n<p><br><img loading=\"lazy\" src=\"http:\/\/usnomadstudio.com\/usnomads\/blog\/wp-content\/uploads\/2014\/02\/10522022_823728350971072_5337441907979193395_n.jpg\" alt=\"\" width=\"650\" height=\"488\" class=\"alignleft size-full wp-image-2711\" srcset=\"http:\/\/usnomadstudio.com\/usnomads\/blog\/wp-content\/uploads\/2014\/02\/10522022_823728350971072_5337441907979193395_n.jpg 650w, http:\/\/usnomadstudio.com\/usnomads\/blog\/wp-content\/uploads\/2014\/02\/10522022_823728350971072_5337441907979193395_n-300x225.jpg 300w, http:\/\/usnomadstudio.com\/usnomads\/blog\/wp-content\/uploads\/2014\/02\/10522022_823728350971072_5337441907979193395_n-399x300.jpg 399w, http:\/\/usnomadstudio.com\/usnomads\/blog\/wp-content\/uploads\/2014\/02\/10522022_823728350971072_5337441907979193395_n-297x223.jpg 297w, http:\/\/usnomadstudio.com\/usnomads\/blog\/wp-content\/uploads\/2014\/02\/10522022_823728350971072_5337441907979193395_n-226x170.jpg 226w\" sizes=\"(max-width: 650px) 100vw, 650px\" \/><\/p>\n<h6><strong>It&#8217;s &#8220;official&#8221; we will be working together in the Sahara to connect communities and volunteers willing to use their professional skills to &#8220;do good as they go&#8221; &#8230;<\/strong><\/h6>\n<p><br><\/p>\n<p><strong>1 AUGUST 2014:<\/strong> Very glad to announce that we&#8217;ll be teaming up with the &#8220;Do Good as You Go&#8221; people at <a href=\"http:\/\/dogoodasyougo.org\/\">The Muskoka Foundation<\/a> for some outreach to communities in the Sahara. The organization works to connect travelers with local communities as volunteers and is hoping to spread their program to include more partners in north Africa. Muskoka volunteers are seasoned professionals such as doctors, teachers, entrepreneurs and consultants who share their skills and knowledge across a portfolio of workshops and programs. Starting this fall, we will be reaching out to NGOs and associations in Morocco and Mauritania to see how we can &#8220;do good&#8221; together&#8230;<br>\n<\/p>\n<p><br><\/p>\n<hr \/>\n<h6><a href=\"http:\/\/usnomadstudio.com\/usnomads\/blog\/?page_id=2450\">PREVIOUS NOTES FROM THE ROAD<\/a> <a href=\"http:\/\/usnomadstudio.com\/usnomads\/blog\/?page_id=2450\">><\/a> <\/h6>\n<\/p><\/div>\n<div class=\"four columns\">\n<hr \/>\n<p><strong>THIS MONTH:<\/strong><br \/>\n<img loading=\"lazy\" src=\"http:\/\/usnomadstudio.com\/usnomads\/blog\/wp-content\/uploads\/2014\/08\/TFT_650w-300x225.jpg\" alt=\"\" width=\"300\" height=\"225\" class=\"alignleft size-medium wp-image-2705\" srcset=\"http:\/\/usnomadstudio.com\/usnomads\/blog\/wp-content\/uploads\/2014\/08\/TFT_650w-300x225.jpg 300w, http:\/\/usnomadstudio.com\/usnomads\/blog\/wp-content\/uploads\/2014\/08\/TFT_650w-399x300.jpg 399w, http:\/\/usnomadstudio.com\/usnomads\/blog\/wp-content\/uploads\/2014\/08\/TFT_650w-297x223.jpg 297w, http:\/\/usnomadstudio.com\/usnomads\/blog\/wp-content\/uploads\/2014\/08\/TFT_650w-226x170.jpg 226w, http:\/\/usnomadstudio.com\/usnomads\/blog\/wp-content\/uploads\/2014\/08\/TFT_650w.jpg 650w\" sizes=\"(max-width: 300px) 100vw, 300px\" \/><br \/>\nHeading out to Rausch Creek August 8-10 for the 6th annual <a href=\"http:\/\/toplessfortatas.com\" target=\"_blank\">Topless for Tatas Wheeling Event<\/a>. TFT brings together off-roaders from all over to raise awareness about Breast Cancer and raise funds for the American Cancer Society. Last year 585 vehicles participated, raising over $26,000 for the Breast Cancer Research Foundation&#8230;. <br><\/p>\n<hr \/>\n<p><strong>COMING UP SOON:<\/strong><br \/>\n<img loading=\"lazy\" src=\"http:\/\/usnomadstudio.com\/usnomads\/blog\/wp-content\/uploads\/2014\/08\/zion-park-moab-featured-300x172.jpg\" alt=\"\" width=\"300\" height=\"172\" class=\"alignleft size-medium wp-image-2706\" srcset=\"http:\/\/usnomadstudio.com\/usnomads\/blog\/wp-content\/uploads\/2014\/08\/zion-park-moab-featured-300x172.jpg 300w, http:\/\/usnomadstudio.com\/usnomads\/blog\/wp-content\/uploads\/2014\/08\/zion-park-moab-featured-520x300.jpg 520w, http:\/\/usnomadstudio.com\/usnomads\/blog\/wp-content\/uploads\/2014\/08\/zion-park-moab-featured-386x223.jpg 386w, http:\/\/usnomadstudio.com\/usnomads\/blog\/wp-content\/uploads\/2014\/08\/zion-park-moab-featured-294x170.jpg 294w, http:\/\/usnomadstudio.com\/usnomads\/blog\/wp-content\/uploads\/2014\/08\/zion-park-moab-featured.jpg 680w\" sizes=\"(max-width: 300px) 100vw, 300px\" \/><br \/>\nGoing back to Moab, where it all began in 2007 with our first solo Jeep adventure on red rock. Visiting favorite trails and exploring some new challenges with the folks from <a href=\"http:\/\/barlows.us\/moab\/moab-main.html\" target=\"_blank\">Barlow Adventures<\/a>&#8230; <br><br \/>\n<img loading=\"lazy\" src=\"http:\/\/usnomadstudio.com\/usnomads\/blog\/wp-content\/uploads\/2014\/02\/Screen-Shot-2014-08-18-at-11.36.56-AM-300x191.png\" alt=\"\" width=\"300\" height=\"191\" class=\"alignleft size-medium wp-image-2731\" srcset=\"http:\/\/usnomadstudio.com\/usnomads\/blog\/wp-content\/uploads\/2014\/02\/Screen-Shot-2014-08-18-at-11.36.56-AM-300x191.png 300w, http:\/\/usnomadstudio.com\/usnomads\/blog\/wp-content\/uploads\/2014\/02\/Screen-Shot-2014-08-18-at-11.36.56-AM-349x223.png 349w, http:\/\/usnomadstudio.com\/usnomads\/blog\/wp-content\/uploads\/2014\/02\/Screen-Shot-2014-08-18-at-11.36.56-AM-266x170.png 266w, http:\/\/usnomadstudio.com\/usnomads\/blog\/wp-content\/uploads\/2014\/02\/Screen-Shot-2014-08-18-at-11.36.56-AM.png 357w\" sizes=\"(max-width: 300px) 100vw, 300px\" \/><br \/>\nUSnomads will at <a href=\"http:\/\/www.overlandexpo.com\/east\" target=\"_blank\">Overland Expo East<\/a>, in Ashville, NC, October 3-5, teaching a series of classes as part of the event&#8217;s &#8220;Overland Experience&#8221; program. Overland Expo is the world&#8217;s most unique event for do-it-yourself adventure travel enthusiasts, with hundreds of session-hours of classes for 4-wheel-drive and adventure motorcycling, inspirational programs, the Overland Film Festival, roundtable discussions, demonstrations, food, and a large expo featuring over 150 vendors of adventure travel equipment, camping gear, bikes, vehicles, and services. <br><\/p>\n<hr \/>\n<p><strong>TEAM 171 PRESENTATION<\/strong><\/p>\n<p><img loading=\"lazy\" src=\"http:\/\/usnomadstudio.com\/usnomads\/blog\/wp-content\/uploads\/2014\/02\/209_JEA_22032014_Leg3_030050-300x200.jpg\" alt=\"\" width=\"300\" height=\"200\" class=\"alignleft size-medium wp-image-2118\" srcset=\"http:\/\/usnomadstudio.com\/usnomads\/blog\/wp-content\/uploads\/2014\/02\/209_JEA_22032014_Leg3_030050-300x200.jpg 300w, http:\/\/usnomadstudio.com\/usnomads\/blog\/wp-content\/uploads\/2014\/02\/209_JEA_22032014_Leg3_030050-450x300.jpg 450w, http:\/\/usnomadstudio.com\/usnomads\/blog\/wp-content\/uploads\/2014\/02\/209_JEA_22032014_Leg3_030050-334x223.jpg 334w, http:\/\/usnomadstudio.com\/usnomads\/blog\/wp-content\/uploads\/2014\/02\/209_JEA_22032014_Leg3_030050-255x170.jpg 255w, http:\/\/usnomadstudio.com\/usnomads\/blog\/wp-content\/uploads\/2014\/02\/209_JEA_22032014_Leg3_030050.jpg 600w\" sizes=\"(max-width: 300px) 100vw, 300px\" \/><br><br \/>\nUSnomads, c&#8217;est l&#8217;histoire d&#8217;une amiti\u00e9 de plus de 20 ans, qui s&#8217;est construite \u00e0 travers le temps, les cultures, les exp\u00e9riences de la vie et des voyages. Seule l&#8217;union de deux caract\u00e8res forts et respectueux l&#8217;un de l&#8217;autre explique que nous soyons arriv\u00e9es \u00e0 nos fins dans chacun de nos d\u00e9fis.<br><br \/>\nCeci est notre premi\u00e8re participation au Rallye des gazelles et nous ne sommes pas des professionels, mais JoMarie a une certaine exp\u00e9rience de l&#8217;Afrique et des situations d&#8217;urgence. D&#8217;autre part, elle s&#8217;est totalement investie dans la pr\u00e9paration de cette course et Isabelle s&#8217;est r\u00e9cemment mise \u00e0 la navigation.<br><br \/>\nLe Rallye des gazelles dans le d\u00e9sert marocain sera le th\u00e9\u00e2tre d&#8217;une nouvelle \u00e9preuve pour nous : une Jeep, une boussole, une carte et tout le pouvoir de notre volont\u00e9 d&#8217;y parvenir fera le reste.<br><br \/>\nCe d\u00e9fi sportif s&#8217;inscrit dans un projet humain plus large, celui de traverser le d\u00e9sert du Sahara d&#8217;Ouest en Est dans l&#8217;espoir d&#8217;accompagner les \u00e9quipes d&#8217;ONG dans leurs micro-projets d&#8217;aide aux peuplades nomades locales. JoMarie en produira un film documentaire qui donnera \u00e0 mieux connaitre les hommes de cette partie du monde.<br><br \/>\nL&#8217;\u00e9quipe 171 prendra fi\u00e8rement son envol le 15 mars 2014 avec toutes les autres participantes ! Et que les meilleures gagnent !<br><br \/>\nMais quelle valeur et quelle port\u00e9e aurait cette le\u00e7on de vie, si nous n&#8217;\u00e9tions pas soutenues par l&#8217;amour de nos proches, de nos amis et de tous ceux qui nous entourent. Merci !<\/p>\n<hr>\n<p><strong>SUPPORTING MOTHERS<\/strong><br \/>\n<a href=\"http:\/\/www.motherstomothers.net\" target=\"_blank\"><img loading=\"lazy\" src=\"http:\/\/usnomadstudio.com\/usnomads\/blog\/wp-content\/uploads\/2014\/02\/m2mIcon.jpg\" alt=\"\" width=\"300\" height=\"187\" class=\"alignleft size-full wp-image-1794\" srcset=\"http:\/\/usnomadstudio.com\/usnomads\/blog\/wp-content\/uploads\/2014\/02\/m2mIcon.jpg 300w, http:\/\/usnomadstudio.com\/usnomads\/blog\/wp-content\/uploads\/2014\/02\/m2mIcon-272x170.jpg 272w\" sizes=\"(max-width: 300px) 100vw, 300px\" \/><\/a><br \/>\nTeam USnomads is proud to support the work of <a href=\"http:\/\/www.motherstomothers.net\" target=\"_blank\">MothersToMothers<\/a>, a 501(c)3 non-profit organization that recognizes the ability of mothers to change their destiny. MothersToMothers, founded by Pamela Parlapiano, partners with local women to create community supported day care and learning centers that change lives. Their model project in Amacho Wato Kebele, Ethiopia, has shown how with just a little help, the mothers in the community can improve the lives of a whole village. Please join us in supporting their efforts to take this successful model to more villages: <a href=\"http:\/\/www.motherstomothers.net\" target=\"_blank\">Donate to MothersToMothers here.<\/a> (Note that all donations go 100% directly to MothersToMothers).<br>\n<\/div>\n<div class=\"four columns\">\n<hr>\n<p><strong>CURRENT WEATHER<\/strong><\/p>\n<p><div id=\"awe-ajax-awesome-weather-new-york\" class=\"awe-ajax-awesome-weather-new-york awe-weather-ajax-wrap\" style=\"\"><div class=\"awe-loading\"><i class=\"wi wi-day-sunny\"><\/i><\/div><\/div><script type=\"text\/javascript\"> jQuery(document).ready(function() { awe_ajax_load({\"location\":\"New York\",\"units\":\"F\",\"size\":\"tall\",\"override_title\":\"New York\",\"forecast_days\":\"3\",\"hide_stats\":\"0\",\"background\":\"http:\\\/\\\/usnomadstudio.com\\\/usnomads\\\/blog\\\/wp-content\\\/uploads\\\/2014\\\/08\\\/20110528_Coney+Island_Kristen+M+FULL+SIZE_photo.jpg\",\"custom_bg_color\":\"#cccccc\",\"inline_style\":\"width: 225px; margin: 0px; float: left;\",\"id\":\"awesome-weather-new-york\",\"ajaxurl\":\"http:\\\/\\\/usnomadstudio.com\\\/usnomads\\\/blog\\\/wp-admin\\\/admin-ajax.php\",\"via_ajax\":1}); }); <\/script><br><\/p>\n<p><a href=\"http:\/\/wxug.us\/1fnab\" target=\"_blank\">Nesconset<\/a> | <a href=\"http:\/\/wxug.us\/1h046\" target=\"_blank\">Rausch Creek<\/a> <\/p>\n<hr>\n<p><a href=\"http:\/\/www.pinterest.com\/teamusnomads\/\" target=\"_blank\"><img loading=\"lazy\" src=\"http:\/\/usnomadstudio.com\/usnomads\/blog\/wp-content\/uploads\/2014\/02\/0693554aef379934212c3fba1d562005.jpg\" alt=\"\" width=\"604\" height=\"640\" class=\"alignleft size-full wp-image-1060\" srcset=\"http:\/\/usnomadstudio.com\/usnomads\/blog\/wp-content\/uploads\/2014\/02\/0693554aef379934212c3fba1d562005.jpg 604w, http:\/\/usnomadstudio.com\/usnomads\/blog\/wp-content\/uploads\/2014\/02\/0693554aef379934212c3fba1d562005-283x300.jpg 283w, http:\/\/usnomadstudio.com\/usnomads\/blog\/wp-content\/uploads\/2014\/02\/0693554aef379934212c3fba1d562005-210x223.jpg 210w, http:\/\/usnomadstudio.com\/usnomads\/blog\/wp-content\/uploads\/2014\/02\/0693554aef379934212c3fba1d562005-160x170.jpg 160w\" sizes=\"(max-width: 604px) 100vw, 604px\" \/><\/a><\/p>\n<hr>\n<p><strong>MORE NOTES FROM THE ROAD:<\/strong><br \/>\n<a href=\"http:\/\/usnomadstudio.com\/usnomads\/blog\/?page_id=2450\">July \u2013 Summer Fun<\/a><br \/>\n<a href=\"http:\/\/usnomadstudio.com\/usnomads\/blog\/?page_id=2395\">June \u2013 Bantam Jeep Festival<\/a><br \/>\n<a href=\"http:\/\/usnomadstudio.com\/usnomads\/blog\/?page_id=2328\">May \u2013 Overland Expo, Rausch Creek<\/a><br \/>\n<a href=\"http:\/\/usnomadstudio.com\/usnomads\/blog\/?page_id=1193\">April \u2013 Back Home<\/a><br \/>\n<a href=\"http:\/\/usnomadstudio.com\/usnomads\/blog\/?portfolio=gazelle-rally-2014-recap\">The Gazelle Rally Recap<\/a><br \/>\n<a href=\"http:\/\/usnomadstudio.com\/usnomads\/blog\/?portfolio=notes-from-the-road-archive\">Archive<\/a><br><\/p>\n<hr \/>\n<p><strong>FEATURE<\/strong><\/p>\n<p><a href=\"http:\/\/usnomadstudio.com\/usnomads\/blog\/?page_id=2480\"><img loading=\"lazy\" src=\"http:\/\/usnomadstudio.com\/usnomads\/blog\/wp-content\/uploads\/2013\/11\/Slider_blog_front-rubicon-300x168.jpg\" alt=\"\" width=\"300\" height=\"168\" class=\"alignleft size-medium wp-image-573\" srcset=\"http:\/\/usnomadstudio.com\/usnomads\/blog\/wp-content\/uploads\/2013\/11\/Slider_blog_front-rubicon-300x168.jpg 300w, http:\/\/usnomadstudio.com\/usnomads\/blog\/wp-content\/uploads\/2013\/11\/Slider_blog_front-rubicon-534x300.jpg 534w, http:\/\/usnomadstudio.com\/usnomads\/blog\/wp-content\/uploads\/2013\/11\/Slider_blog_front-rubicon-397x223.jpg 397w, http:\/\/usnomadstudio.com\/usnomads\/blog\/wp-content\/uploads\/2013\/11\/Slider_blog_front-rubicon-302x170.jpg 302w, http:\/\/usnomadstudio.com\/usnomads\/blog\/wp-content\/uploads\/2013\/11\/Slider_blog_front-rubicon.jpg 600w\" sizes=\"(max-width: 300px) 100vw, 300px\" \/><\/a><\/p>\n<h6><a href=\"http:\/\/usnomadstudio.com\/usnomads\/blog\/?page_id=2480\"><strong>LESSONS FROM THE RUBICON<\/strong><\/a> <\/h6>\n<p>A trip down the iconic Jeep trail builds confidence, boosts endurance and leaves a lasting impression. The four day there-and-back journey would be the ultimate Jeep challenge&#8230; <a href=\"http:\/\/usnomadstudio.com\/usnomads\/blog\/?page_id=2480\">[read]<\/a><\/p>\n<hr \/>\n<p><strong>MORE INFO:<\/strong><br \/>\n<a href=\"http:\/\/usnomads.org\/\" target=\"_blank\">About Team 171 US Nomads<\/a><br \/>\n<a href=\"http:\/\/usnomadstudio.com\/usnomads\/blog\/?page_id=378\" target=\"_blank\">Team Training<\/a><br \/>\n<a href=\"http:\/\/usnomadstudio.com\/usnomads\/blog\/?page_id=407\" target=\"_blank\">Practical Matters<\/a><br \/>\n<a href=\"http:\/\/usnomadstudio.com\/usnomads\/blog\/?page_id=409\" target=\"_blank\">In Our Words<\/a><br \/>\n<a href=\"http:\/\/usnomadstudio.com\/usnomads\/blog\/?page_id=411\" target=\"_blank\">Team News<\/a><br \/>\n<a href=\"mailto:feccifoto@aol.com\" target=\"_blank\">Contact Us<\/a><br><\/p>\n<hr>\n<p><strong>FEATURE<\/strong><\/p>\n<p><a href=\"http:\/\/usnomadstudio.com\/usnomads\/blog\/?portfolio=gazelle-rally-2014-recap\"><img loading=\"lazy\" src=\"http:\/\/usnomadstudio.com\/usnomads\/blog\/wp-content\/uploads\/2013\/10\/Slider_blog_front_usRAG14-300x168.jpg\" alt=\"Slider_blog_front_usRAG14\" width=\"300\" height=\"168\" class=\"alignleft size-medium wp-image-2272\" srcset=\"http:\/\/usnomadstudio.com\/usnomads\/blog\/wp-content\/uploads\/2013\/10\/Slider_blog_front_usRAG14-300x168.jpg 300w, http:\/\/usnomadstudio.com\/usnomads\/blog\/wp-content\/uploads\/2013\/10\/Slider_blog_front_usRAG14-534x300.jpg 534w, http:\/\/usnomadstudio.com\/usnomads\/blog\/wp-content\/uploads\/2013\/10\/Slider_blog_front_usRAG14-397x223.jpg 397w, http:\/\/usnomadstudio.com\/usnomads\/blog\/wp-content\/uploads\/2013\/10\/Slider_blog_front_usRAG14-302x170.jpg 302w, http:\/\/usnomadstudio.com\/usnomads\/blog\/wp-content\/uploads\/2013\/10\/Slider_blog_front_usRAG14.jpg 600w\" sizes=\"(max-width: 300px) 100vw, 300px\" \/><\/a><\/p>\n<h6><a href=\"http:\/\/usnomadstudio.com\/usnomads\/blog\/?portfolio=gazelle-rally-2014-recap\"><strong>GAZELLE RALLY RECAP<\/strong><\/a> <\/h6>\n<p>In March 2014, Team 171 USnomads successfully completed the Rallye Aicha des Gazelles in Morocco. Checkout the rally highlights in this day-by-day recap which includes descriptions of each leg of the race, daily reports from the field, the team\u2019s tracks, video coverage of the event and more\u2026 <a href=\"http:\/\/usnomadstudio.com\/usnomads\/blog\/?portfolio=gazelle-rally-2014-recap\">[read]<\/a><\/p>\n<hr>\n<p><strong>FEATURE<\/strong><\/p>\n<p><a href=\"http:\/\/usnomadstudio.com\/usnomads\/blog\/?page_id=2478\"><img loading=\"lazy\" src=\"http:\/\/usnomadstudio.com\/usnomads\/blog\/wp-content\/uploads\/2014\/07\/Slider_blog_front_fla-300x168.jpg\" alt=\"\" width=\"300\" height=\"168\" class=\"alignleft size-medium wp-image-2543\" srcset=\"http:\/\/usnomadstudio.com\/usnomads\/blog\/wp-content\/uploads\/2014\/07\/Slider_blog_front_fla-300x168.jpg 300w, http:\/\/usnomadstudio.com\/usnomads\/blog\/wp-content\/uploads\/2014\/07\/Slider_blog_front_fla-534x300.jpg 534w, http:\/\/usnomadstudio.com\/usnomads\/blog\/wp-content\/uploads\/2014\/07\/Slider_blog_front_fla-397x223.jpg 397w, http:\/\/usnomadstudio.com\/usnomads\/blog\/wp-content\/uploads\/2014\/07\/Slider_blog_front_fla-302x170.jpg 302w, http:\/\/usnomadstudio.com\/usnomads\/blog\/wp-content\/uploads\/2014\/07\/Slider_blog_front_fla.jpg 600w\" sizes=\"(max-width: 300px) 100vw, 300px\" \/><\/a><\/p>\n<h6><a href=\"http:\/\/usnomadstudio.com\/usnomads\/blog\/?page_id=2478\">PATHFINDING ACROSS TERRA INCOGNITA<\/a><\/h6>\n<p>Five days solo scouting unfamiliar trails in the Ocala National Forest to learn about the challenges of route selection and terrain assessment&#8230; <a href=\"http:\/\/usnomadstudio.com\/usnomads\/blog\/?page_id=2478\">[read]<\/a><\/p>\n<p><\/a>\n <\/div>\n<div class=\"clear\"><\/div>\n<\/p><\/div>\n<p><\/div>\n","protected":false},"excerpt":{"rendered":"","protected":false},"author":1,"featured_media":0,"parent":1120,"menu_order":1408,"comment_status":"closed","ping_status":"closed","template":"","meta":[],"_links":{"self":[{"href":"http:\/\/usnomadstudio.com\/usnomads\/blog\/index.php?rest_route=\/wp\/v2\/pages\/2691"}],"collection":[{"href":"http:\/\/usnomadstudio.com\/usnomads\/blog\/index.php?rest_route=\/wp\/v2\/pages"}],"about":[{"href":"http:\/\/usnomadstudio.com\/usnomads\/blog\/index.php?rest_route=\/wp\/v2\/types\/page"}],"author":[{"embeddable":true,"href":"http:\/\/usnomadstudio.com\/usnomads\/blog\/index.php?rest_route=\/wp\/v2\/users\/1"}],"replies":[{"embeddable":true,"href":"http:\/\/usnomadstudio.com\/usnomads\/blog\/index.php?rest_route=%2Fwp%2Fv2%2Fcomments&post=2691"}],"version-history":[{"count":13,"href":"http:\/\/usnomadstudio.com\/usnomads\/blog\/index.php?rest_route=\/wp\/v2\/pages\/2691\/revisions"}],"predecessor-version":[{"id":2873,"href":"http:\/\/usnomadstudio.com\/usnomads\/blog\/index.php?rest_route=\/wp\/v2\/pages\/2691\/revisions\/2873"}],"up":[{"embeddable":true,"href":"http:\/\/usnomadstudio.com\/usnomads\/blog\/index.php?rest_route=\/wp\/v2\/pages\/1120"}],"wp:attachment":[{"href":"http:\/\/usnomadstudio.com\/usnomads\/blog\/index.php?rest_route=%2Fwp%2Fv2%2Fmedia&parent=2691"}],"curies":[{"name":"wp","href":"https:\/\/api.w.org\/{rel}","templated":true}]}}