{"id":1442,"date":"2014-02-16T23:38:01","date_gmt":"2014-02-16T23:38:01","guid":{"rendered":"http:\/\/usnomadstudio.com\/usnomads\/blog\/?page_id=1442"},"modified":"2014-05-07T19:50:52","modified_gmt":"2014-05-07T19:50:52","slug":"notes-from-the-road-1-to-7-march-2014","status":"publish","type":"page","link":"http:\/\/usnomadstudio.com\/usnomads\/blog\/?page_id=1442","title":{"rendered":"Notes from the Road &#8211; 1 to 7 March 2014"},"content":{"rendered":"<div class=\"container\"><\/p>\n<div class=\"heading_wrapper\">\n<div class=\"eight columns\">\n<h2>NOTES FROM THE ROAD<\/h2>\n<hr \/>\n<p><a href=\"http:\/\/usnomadstudio.com\/usnomads\/blog\/?page_id=1444\">< more recent<\/a> | 1 to 7 MAR 2014 | <a href=\"http:\/\/usnomadstudio.com\/usnomads\/blog\/?page_id=1439\">older ><\/a> <\/p>\n<hr \/>\n<h5>Enjoying a Break in Paris&#8230;<\/h5>\n<p><br><img loading=\"lazy\" width=\"650\" height=\"488\" src=\"http:\/\/usnomadstudio.com\/usnomads\/blog\/wp-content\/uploads\/2014\/02\/Paris-street_EiffelTwer_650w.jpg\" class=\"alignleft size-full wp-image-1748\" srcset=\"http:\/\/usnomadstudio.com\/usnomads\/blog\/wp-content\/uploads\/2014\/02\/Paris-street_EiffelTwer_650w.jpg 650w, http:\/\/usnomadstudio.com\/usnomads\/blog\/wp-content\/uploads\/2014\/02\/Paris-street_EiffelTwer_650w-300x225.jpg 300w, http:\/\/usnomadstudio.com\/usnomads\/blog\/wp-content\/uploads\/2014\/02\/Paris-street_EiffelTwer_650w-399x300.jpg 399w, http:\/\/usnomadstudio.com\/usnomads\/blog\/wp-content\/uploads\/2014\/02\/Paris-street_EiffelTwer_650w-297x223.jpg 297w, http:\/\/usnomadstudio.com\/usnomads\/blog\/wp-content\/uploads\/2014\/02\/Paris-street_EiffelTwer_650w-226x170.jpg 226w\" sizes=\"(max-width: 650px) 100vw, 650px\" \/><\/p>\n<h6><br><strong>The weather in Paris is spring-like, as we finish last minute preparations for the rally&#8230;<\/strong><\/h6>\n<p><br><strong>6 MAR 2014:<\/strong> We&#8217;ve been able to appreciate a few days of amazing weather here in Paris as we are out running errands all around town. Gathering gear and supplies. Making sure the signage for the Jeep is delivered on time. Medical clearance appointments. With all we had done in advance, I thought we would be able to just kick back and take it easy this week, but there are so many little details to iron out before the technical verifications next Friday. Still, we have had some time to enjoy an occasional cafe terrace&#8230;  <br><\/p>\n<hr \/>\n<h5>Visiting Our Jeep&#8230;<\/h5>\n<p><br><img loading=\"lazy\" width=\"650\" height=\"488\" src=\"http:\/\/usnomadstudio.com\/usnomads\/blog\/wp-content\/uploads\/2014\/02\/underhood2_DSCN0031_650w.jpg\" class=\"alignleft size-full wp-image-1628\" srcset=\"http:\/\/usnomadstudio.com\/usnomads\/blog\/wp-content\/uploads\/2014\/02\/underhood2_DSCN0031_650w.jpg 650w, http:\/\/usnomadstudio.com\/usnomads\/blog\/wp-content\/uploads\/2014\/02\/underhood2_DSCN0031_650w-300x225.jpg 300w, http:\/\/usnomadstudio.com\/usnomads\/blog\/wp-content\/uploads\/2014\/02\/underhood2_DSCN0031_650w-399x300.jpg 399w, http:\/\/usnomadstudio.com\/usnomads\/blog\/wp-content\/uploads\/2014\/02\/underhood2_DSCN0031_650w-297x223.jpg 297w, http:\/\/usnomadstudio.com\/usnomads\/blog\/wp-content\/uploads\/2014\/02\/underhood2_DSCN0031_650w-226x170.jpg 226w\" sizes=\"(max-width: 650px) 100vw, 650px\" \/><\/p>\n<h6><br><strong>Checking out our Indiancars Jeep in person&#8230;<\/strong><\/h6>\n<p><br><strong>4 MAR 2014:<\/strong> We made a visit to the Indiancars shop just outside Paris today to see our Jeep. They are prepping it for the Rally and still have some final things to install before we can take possession of it next week. We had a look around and reviewed the additional equipment they were providing as well. It was great to see that they had the Jeep well organized for travel, with extra partitions in the rear for storage. But most exciting was getting a look under the hood to see the biggest difference between this Jeep and our Jeep at home &#8212; the diesel engine that will give us more torque and greater range on a single tank of gas.<br><\/p>\n<hr \/>\n<h5>Refreshing Our Plotting Skills&#8230;<\/h5>\n<p><br><img loading=\"lazy\" width=\"650\" height=\"488\" src=\"http:\/\/usnomadstudio.com\/usnomads\/blog\/wp-content\/uploads\/2014\/02\/PAR-FEB14_mapplotdetail_DSCN0015_650w.jpg\" class=\"alignleft size-full wp-image-1623\" srcset=\"http:\/\/usnomadstudio.com\/usnomads\/blog\/wp-content\/uploads\/2014\/02\/PAR-FEB14_mapplotdetail_DSCN0015_650w.jpg 650w, http:\/\/usnomadstudio.com\/usnomads\/blog\/wp-content\/uploads\/2014\/02\/PAR-FEB14_mapplotdetail_DSCN0015_650w-300x225.jpg 300w, http:\/\/usnomadstudio.com\/usnomads\/blog\/wp-content\/uploads\/2014\/02\/PAR-FEB14_mapplotdetail_DSCN0015_650w-399x300.jpg 399w, http:\/\/usnomadstudio.com\/usnomads\/blog\/wp-content\/uploads\/2014\/02\/PAR-FEB14_mapplotdetail_DSCN0015_650w-297x223.jpg 297w, http:\/\/usnomadstudio.com\/usnomads\/blog\/wp-content\/uploads\/2014\/02\/PAR-FEB14_mapplotdetail_DSCN0015_650w-226x170.jpg 226w\" sizes=\"(max-width: 650px) 100vw, 650px\" \/><\/p>\n<h6><br><strong>Focus is now on maps and precision plotting&#8230;<\/strong><\/h6>\n<p><br><strong>3 MAR 2014:<\/strong> With less than two full weeks until we have to leave Paris for Morocco, we are putting some renewed effort into precise and quick plotting. Accuracy is one thing, speed is another, and we are trying to get better at both. We&#8217;ve decided to do a little bit of map work every day from now until we depart on the 15th &#8230;<br><\/p>\n<hr \/>\n<h5>Packing for Paris&#8230;<\/h5>\n<p><br><img loading=\"lazy\" width=\"650\" height=\"485\" src=\"http:\/\/usnomadstudio.com\/usnomads\/blog\/wp-content\/uploads\/2014\/02\/packing_gazellerally_650w.jpg\" class=\"alignleft size-full wp-image-1578\" srcset=\"http:\/\/usnomadstudio.com\/usnomads\/blog\/wp-content\/uploads\/2014\/02\/packing_gazellerally_650w.jpg 650w, http:\/\/usnomadstudio.com\/usnomads\/blog\/wp-content\/uploads\/2014\/02\/packing_gazellerally_650w-300x223.jpg 300w, http:\/\/usnomadstudio.com\/usnomads\/blog\/wp-content\/uploads\/2014\/02\/packing_gazellerally_650w-402x300.jpg 402w, http:\/\/usnomadstudio.com\/usnomads\/blog\/wp-content\/uploads\/2014\/02\/packing_gazellerally_650w-298x223.jpg 298w, http:\/\/usnomadstudio.com\/usnomads\/blog\/wp-content\/uploads\/2014\/02\/packing_gazellerally_650w-227x170.jpg 227w\" sizes=\"(max-width: 650px) 100vw, 650px\" \/><\/p>\n<h6><br><strong>Ready for step one of the journey&#8230;<\/strong><\/h6>\n<p><br><strong>1 MAR 2014:<\/strong> Heading to Paris today, so in some ways this is the start of my journey towards Morocco and the rally itself. Packing was complicated because I needed to bring all the equipment for the Jeep, as well as camping gear and Gazelle supplies &#8212; and I still had to bring clothes for the two weeks in Paris prior to the rally! I ended up with two pieces of excess luggage &#8212; one duffle bag full of gear and the bag with the four MaxTrax. The adventure begins now&#8230;<br><\/p>\n<hr \/>\n<h5>VIDEO: Vivez la Legende<\/h5>\n<p><br>With the rally departing from Paris in just 15 Days, here is a trailer to get us in the mood&#8230; [and apologizes for the ad at the start, it is embedded by the source of this video and we cannot remove it]<\/p>\n<p><br><iframe frameborder=\"0\" width=\"470\" height=\"270\" src=\"http:\/\/www.dailymotion.com\/embed\/video\/x104x0e\" allowfullscreen><\/iframe><\/i><br><\/p>\n<hr \/>\n<h5>VIDEO: Gazelle Rally Montage<\/h5>\n<p><br>Official 2013 Gazelle Rally trailer highlights the excitement of the event and helps get us in the mood&#8230; <\/p>\n<p><br><iframe width=\"470\" height=\"290\" src=\"\/\/www.youtube.com\/embed\/2SED9BdXKZs?rel=0\" frameborder=\"0\" allowfullscreen><\/iframe><br><\/p>\n<hr \/>\n<h6><a href=\"http:\/\/usnomadstudio.com\/usnomads\/blog\/?page_id=1439\">PREVIOUS NOTES FROM THE ROAD<\/a> <a href=\"http:\/\/usnomadstudio.com\/usnomads\/blog\/?page_id=1439\">><\/a> <\/h6>\n<\/div>\n<div class=\"four columns\">\n<hr \/>\n<p><strong>WHERE WE ARE<\/strong><\/p>\n<p><img loading=\"lazy\" width=\"250\" height=\"211\" src=\"http:\/\/usnomadstudio.com\/usnomads\/blog\/wp-content\/uploads\/2014\/02\/Where-mar1.jpg\" class=\"alignleft size-full wp-image-1580\" srcset=\"http:\/\/usnomadstudio.com\/usnomads\/blog\/wp-content\/uploads\/2014\/02\/Where-mar1.jpg 250w, http:\/\/usnomadstudio.com\/usnomads\/blog\/wp-content\/uploads\/2014\/02\/Where-mar1-201x170.jpg 201w\" sizes=\"(max-width: 250px) 100vw, 250px\" \/><\/p>\n<p>The team reassembles in Paris to handle final preparations on the Jeep and to begin packing gear and supplies for the Rally.\u2028\u2028\u2028\u2028<br><\/p>\n<hr \/>\n<p><strong>TEAM 171 PRESENTATION<\/strong><\/p>\n<p><img loading=\"lazy\" width=\"300\" height=\"225\" src=\"http:\/\/usnomadstudio.com\/usnomads\/blog\/wp-content\/uploads\/2014\/02\/GLAMIS_FEB14_NikiMeJeep-retouch_DSCN5488_650w-300x225.jpg\" class=\"alignleft size-medium wp-image-1471\" srcset=\"http:\/\/usnomadstudio.com\/usnomads\/blog\/wp-content\/uploads\/2014\/02\/GLAMIS_FEB14_NikiMeJeep-retouch_DSCN5488_650w-300x225.jpg 300w, http:\/\/usnomadstudio.com\/usnomads\/blog\/wp-content\/uploads\/2014\/02\/GLAMIS_FEB14_NikiMeJeep-retouch_DSCN5488_650w-399x300.jpg 399w, http:\/\/usnomadstudio.com\/usnomads\/blog\/wp-content\/uploads\/2014\/02\/GLAMIS_FEB14_NikiMeJeep-retouch_DSCN5488_650w-297x223.jpg 297w, http:\/\/usnomadstudio.com\/usnomads\/blog\/wp-content\/uploads\/2014\/02\/GLAMIS_FEB14_NikiMeJeep-retouch_DSCN5488_650w-226x170.jpg 226w, http:\/\/usnomadstudio.com\/usnomads\/blog\/wp-content\/uploads\/2014\/02\/GLAMIS_FEB14_NikiMeJeep-retouch_DSCN5488_650w.jpg 650w\" sizes=\"(max-width: 300px) 100vw, 300px\" \/><br><br \/>\nUSnomads, c&#8217;est l&#8217;histoire d&#8217;une amiti\u00e9 de plus de 20 ans, qui s&#8217;est construite \u00e0 travers le temps, les cultures, les exp\u00e9riences de la vie et des voyages. Seule l&#8217;union de deux caract\u00e8res forts et respectueux l&#8217;un de l&#8217;autre explique que nous soyons arriv\u00e9es \u00e0 nos fins dans chacun de nos d\u00e9fis.<br><br \/>\nCeci est notre premi\u00e8re participation au Rallye des gazelles et nous ne sommes pas des professionels, mais JoMarie a une certaine exp\u00e9rience de l&#8217;Afrique et des situations d&#8217;urgence. D&#8217;autre part, elle s&#8217;est totalement investie dans la pr\u00e9paration de cette course et Isabelle s&#8217;est r\u00e9cemment mise \u00e0 la navigation.<br><br \/>\nLe Rallye des gazelles dans le d\u00e9sert marocain sera le th\u00e9\u00e2tre d&#8217;une nouvelle \u00e9preuve pour nous : une Jeep, une boussole, une carte et tout le pouvoir de notre volont\u00e9 d&#8217;y parvenir fera le reste.<br><br \/>\nCe d\u00e9fi sportif s&#8217;inscrit dans un projet humain plus large, celui de traverser le d\u00e9sert du Sahara d&#8217;Ouest en Est dans l&#8217;espoir d&#8217;accompagner les \u00e9quipes d&#8217;ONG dans leurs micro-projets d&#8217;aide aux peuplades nomades locales. JoMarie en produira un film documentaire qui donnera \u00e0 mieux connaitre les hommes de cette partie du monde.<br><br \/>\nL&#8217;\u00e9quipe 171 prendra fi\u00e8rement son envol le 15 mars 2014 avec toutes les autres participantes ! Et que les meilleures gagnent !<br><br \/>\nMais quelle valeur et quelle port\u00e9e aurait cette le\u00e7on de vie, si nous n&#8217;\u00e9tions pas soutenues par l&#8217;amour de nos proches, de nos amis et de tous ceux qui nous entourent. Merci !<\/p>\n<hr \/>\n<p><strong>TRACKING THE TEAM<\/strong><\/p>\n<p><img loading=\"lazy\" width=\"275\" height=\"300\" src=\"http:\/\/usnomadstudio.com\/usnomads\/blog\/wp-content\/uploads\/2014\/02\/sampletrack-275x300.jpg\" class=\"alignleft size-medium wp-image-983\" srcset=\"http:\/\/usnomadstudio.com\/usnomads\/blog\/wp-content\/uploads\/2014\/02\/sampletrack-275x300.jpg 275w, http:\/\/usnomadstudio.com\/usnomads\/blog\/wp-content\/uploads\/2014\/02\/sampletrack-204x223.jpg 204w, http:\/\/usnomadstudio.com\/usnomads\/blog\/wp-content\/uploads\/2014\/02\/sampletrack-156x170.jpg 156w, http:\/\/usnomadstudio.com\/usnomads\/blog\/wp-content\/uploads\/2014\/02\/sampletrack-624x680.jpg 624w, http:\/\/usnomadstudio.com\/usnomads\/blog\/wp-content\/uploads\/2014\/02\/sampletrack.jpg 650w\" sizes=\"(max-width: 275px) 100vw, 275px\" \/><br><br \/>\nOnce the Rally starts, you will be able to track the team here each day to see how well we did compared to the &#8220;ideal&#8221; route. The team&#8217;s track will appear as a white line compared to the &#8220;straight line&#8221; course, as in this sample. Live tracking in realtime will be available on the official Gazelle Rally site, and we will link to it directly from this space.<br><\/p>\n<hr \/>\n<p><strong>ABOUT THE RACE<\/strong><\/p>\n<p><img loading=\"lazy\" width=\"300\" height=\"200\" src=\"http:\/\/usnomadstudio.com\/usnomads\/blog\/wp-content\/uploads\/2014\/02\/GazelleRallyPromo_3_700w-300x200.jpg\" class=\"alignleft size-medium wp-image-1475\" srcset=\"http:\/\/usnomadstudio.com\/usnomads\/blog\/wp-content\/uploads\/2014\/02\/GazelleRallyPromo_3_700w-300x200.jpg 300w, http:\/\/usnomadstudio.com\/usnomads\/blog\/wp-content\/uploads\/2014\/02\/GazelleRallyPromo_3_700w-449x300.jpg 449w, http:\/\/usnomadstudio.com\/usnomads\/blog\/wp-content\/uploads\/2014\/02\/GazelleRallyPromo_3_700w-334x223.jpg 334w, http:\/\/usnomadstudio.com\/usnomads\/blog\/wp-content\/uploads\/2014\/02\/GazelleRallyPromo_3_700w-254x170.jpg 254w, http:\/\/usnomadstudio.com\/usnomads\/blog\/wp-content\/uploads\/2014\/02\/GazelleRallyPromo_3_700w.jpg 700w\" sizes=\"(max-width: 300px) 100vw, 300px\" \/><br><br \/>\nThe Rallye Aicha des Gazelles, a grueling nine-day off-road race across the Moroccan sahara, is one of the toughest motorsport events in the world. Using only a map and compass to navigate (GPS or electronic navigational aids are NOT\u2008allowed), the two-women teams must reach a series of checkpoints spread over the harshest desert terrain. The competition is a challenge of endurance and strategy, as teams must decide whether to go over obstacles or around them in an effort to complete the course with the least possible mileage. The winners are the team that reaches all the checkpoints via the shortest total distance. <a href=\"http:\/\/usnomads.org\/?p=7\" target=\"_blank\">Learn more about the race&#8230;<\/a><br><\/p>\n<hr>\n<p><strong>RALLY PRESENTED AT UNESCO<\/strong><br \/>\n<iframe frameborder=\"0\" width=\"230\" height=\"180\" src=\"http:\/\/www.dailymotion.com\/embed\/video\/x1c2tex\" allowfullscreen><\/iframe><br \/><a href=\"http:\/\/www.dailymotion.com\/video\/x1c2tex_gazelles-tv-2014-conference-de-presse-fev-2014_sport\" target=\"_blank\">Gazelles TV 2014 &#8211; Conf&eacute;rence de presse fev 2014<\/a> <i>by <a href=\"http:\/\/www.dailymotion.com\/Rallye-Aicha-des-Gazelles\" target=\"_blank\">Rallye-Aicha-des-Gazelles<\/a><\/i><br \/>\nFebruary 2014 video clip from the official Press Conference announcing the 24th edition of the Rallye Aicha des Gazelles at UNESCO headquarters in Paris<br><\/p>\n<hr \/>\n<p><strong>THE 2014 PROGRAM<\/strong><br \/>\n<img loading=\"lazy\" width=\"300\" height=\"199\" src=\"http:\/\/usnomadstudio.com\/usnomads\/blog\/wp-content\/uploads\/2014\/02\/0323_Leg3_Eric_b_166-300x199.jpg\" class=\"alignleft size-medium wp-image-944\" srcset=\"http:\/\/usnomadstudio.com\/usnomads\/blog\/wp-content\/uploads\/2014\/02\/0323_Leg3_Eric_b_166-300x199.jpg 300w, http:\/\/usnomadstudio.com\/usnomads\/blog\/wp-content\/uploads\/2014\/02\/0323_Leg3_Eric_b_166-452x300.jpg 452w, http:\/\/usnomadstudio.com\/usnomads\/blog\/wp-content\/uploads\/2014\/02\/0323_Leg3_Eric_b_166-336x223.jpg 336w, http:\/\/usnomadstudio.com\/usnomads\/blog\/wp-content\/uploads\/2014\/02\/0323_Leg3_Eric_b_166-256x170.jpg 256w, http:\/\/usnomadstudio.com\/usnomads\/blog\/wp-content\/uploads\/2014\/02\/0323_Leg3_Eric_b_166.jpg 550w\" sizes=\"(max-width: 300px) 100vw, 300px\" \/><br \/>\n<strong>March 14, 2014<\/strong><br \/>\nTechnical and administrative verifications<br \/>\n<strong>March 15, 2014<\/strong><br \/>\nPresentation of teams at Trocadero<br \/>\n<strong>March 16-18, 2014<\/strong><br \/>\nTransfer from Paris to Morocco<br \/>\n<strong>March 19, 2014<\/strong><br \/>\nPrologue &#8211; Erfoud<br \/>\n<strong>March 20, 2014<\/strong><br \/>\nLeg 1 &#8211; Nejjakh south loop<br \/>\n<strong>March 21, 2014<\/strong><br \/>\nLeg 2 &#8211; Nejjakh north loop<br \/>\n<strong>March 22, 2014<\/strong><br \/>\nLeg 3 &#8211; Merzouga dunes<br \/>\n<strong>March 23-24, 2014<\/strong><br \/>\nLeg 4 &#8211; Marathon: Mech Irdane to Tinfou<br \/>\n<strong>March 25-26, 2014<\/strong><br \/>\nLeg 5 &#8211; Marathon: Cheggaga dunes<br \/>\n<strong>March 27, 2014<\/strong><br \/>\nLeg 6 &#8211; Foum Zguid south loop<br \/>\n<strong>March 28, 2014<\/strong><br \/>\nTransfer to Essaouira<br \/>\n<strong>March 29-30, 2014<\/strong><br \/>\nOfficial finish, award ceremony and closing gala<\/p>\n<hr>\n<p><a href=\"http:\/\/www.rallyeaichadesgazelles.com\" target=\"_blank\"><img src=\"http:\/\/usnomads.org\/wp-content\/uploads\/2013\/05\/rally2.gif\" class=\"alignleft size-full wp-image-1485\" \/><\/a><\/p>\n<\/div>\n<div class=\"four columns\">\n<hr \/>\n<p><strong>CURRENT WEATHER<\/strong><\/p>\n<p><div id=\"awe-ajax-awesome-weather-merzouga-morocco\" class=\"awe-ajax-awesome-weather-merzouga-morocco awe-weather-ajax-wrap\" style=\"\"><div class=\"awe-loading\"><i class=\"wi wi-day-sunny\"><\/i><\/div><\/div><script type=\"text\/javascript\"> jQuery(document).ready(function() { awe_ajax_load({\"location\":\"Merzouga, Morocco\",\"units\":\"F\",\"size\":\"tall\",\"override_title\":\"Merzouga, Morocco\",\"forecast_days\":\"3\",\"hide_stats\":\"0\",\"background\":\"http:\\\/\\\/usnomadstudio.com\\\/usnomads\\\/blog\\\/wp-content\\\/uploads\\\/2014\\\/02\\\/24545711.jpg\",\"custom_bg_color\":\"#cccccc\",\"inline_style\":\"width: 225px; margin: 0px; float: left;\",\"id\":\"awesome-weather-merzouga-morocco\",\"ajaxurl\":\"http:\\\/\\\/usnomadstudio.com\\\/usnomads\\\/blog\\\/wp-admin\\\/admin-ajax.php\",\"via_ajax\":1}); }); <\/script><br><\/p>\n<p>Detailed weather: <a href=\"http:\/\/www.wunderground.com\/q\/locid:MO015327\" target=\"_blank\">Errachida<\/a><\/p>\n<hr>\n<p><strong>RALLY COUNTDOWN<\/strong><br \/>\n<\/p>\n<hr>\n<p><a href=\"http:\/\/www.pinterest.com\/teamusnomads\/\" target=\"_blank\"><img loading=\"lazy\" width=\"500\" height=\"750\" src=\"http:\/\/usnomadstudio.com\/usnomads\/blog\/wp-content\/uploads\/2014\/02\/11c4cef45df36c09a96eb8b8a4bc2d68.jpg\" class=\"alignleft size-full wp-image-1066\" srcset=\"http:\/\/usnomadstudio.com\/usnomads\/blog\/wp-content\/uploads\/2014\/02\/11c4cef45df36c09a96eb8b8a4bc2d68.jpg 500w, http:\/\/usnomadstudio.com\/usnomads\/blog\/wp-content\/uploads\/2014\/02\/11c4cef45df36c09a96eb8b8a4bc2d68-200x300.jpg 200w, http:\/\/usnomadstudio.com\/usnomads\/blog\/wp-content\/uploads\/2014\/02\/11c4cef45df36c09a96eb8b8a4bc2d68-148x223.jpg 148w, http:\/\/usnomadstudio.com\/usnomads\/blog\/wp-content\/uploads\/2014\/02\/11c4cef45df36c09a96eb8b8a4bc2d68-113x170.jpg 113w, http:\/\/usnomadstudio.com\/usnomads\/blog\/wp-content\/uploads\/2014\/02\/11c4cef45df36c09a96eb8b8a4bc2d68-453x680.jpg 453w\" sizes=\"(max-width: 500px) 100vw, 500px\" \/><\/a><\/p>\n<hr \/>\n<p><strong>MORE NOTES FROM THE ROAD:<\/strong><br \/>\n<a href=\"http:\/\/usnomadstudio.com\/usnomads\/blog\/?page_id=1439\">22 to 28 Feb 2014<\/a>\u2028<br \/>\n<a href=\"http:\/\/usnomadstudio.com\/usnomads\/blog\/?page_id=1435\">15 to 21 Feb 2014<\/a>\u2028<br \/>\n<a href=\"http:\/\/usnomadstudio.com\/usnomads\/blog\/?page_id=1348\">8 to 14 Feb 2014<\/a>\u2028<br \/>\n<a href=\"http:\/\/usnomadstudio.com\/usnomads\/blog\/?page_id=1261\">1 to 7 Feb 2014<\/a>\u2028<br \/>\n<a href=\"http:\/\/usnomadstudio.com\/usnomads\/blog\/?page_id=1334\">January 2014<\/a>\u2028<br \/>\n<a href=\"http:\/\/usnomadstudio.com\/usnomads\/blog\/?portfolio=notes-from-the-road-archive\">Archive<\/a>\u2028<br>   <\/p>\n<hr \/>\n<p><strong>FEATURE<\/strong><br \/>\n<a href=\"http:\/\/usnomadstudio.com\/usnomads\/blog\/?page_id=793\"><img src=\"http:\/\/usnomadstudio.com\/usnomads\/blog\/wp-content\/uploads\/2013\/10\/Slider_blog_front-dunes.jpg\"><\/a><\/p>\n<h6><a href=\"http:\/\/usnomadstudio.com\/usnomads\/blog\/?page_id=793\"><strong>SOMETHING ABOUT SAND DUNES<\/strong><\/a> <\/h6>\n<p>There is something mysterious about the vast seas of sand, the great ergs, of the Sahara. They stand intimidating in their magnificence, and the idea of even trying to drive across them seems pure folly. Yet that is exactly what we will have to do during the Gazelle Rally\u2026 <a href=\"http:\/\/usnomadstudio.com\/usnomads\/blog\/?page_id=793\">[read]<\/a><\/p>\n<hr \/>\n<p><strong>160 TEAMS FOR THE 2014 RALLY<\/strong><br \/>\n<img class=\"alignnone size-full wp-image-952\" alt=\"\" src=\"http:\/\/usnomadstudio.com\/usnomads\/blog\/wp-content\/uploads\/2014\/02\/0330_Essaouira_ERI_010123.jpg\" \/><br \/>\nThis year there will be 160 teams competing in the Rallye Aicha des Gazelles: 320 women from 24 countries ranging in  age from 19 to 64. Nations represented include: France, Canada, USA, Morocco, Norway, Indonesia, Bulgaria, Italy, Colombia, Switzerland, Belgium, Egypt, Germany, Angola, Congo, Nigeria, Gabon, Portugal, UK, Vietnam, Yeman, South Africa, Senegal and French Polynesia.<\/p>\n<hr \/>\n<p><strong>ROUTE MAP<\/strong><\/p>\n<p><a href=\"http:\/\/usnomadstudio.com\/usnomads\/blog\/wp-content\/uploads\/2014\/02\/RouteMap-650w.jpg\" target=\"_blank\"><img loading=\"lazy\" width=\"650\" height=\"541\" class=\"alignnone size-full wp-image-979\" alt=\"\" src=\"http:\/\/usnomadstudio.com\/usnomads\/blog\/wp-content\/uploads\/2014\/02\/RouteMap-650w.jpg\" srcset=\"http:\/\/usnomadstudio.com\/usnomads\/blog\/wp-content\/uploads\/2014\/02\/RouteMap-650w.jpg 650w, http:\/\/usnomadstudio.com\/usnomads\/blog\/wp-content\/uploads\/2014\/02\/RouteMap-650w-300x249.jpg 300w, http:\/\/usnomadstudio.com\/usnomads\/blog\/wp-content\/uploads\/2014\/02\/RouteMap-650w-360x300.jpg 360w, http:\/\/usnomadstudio.com\/usnomads\/blog\/wp-content\/uploads\/2014\/02\/RouteMap-650w-267x223.jpg 267w, http:\/\/usnomadstudio.com\/usnomads\/blog\/wp-content\/uploads\/2014\/02\/RouteMap-650w-204x170.jpg 204w\" sizes=\"(max-width: 650px) 100vw, 650px\" \/><\/a><\/p>\n<hr \/>\n<p><strong>RALLY RECON<\/strong><\/p>\n<p>How do they determine the route for the Rally? An advance team from the organization went out on a recon trip in November to select and pre-run the course. Check out this account from one of the members of the recon team, talking about what they were looking for in the terrain and how they made their determinations: <a href=\"http:\/\/www.rallyeaichadesgazelles.com\/uploads\/files\/CR_RecoRAG2014_ANG.pdf\" target=\"_blank\">english<\/a> | <a href=\"http:\/\/www.rallyeaichadesgazelles.com\/uploads\/files\/CR_RecoRAG2014.pdf\" target=\"_blank\">fran\u00e7ais<\/a><\/p>\n<hr \/>\n<p><a href=\"http:\/\/usnomads.org\"><img loading=\"lazy\" width=\"650\" height=\"366\" class=\"alignleft size-full wp-image-267\" alt=\"\" src=\"http:\/\/usnomadstudio.com\/usnomads\/blog\/wp-content\/uploads\/2013\/10\/Team171.jpg\" srcset=\"http:\/\/usnomadstudio.com\/usnomads\/blog\/wp-content\/uploads\/2013\/10\/Team171.jpg 650w, http:\/\/usnomadstudio.com\/usnomads\/blog\/wp-content\/uploads\/2013\/10\/Team171-300x168.jpg 300w, http:\/\/usnomadstudio.com\/usnomads\/blog\/wp-content\/uploads\/2013\/10\/Team171-532x300.jpg 532w, http:\/\/usnomadstudio.com\/usnomads\/blog\/wp-content\/uploads\/2013\/10\/Team171-396x223.jpg 396w, http:\/\/usnomadstudio.com\/usnomads\/blog\/wp-content\/uploads\/2013\/10\/Team171-301x170.jpg 301w\" sizes=\"(max-width: 650px) 100vw, 650px\" \/><\/a><br \/>\n<a href=\"http:\/\/usnomads.org\/?p=5\">&gt; <\/a>Team US Nomads is training hard to face the challenges of a Sahara crossing like no other. The first step in their journey is the 2014 Rally Aicha des Gazelles. <a href=\"http:\/\/usnomads.org\/?p=5\">Find out more about the team and their inspiration \u2026<\/a><\/p>\n<hr \/>\n<p><strong>FEATURE<\/strong><\/p>\n<p><a href=\"http:\/\/usnomadstudio.com\/usnomads\/blog\/?page_id=811\"><img alt=\"\" src=\"http:\/\/usnomadstudio.com\/usnomads\/blog\/wp-content\/uploads\/2014\/01\/Slider_blog_front-jeepschool.jpg\" \/><\/a><\/p>\n<h6><a href=\"http:\/\/usnomadstudio.com\/usnomads\/blog\/?page_id=811\"><strong>US NOMADS GO TO JEEP SCHOOL<\/strong><\/a><\/h6>\n<p>Driving a Jeep off-road across the Sahara presents a different set of challenges than the recreational offroading we are familiar with, so we went to Barlow Jeep School in Sedona, AZ, to learn the ins and outs of desert driving from an expert\u2026 <a href=\"http:\/\/usnomadstudio.com\/usnomads\/blog\/?page_id=811\">[read]<\/a><\/p>\n<hr \/>\n<p><strong>MORE INFO:<\/strong><br \/>\n<a href=\"http:\/\/usnomads.org\/\" target=\"_blank\">About Team 171 US Nomads<\/a><br \/>\n<a href=\"http:\/\/usnomadstudio.com\/usnomads\/blog\/?page_id=378\" target=\"_blank\">Team Training<\/a><br \/>\n<a href=\"http:\/\/usnomadstudio.com\/usnomads\/blog\/?page_id=407\" target=\"_blank\">Practical Matters &#8212; Logistics<\/a><br \/>\n<a href=\"http:\/\/usnomadstudio.com\/usnomads\/blog\/?page_id=409\" target=\"_blank\">In Our Words &#8212; Reflections<\/a><br \/>\n<a href=\"http:\/\/usnomadstudio.com\/usnomads\/blog\/?page_id=411\" target=\"_blank\">Team News<\/a><br \/>\n<a href=\"mailto:jomarie@going2sahara.org\">Contact Us<\/a><br><\/p>\n<\/div>\n<div class=\"clear\"><\/div>\n<\/div>\n<p><\/div>\n","protected":false},"excerpt":{"rendered":"","protected":false},"author":1,"featured_media":0,"parent":1120,"menu_order":6,"comment_status":"open","ping_status":"closed","template":"","meta":[],"_links":{"self":[{"href":"http:\/\/usnomadstudio.com\/usnomads\/blog\/index.php?rest_route=\/wp\/v2\/pages\/1442"}],"collection":[{"href":"http:\/\/usnomadstudio.com\/usnomads\/blog\/index.php?rest_route=\/wp\/v2\/pages"}],"about":[{"href":"http:\/\/usnomadstudio.com\/usnomads\/blog\/index.php?rest_route=\/wp\/v2\/types\/page"}],"author":[{"embeddable":true,"href":"http:\/\/usnomadstudio.com\/usnomads\/blog\/index.php?rest_route=\/wp\/v2\/users\/1"}],"replies":[{"embeddable":true,"href":"http:\/\/usnomadstudio.com\/usnomads\/blog\/index.php?rest_route=%2Fwp%2Fv2%2Fcomments&post=1442"}],"version-history":[{"count":10,"href":"http:\/\/usnomadstudio.com\/usnomads\/blog\/index.php?rest_route=\/wp\/v2\/pages\/1442\/revisions"}],"predecessor-version":[{"id":2247,"href":"http:\/\/usnomadstudio.com\/usnomads\/blog\/index.php?rest_route=\/wp\/v2\/pages\/1442\/revisions\/2247"}],"up":[{"embeddable":true,"href":"http:\/\/usnomadstudio.com\/usnomads\/blog\/index.php?rest_route=\/wp\/v2\/pages\/1120"}],"wp:attachment":[{"href":"http:\/\/usnomadstudio.com\/usnomads\/blog\/index.php?rest_route=%2Fwp%2Fv2%2Fmedia&parent=1442"}],"curies":[{"name":"wp","href":"https:\/\/api.w.org\/{rel}","templated":true}]}}