{"id":1435,"date":"2014-02-16T23:13:15","date_gmt":"2014-02-16T23:13:15","guid":{"rendered":"http:\/\/usnomadstudio.com\/usnomads\/blog\/?page_id=1435"},"modified":"2014-03-11T10:03:37","modified_gmt":"2014-03-11T10:03:37","slug":"notes-from-the-road-15-to-21-february","status":"publish","type":"page","link":"http:\/\/usnomadstudio.com\/usnomads\/blog\/?page_id=1435","title":{"rendered":"Notes From the Road &#8211; 15 to 21 February"},"content":{"rendered":"<div class=\"container\"><\/p>\n<div class=\"heading_wrapper\">\n<div class=\"eight columns\">\n<h2>NOTES FROM THE ROAD<\/h2>\n<hr \/>\n<p><a href=\"http:\/\/usnomadstudio.com\/usnomads\/blog\/?page_id=1439\">< more recent<\/a> | 15 to 21 FEB 2014 | <a href=\"http:\/\/usnomadstudio.com\/usnomads\/blog\/?page_id=1348\">older ><\/a> <\/p>\n<hr \/>\n<h5>Back in Red Rock Country&#8230;<\/h5>\n<p><br><img loading=\"lazy\" width=\"650\" height=\"488\" src=\"http:\/\/usnomadstudio.com\/usnomads\/blog\/wp-content\/uploads\/2014\/02\/Sedona_FEB14_redrockwindshield_DSCN5606_650w.jpg\" class=\"alignleft size-full wp-image-1525\" srcset=\"http:\/\/usnomadstudio.com\/usnomads\/blog\/wp-content\/uploads\/2014\/02\/Sedona_FEB14_redrockwindshield_DSCN5606_650w.jpg 650w, http:\/\/usnomadstudio.com\/usnomads\/blog\/wp-content\/uploads\/2014\/02\/Sedona_FEB14_redrockwindshield_DSCN5606_650w-300x225.jpg 300w, http:\/\/usnomadstudio.com\/usnomads\/blog\/wp-content\/uploads\/2014\/02\/Sedona_FEB14_redrockwindshield_DSCN5606_650w-399x300.jpg 399w, http:\/\/usnomadstudio.com\/usnomads\/blog\/wp-content\/uploads\/2014\/02\/Sedona_FEB14_redrockwindshield_DSCN5606_650w-297x223.jpg 297w, http:\/\/usnomadstudio.com\/usnomads\/blog\/wp-content\/uploads\/2014\/02\/Sedona_FEB14_redrockwindshield_DSCN5606_650w-226x170.jpg 226w\" sizes=\"(max-width: 650px) 100vw, 650px\" \/><\/p>\n<h6><br><strong>A quick stop in Sedona to soak up some of the energy that seems to emanate from those gorgeous red rocks&#8230;<\/strong><\/h6>\n<p><br><strong>20 FEB 2014:<\/strong> Feeling a bit nostalgic here in Sedona, AZ, as the sunlight makes the rocks glow redder. The landscape has become familiar, but it continues to inspire, and I am returning to some of the first trails I ever drove here. This is my last trip out west prior to the Rally and I will be doing some intense driving over the next few days, but for today, I am being a tourist&#8230;<br><\/p>\n<hr \/>\n<h5>The Rally Jeep is Ready to Go&#8230;<\/h5>\n<p><br><img loading=\"lazy\" width=\"650\" height=\"439\" src=\"http:\/\/usnomadstudio.com\/usnomads\/blog\/wp-content\/uploads\/2014\/02\/JeepForRally_650w.jpg\" class=\"alignleft size-full wp-image-1505\" srcset=\"http:\/\/usnomadstudio.com\/usnomads\/blog\/wp-content\/uploads\/2014\/02\/JeepForRally_650w.jpg 650w, http:\/\/usnomadstudio.com\/usnomads\/blog\/wp-content\/uploads\/2014\/02\/JeepForRally_650w-300x202.jpg 300w, http:\/\/usnomadstudio.com\/usnomads\/blog\/wp-content\/uploads\/2014\/02\/JeepForRally_650w-444x300.jpg 444w, http:\/\/usnomadstudio.com\/usnomads\/blog\/wp-content\/uploads\/2014\/02\/JeepForRally_650w-330x223.jpg 330w, http:\/\/usnomadstudio.com\/usnomads\/blog\/wp-content\/uploads\/2014\/02\/JeepForRally_650w-251x170.jpg 251w\" sizes=\"(max-width: 650px) 100vw, 650px\" \/><\/p>\n<h6><br><strong>The rally Jeep is prepped and waiting for us to add the final details at Indiancars near Paris<\/strong><\/h6>\n<p><br><strong>19 FEB 2014:<\/strong> Our rally Jeep is ready and waiting at the Indiancars facility near Paris. The configuration is similar to our own Jeep, with a few key differences that should make it perform better in the desert environment. It&#8217;s got a snorkel which provides extra protection for the engine against sand and dust. And the diesel engine should be an asset. Otherwise it is quite similar to our own Jeep in terms of lift, tire size and even color!<br><\/p>\n<hr \/>\n<h5>VIDEO: About the Rally<\/h5>\n<p><br>This beautifully filmed and edited video from <a href=\"http:\/\/www.youtube.com\/watch?v=lzyqSLMBOqo\" target=\"_blank\">USA Gazelles<\/a> explains what the Rallye Aicha des Gazelles is all about&#8230; <\/p>\n<p><br><iframe width=\"470\" height=\"300\" src=\"\/\/www.youtube.com\/embed\/lzyqSLMBOqo?rel=0\" frameborder=\"0\" allowfullscreen><\/iframe><br><\/p>\n<hr \/>\n<h5>2014 Teams Announced<\/h5>\n<p><br><img loading=\"lazy\" width=\"650\" height=\"372\" src=\"http:\/\/usnomadstudio.com\/usnomads\/blog\/wp-content\/uploads\/2014\/02\/team171-panel_650w.gif\" class=\"alignleft size-full wp-image-1371\" \/><\/p>\n<h6><br><strong>The Rally organization posts the official list of teams competing in the 2014 edition of the race<\/strong><\/h6>\n<p><br><strong>15 FEB 2014:<\/strong> The list of teams has been posted on the official website of the Rally Aicha des Gazelles with details about each of the teams as well as links to the websites and social media. Perusing the page we see a number of familiar names from previous years as well as our own: <strong>Team 171<\/strong>.<br><br \/>\nLink to the team listings: <a href=\"http:\/\/www.rallyeaichadesgazelles.com\/en\/top+story\/Gazelles+Team+Listing\" target=\"_blank\">english<\/a> | <a href=\"http:\/\/www.rallyeaichadesgazelles.com\/fr\/a+la+une\/Liste+des+equipages\" target=\"_blank\">fran\u00e7ais<\/a><br><\/p>\n<hr>\n<h6><a href=\"http:\/\/usnomadstudio.com\/usnomads\/blog\/?page_id=1348\">PREVIOUS NOTES FROM THE ROAD<\/a> <a href=\"http:\/\/usnomadstudio.com\/usnomads\/blog\/?page_id=1348\">><\/a> <\/h6>\n<\/div>\n<div class=\"four columns\">\n<hr \/>\n<p><strong>WHERE WE ARE<\/strong><\/p>\n<p><img src=\"http:\/\/usnomadstudio.com\/usnomads\/blog\/wp-content\/uploads\/2014\/02\/Where-feb15.jpg\" \/><\/p>\n<p>Isabelle is back in Paris getting equipment installed on the Jeep, while JoMarie continues preparations on the U.S. side before heading west to Arizona for a final intensive training session on the weekend.\u2028\u2028\u2028\u2028<br><\/p>\n<hr \/>\n<p><strong>TEAM 171 PRESENTATION<\/strong><\/p>\n<p><img loading=\"lazy\" width=\"300\" height=\"225\" src=\"http:\/\/usnomadstudio.com\/usnomads\/blog\/wp-content\/uploads\/2014\/02\/GLAMIS_FEB14_NikiMeJeep-retouch_DSCN5488_650w-300x225.jpg\" class=\"alignleft size-medium wp-image-1471\" srcset=\"http:\/\/usnomadstudio.com\/usnomads\/blog\/wp-content\/uploads\/2014\/02\/GLAMIS_FEB14_NikiMeJeep-retouch_DSCN5488_650w-300x225.jpg 300w, http:\/\/usnomadstudio.com\/usnomads\/blog\/wp-content\/uploads\/2014\/02\/GLAMIS_FEB14_NikiMeJeep-retouch_DSCN5488_650w-399x300.jpg 399w, http:\/\/usnomadstudio.com\/usnomads\/blog\/wp-content\/uploads\/2014\/02\/GLAMIS_FEB14_NikiMeJeep-retouch_DSCN5488_650w-297x223.jpg 297w, http:\/\/usnomadstudio.com\/usnomads\/blog\/wp-content\/uploads\/2014\/02\/GLAMIS_FEB14_NikiMeJeep-retouch_DSCN5488_650w-226x170.jpg 226w, http:\/\/usnomadstudio.com\/usnomads\/blog\/wp-content\/uploads\/2014\/02\/GLAMIS_FEB14_NikiMeJeep-retouch_DSCN5488_650w.jpg 650w\" sizes=\"(max-width: 300px) 100vw, 300px\" \/><br><br \/>\nUSnomads, c&#8217;est l&#8217;histoire d&#8217;une amiti\u00e9 de plus de 20 ans, qui s&#8217;est construite \u00e0 travers le temps, les cultures, les exp\u00e9riences de la vie et des voyages. Seule l&#8217;union de deux caract\u00e8res forts et respectueux l&#8217;un de l&#8217;autre explique que nous soyons arriv\u00e9es \u00e0 nos fins dans chacun de nos d\u00e9fis.<br><br \/>\nCeci est notre premi\u00e8re participation au Rallye des gazelles et nous ne sommes pas des professionels, mais JoMarie a une certaine exp\u00e9rience de l&#8217;Afrique et des situations d&#8217;urgence. D&#8217;autre part, elle s&#8217;est totalement investie dans la pr\u00e9paration de cette course et Isabelle s&#8217;est r\u00e9cemment mise \u00e0 la navigation.<br><br \/>\nLe Rallye des gazelles dans le d\u00e9sert marocain sera le th\u00e9\u00e2tre d&#8217;une nouvelle \u00e9preuve pour nous : une Jeep, une boussole, une carte et tout le pouvoir de notre volont\u00e9 d&#8217;y parvenir fera le reste.<br><br \/>\nCe d\u00e9fi sportif s&#8217;inscrit dans un projet humain plus large, celui de traverser le d\u00e9sert du Sahara d&#8217;Ouest en Est dans l&#8217;espoir d&#8217;accompagner les \u00e9quipes d&#8217;ONG dans leurs micro-projets d&#8217;aide aux peuplades nomades locales. JoMarie en produira un film documentaire qui donnera \u00e0 mieux connaitre les hommes de cette partie du monde.<br><br \/>\nL&#8217;\u00e9quipe 171 prendra fi\u00e8rement son envol le 15 mars 2014 avec toutes les autres participantes ! Et que les meilleures gagnent !<br><br \/>\nMais quelle valeur et quelle port\u00e9e aurait cette le\u00e7on de vie, si nous n&#8217;\u00e9tions pas soutenues par l&#8217;amour de nos proches, de nos amis et de tous ceux qui nous entourent. Merci !<\/p>\n<hr \/>\n<p><strong>TRACKING THE TEAM<\/strong><\/p>\n<p><img loading=\"lazy\" width=\"275\" height=\"300\" src=\"http:\/\/usnomadstudio.com\/usnomads\/blog\/wp-content\/uploads\/2014\/02\/sampletrack-275x300.jpg\" class=\"alignleft size-medium wp-image-983\" srcset=\"http:\/\/usnomadstudio.com\/usnomads\/blog\/wp-content\/uploads\/2014\/02\/sampletrack-275x300.jpg 275w, http:\/\/usnomadstudio.com\/usnomads\/blog\/wp-content\/uploads\/2014\/02\/sampletrack-204x223.jpg 204w, http:\/\/usnomadstudio.com\/usnomads\/blog\/wp-content\/uploads\/2014\/02\/sampletrack-156x170.jpg 156w, http:\/\/usnomadstudio.com\/usnomads\/blog\/wp-content\/uploads\/2014\/02\/sampletrack-624x680.jpg 624w, http:\/\/usnomadstudio.com\/usnomads\/blog\/wp-content\/uploads\/2014\/02\/sampletrack.jpg 650w\" sizes=\"(max-width: 275px) 100vw, 275px\" \/><br><br \/>\nOnce the Rally starts, you will be able to track the team here each day to see how well we did compared to the &#8220;ideal&#8221; route. The team&#8217;s track will appear as a white line compared to the &#8220;straight line&#8221; course, as in this sample. Live tracking in realtime will be available on the official Gazelle Rally site, and we will link to it directly from this space.<br><\/p>\n<hr \/>\n<p><strong>ABOUT THE RACE<\/strong><\/p>\n<p><img loading=\"lazy\" width=\"300\" height=\"200\" src=\"http:\/\/usnomadstudio.com\/usnomads\/blog\/wp-content\/uploads\/2014\/02\/GazelleRallyPromo_3_700w-300x200.jpg\" class=\"alignleft size-medium wp-image-1475\" srcset=\"http:\/\/usnomadstudio.com\/usnomads\/blog\/wp-content\/uploads\/2014\/02\/GazelleRallyPromo_3_700w-300x200.jpg 300w, http:\/\/usnomadstudio.com\/usnomads\/blog\/wp-content\/uploads\/2014\/02\/GazelleRallyPromo_3_700w-449x300.jpg 449w, http:\/\/usnomadstudio.com\/usnomads\/blog\/wp-content\/uploads\/2014\/02\/GazelleRallyPromo_3_700w-334x223.jpg 334w, http:\/\/usnomadstudio.com\/usnomads\/blog\/wp-content\/uploads\/2014\/02\/GazelleRallyPromo_3_700w-254x170.jpg 254w, http:\/\/usnomadstudio.com\/usnomads\/blog\/wp-content\/uploads\/2014\/02\/GazelleRallyPromo_3_700w.jpg 700w\" sizes=\"(max-width: 300px) 100vw, 300px\" \/><br><br \/>\nThe Rallye Aicha des Gazelles, a grueling nine-day off-road race across the Moroccan sahara, is one of the toughest motorsport events in the world. Using only a map and compass to navigate (GPS or electronic navigational aids are NOT\u2008allowed), the two-women teams must reach a series of checkpoints spread over the harshest desert terrain. The competition is a challenge of endurance and strategy, as teams must decide whether to go over obstacles or around them in an effort to complete the course with the least possible mileage. The winners are the team that reaches all the checkpoints via the shortest total distance. <a href=\"http:\/\/usnomads.org\/?p=7\" target=\"_blank\">Learn more about the race&#8230;<\/a><br><\/p>\n<hr>\n<p><a href=\"http:\/\/www.rallyeaichadesgazelles.com\" target=\"_blank\"><img src=\"http:\/\/usnomads.org\/wp-content\/uploads\/2013\/05\/rally2.gif\" class=\"alignleft size-full wp-image-1485\" \/><\/a>\n<\/div>\n<div class=\"four columns\">\n<hr \/>\n<p><strong>CURRENT WEATHER<\/strong><\/p>\n<p><div id=\"awe-ajax-awesome-weather-erfoud-morocco\" class=\"awe-ajax-awesome-weather-erfoud-morocco awe-weather-ajax-wrap\" style=\"\"><div class=\"awe-loading\"><i class=\"wi wi-day-sunny\"><\/i><\/div><\/div><script type=\"text\/javascript\"> jQuery(document).ready(function() { awe_ajax_load({\"location\":\"Erfoud, Morocco\",\"units\":\"F\",\"size\":\"tall\",\"override_title\":\"Merzouga, Morocco\",\"forecast_days\":\"3\",\"hide_stats\":\"0\",\"background\":\"http:\\\/\\\/usnomadstudio.com\\\/usnomads\\\/blog\\\/wp-content\\\/uploads\\\/2014\\\/02\\\/24545711.jpg\",\"custom_bg_color\":\"#cccccc\",\"inline_style\":\"width: 225px; margin: 0px; float: left;\",\"id\":\"awesome-weather-erfoud-morocco\",\"ajaxurl\":\"http:\\\/\\\/usnomadstudio.com\\\/usnomads\\\/blog\\\/wp-admin\\\/admin-ajax.php\",\"via_ajax\":1}); }); <\/script><br><\/p>\n<p>Detailed weather: <a href=\"http:\/\/www.wunderground.com\/q\/locid:MO015327\" target=\"_blank\">Errachida<\/a><\/p>\n<hr>\n<p><strong>RALLY COUNTDOWN<\/strong><br \/>\n<\/p>\n<hr>\n<p><a href=\"http:\/\/www.pinterest.com\/teamusnomads\/\" target=\"_blank\"><img loading=\"lazy\" width=\"464\" height=\"750\" src=\"http:\/\/usnomadstudio.com\/usnomads\/blog\/wp-content\/uploads\/2014\/02\/771ae1072c022bcc4a97ca3f0fb2f5a3.jpg\" class=\"alignleft size-full wp-image-1085\" srcset=\"http:\/\/usnomadstudio.com\/usnomads\/blog\/wp-content\/uploads\/2014\/02\/771ae1072c022bcc4a97ca3f0fb2f5a3.jpg 464w, http:\/\/usnomadstudio.com\/usnomads\/blog\/wp-content\/uploads\/2014\/02\/771ae1072c022bcc4a97ca3f0fb2f5a3-185x300.jpg 185w, http:\/\/usnomadstudio.com\/usnomads\/blog\/wp-content\/uploads\/2014\/02\/771ae1072c022bcc4a97ca3f0fb2f5a3-105x170.jpg 105w, http:\/\/usnomadstudio.com\/usnomads\/blog\/wp-content\/uploads\/2014\/02\/771ae1072c022bcc4a97ca3f0fb2f5a3-420x680.jpg 420w\" sizes=\"(max-width: 464px) 100vw, 464px\" \/><\/a><\/p>\n<hr \/>\n<p><strong>MORE NOTES FROM THE ROAD:<\/strong><br \/>\n<a href=\"http:\/\/usnomadstudio.com\/usnomads\/blog\/?page_id=1348\">8 to 14 Feb 2014<\/a>\u2028<br \/>\n<a href=\"http:\/\/usnomadstudio.com\/usnomads\/blog\/?page_id=1261\">1 to 7 Feb 2014<\/a>\u2028<br \/>\n<a href=\"http:\/\/usnomadstudio.com\/usnomads\/blog\/?page_id=1334\">January 2014<\/a>\u2028<br \/>\n<a href=\"http:\/\/usnomadstudio.com\/usnomads\/blog\/?portfolio=notes-from-the-road-archive\">Archive<\/a>\u2028<br>   <\/p>\n<hr \/>\n<p><strong>FEATURE<\/strong><br \/>\n<a href=\"http:\/\/usnomadstudio.com\/usnomads\/blog\/?page_id=793\"><img src=\"http:\/\/usnomadstudio.com\/usnomads\/blog\/wp-content\/uploads\/2013\/10\/Slider_blog_front-dunes.jpg\"><\/a><\/p>\n<h6><a href=\"http:\/\/usnomadstudio.com\/usnomads\/blog\/?page_id=793\"><strong>SOMETHING ABOUT SAND DUNES<\/strong><\/a> <\/h6>\n<p>There is something mysterious about the vast seas of sand, the great ergs, of the Sahara. They stand intimidating in their magnificence, and the idea of even trying to drive across them seems pure folly. Yet that is exactly what we will have to do during the Gazelle Rally\u2026 <a href=\"http:\/\/usnomadstudio.com\/usnomads\/blog\/?page_id=793\">[read]<\/a><\/p>\n<hr \/>\n<p><a href=\"http:\/\/usnomads.org\/?page_id=101\" target=\"_blank\"><img loading=\"lazy\" width=\"300\" height=\"179\" src=\"http:\/\/usnomadstudio.com\/usnomads\/blog\/wp-content\/uploads\/2014\/02\/Website_Main-concentrate-300x179.jpg\"  class=\"alignleft size-medium wp-image-1479\" srcset=\"http:\/\/usnomadstudio.com\/usnomads\/blog\/wp-content\/uploads\/2014\/02\/Website_Main-concentrate-300x179.jpg 300w, http:\/\/usnomadstudio.com\/usnomads\/blog\/wp-content\/uploads\/2014\/02\/Website_Main-concentrate-500x300.jpg 500w, http:\/\/usnomadstudio.com\/usnomads\/blog\/wp-content\/uploads\/2014\/02\/Website_Main-concentrate-372x223.jpg 372w, http:\/\/usnomadstudio.com\/usnomads\/blog\/wp-content\/uploads\/2014\/02\/Website_Main-concentrate-283x170.jpg 283w, http:\/\/usnomadstudio.com\/usnomads\/blog\/wp-content\/uploads\/2014\/02\/Website_Main-concentrate.jpg 985w\" sizes=\"(max-width: 300px) 100vw, 300px\" \/><\/a><br \/>\nA true test of endurance, the Gazelle rally pushes teams to their limits in a struggle to overcome the harshest terrain in the Moroccan Sahara. The key to success is a seamless combination of off-road driving abiility, land navigation skills and strategic thinking. <a href=\"http:\/\/usnomads.org\/?page_id=101\" target=\"_blank\">Find out how the rally works&#8230;<\/a><br><\/p>\n<hr \/>\n<p><strong>160 TEAMS FOR THE 2014 RALLY<\/strong><br \/>\n<img class=\"alignnone size-full wp-image-952\" alt=\"\" src=\"http:\/\/usnomadstudio.com\/usnomads\/blog\/wp-content\/uploads\/2014\/02\/0330_Essaouira_ERI_010123.jpg\" \/><br \/>\nThis year there will be 160 teams competing in the Rallye Aicha des Gazelles: 320 women from 24 countries ranging in  age from 19 to 64. Nations represented include: France, Canada, USA, Morocco, Norway, Indonesia, Bulgaria, Italy, Colombia, Switzerland, Belgium, Egypt, Germany, Angola, Congo, Nigeria, Gabon, Portugal, UK, Vietnam, Yeman, South Africa, Senegal and French Polynesia.<\/p>\n<hr \/>\n<p><strong>ROUTE MAP<\/strong><\/p>\n<p><a href=\"http:\/\/usnomadstudio.com\/usnomads\/blog\/wp-content\/uploads\/2014\/02\/RouteMap-650w.jpg\" target=\"_blank\"><img loading=\"lazy\" width=\"650\" height=\"541\" class=\"alignnone size-full wp-image-979\" alt=\"\" src=\"http:\/\/usnomadstudio.com\/usnomads\/blog\/wp-content\/uploads\/2014\/02\/RouteMap-650w.jpg\" srcset=\"http:\/\/usnomadstudio.com\/usnomads\/blog\/wp-content\/uploads\/2014\/02\/RouteMap-650w.jpg 650w, http:\/\/usnomadstudio.com\/usnomads\/blog\/wp-content\/uploads\/2014\/02\/RouteMap-650w-300x249.jpg 300w, http:\/\/usnomadstudio.com\/usnomads\/blog\/wp-content\/uploads\/2014\/02\/RouteMap-650w-360x300.jpg 360w, http:\/\/usnomadstudio.com\/usnomads\/blog\/wp-content\/uploads\/2014\/02\/RouteMap-650w-267x223.jpg 267w, http:\/\/usnomadstudio.com\/usnomads\/blog\/wp-content\/uploads\/2014\/02\/RouteMap-650w-204x170.jpg 204w\" sizes=\"(max-width: 650px) 100vw, 650px\" \/><\/a><\/p>\n<hr \/>\n<p><strong>MORE INFO:<\/strong><br \/>\n<a href=\"http:\/\/usnomads.org\/\" target=\"_blank\">About Team 171 US Nomads<\/a><br \/>\n<a href=\"http:\/\/usnomadstudio.com\/usnomads\/blog\/?page_id=378\" target=\"_blank\">Team Training<\/a><br \/>\n<a href=\"http:\/\/usnomadstudio.com\/usnomads\/blog\/?page_id=407\" target=\"_blank\">Practical Matters &#8212; Logistics<\/a><br \/>\n<a href=\"http:\/\/usnomadstudio.com\/usnomads\/blog\/?page_id=409\" target=\"_blank\">In Our Words &#8212; Reflections<\/a><br \/>\n<a href=\"http:\/\/usnomadstudio.com\/usnomads\/blog\/?page_id=411\" target=\"_blank\">Team News<\/a><br \/>\n<a href=\"mailto:jomarie@going2sahara.org\">Contact Us<\/a><br><\/p>\n<\/div>\n<div class=\"clear\"><\/div>\n<\/div>\n<p><\/div>\n","protected":false},"excerpt":{"rendered":"","protected":false},"author":1,"featured_media":0,"parent":1120,"menu_order":4,"comment_status":"closed","ping_status":"closed","template":"","meta":[],"_links":{"self":[{"href":"http:\/\/usnomadstudio.com\/usnomads\/blog\/index.php?rest_route=\/wp\/v2\/pages\/1435"}],"collection":[{"href":"http:\/\/usnomadstudio.com\/usnomads\/blog\/index.php?rest_route=\/wp\/v2\/pages"}],"about":[{"href":"http:\/\/usnomadstudio.com\/usnomads\/blog\/index.php?rest_route=\/wp\/v2\/types\/page"}],"author":[{"embeddable":true,"href":"http:\/\/usnomadstudio.com\/usnomads\/blog\/index.php?rest_route=\/wp\/v2\/users\/1"}],"replies":[{"embeddable":true,"href":"http:\/\/usnomadstudio.com\/usnomads\/blog\/index.php?rest_route=%2Fwp%2Fv2%2Fcomments&post=1435"}],"version-history":[{"count":20,"href":"http:\/\/usnomadstudio.com\/usnomads\/blog\/index.php?rest_route=\/wp\/v2\/pages\/1435\/revisions"}],"predecessor-version":[{"id":1816,"href":"http:\/\/usnomadstudio.com\/usnomads\/blog\/index.php?rest_route=\/wp\/v2\/pages\/1435\/revisions\/1816"}],"up":[{"embeddable":true,"href":"http:\/\/usnomadstudio.com\/usnomads\/blog\/index.php?rest_route=\/wp\/v2\/pages\/1120"}],"wp:attachment":[{"href":"http:\/\/usnomadstudio.com\/usnomads\/blog\/index.php?rest_route=%2Fwp%2Fv2%2Fmedia&parent=1435"}],"curies":[{"name":"wp","href":"https:\/\/api.w.org\/{rel}","templated":true}]}}