{"id":1193,"date":"2014-04-01T19:22:37","date_gmt":"2014-04-01T19:22:37","guid":{"rendered":"http:\/\/usnomadstudio.com\/usnomads\/blog\/?page_id=1193"},"modified":"2014-05-23T17:36:17","modified_gmt":"2014-05-23T17:36:17","slug":"notes-from-the-road-mar-31","status":"publish","type":"page","link":"http:\/\/usnomadstudio.com\/usnomads\/blog\/?page_id=1193","title":{"rendered":"Notes from the Road &#8211; April 2014"},"content":{"rendered":"<div class=\"container\"><\/p>\n<div class=\"heading_wrapper\">\n<div class=\"eight columns\">\n<h2>NOTES FROM THE ROAD<\/h2>\n<hr \/>\n<p><a href=\"http:\/\/usnomadstudio.com\/usnomads\/blog\/?page_id=2328\">< more recent<\/a> | APRIL 2014 | <a href=\"http:\/\/usnomadstudio.com\/usnomads\/blog\/?page_id=1189\">older ><\/a> <\/p>\n<hr \/>\n<h5>ON THE ROCKS AT RAUSCH CREEK<\/h5>\n<h6><strong>Enjoying some Jeep time closer to home&#8230;<\/strong><\/h6>\n<p><br><img loading=\"lazy\" src=\"http:\/\/usnomadstudio.com\/usnomads\/blog\/wp-content\/uploads\/2013\/10\/Rausch_APR2014_Jeep_DSCN0430_650w.jpg\" alt=\"\" width=\"650\" height=\"421\" class=\"alignleft size-full wp-image-2251\" srcset=\"http:\/\/usnomadstudio.com\/usnomads\/blog\/wp-content\/uploads\/2013\/10\/Rausch_APR2014_Jeep_DSCN0430_650w.jpg 650w, http:\/\/usnomadstudio.com\/usnomads\/blog\/wp-content\/uploads\/2013\/10\/Rausch_APR2014_Jeep_DSCN0430_650w-300x194.jpg 300w, http:\/\/usnomadstudio.com\/usnomads\/blog\/wp-content\/uploads\/2013\/10\/Rausch_APR2014_Jeep_DSCN0430_650w-463x300.jpg 463w, http:\/\/usnomadstudio.com\/usnomads\/blog\/wp-content\/uploads\/2013\/10\/Rausch_APR2014_Jeep_DSCN0430_650w-344x223.jpg 344w, http:\/\/usnomadstudio.com\/usnomads\/blog\/wp-content\/uploads\/2013\/10\/Rausch_APR2014_Jeep_DSCN0430_650w-262x170.jpg 262w\" sizes=\"(max-width: 650px) 100vw, 650px\" \/><\/p>\n<p><br><\/p>\n<p><strong>12 APRIL 2014:<\/strong> Took some time out this weekend and headed west to the Blue Mountains of Pennsylvania where I could give the Jeep a workout at <a href=\"http:\/\/rc4x4.org\" target=\"_blank\">Rausch Creek<\/a>. Temporarily trading in the desert sand for rocks and mud, I was re-familiarizing myself with the typical terrain back in the north-east of the U.S.A. It was a great weekend to be out in the woods exploring new trails and getting focused&#8230; <br>\n<\/p>\n<p><br><\/p>\n<hr>\n<h5>THE RALLY POSTSCRIPT<\/h5>\n<h6><strong>The road ends back in New York, &#8220;home&#8221; after a long but wonderful adventure&#8230;<\/strong><\/h6>\n<p><br><img loading=\"lazy\" src=\"http:\/\/usnomadstudio.com\/usnomads\/blog\/wp-content\/uploads\/2014\/04\/LI_APR2014_FullMoon_650w.jpg\" alt=\"LI_APR2014_FullMoon_650w\" width=\"650\" height=\"488\" class=\"alignleft size-full wp-image-2302\" srcset=\"http:\/\/usnomadstudio.com\/usnomads\/blog\/wp-content\/uploads\/2014\/04\/LI_APR2014_FullMoon_650w.jpg 650w, http:\/\/usnomadstudio.com\/usnomads\/blog\/wp-content\/uploads\/2014\/04\/LI_APR2014_FullMoon_650w-300x225.jpg 300w, http:\/\/usnomadstudio.com\/usnomads\/blog\/wp-content\/uploads\/2014\/04\/LI_APR2014_FullMoon_650w-399x300.jpg 399w, http:\/\/usnomadstudio.com\/usnomads\/blog\/wp-content\/uploads\/2014\/04\/LI_APR2014_FullMoon_650w-297x223.jpg 297w, http:\/\/usnomadstudio.com\/usnomads\/blog\/wp-content\/uploads\/2014\/04\/LI_APR2014_FullMoon_650w-226x170.jpg 226w\" sizes=\"(max-width: 650px) 100vw, 650px\" \/><\/p>\n<p><br><\/p>\n<p><strong>6 APRIL 2014:<\/strong> Finally made it home tonight, after more than a month on the road driving from Europe to Africa and back in the amazing adventure they call the Rallye Aicha des Gazelles. My head is brimming with a confused collage of the experiences of the rally. The journey of the past month has been intense, but I think the real &#8220;learning&#8221; has come through all I did to get there. In some ways after all that, the rally itself was simply the &#8220;public proof&#8221; &#8212; kind of like the &#8220;recital&#8221; at the end of dancing school. And now, as I reflect upon the whole thing, sitting under a full moon, warm and cozy in front of a fire on my terrace back home, I wonder where I&#8217;m headed next&#8230;<br>\n<\/p>\n<p><br><\/p>\n<hr \/>\n<h5>RETURN TO PARIS<\/h5>\n<h6><strong>After the rally the journey isn&#8217;t over &#8212; we still have several days of travel before &#8220;home&#8221;&#8230;<\/strong><\/h6>\n<p><br><img loading=\"lazy\" src=\"http:\/\/usnomadstudio.com\/usnomads\/blog\/wp-content\/uploads\/2014\/04\/GAZ14_returnParis_DSCN0404_650w.jpg\" alt=\"GAZ14_returnParis_DSCN0404_650w\" width=\"650\" height=\"488\" class=\"alignleft size-full wp-image-2281\" srcset=\"http:\/\/usnomadstudio.com\/usnomads\/blog\/wp-content\/uploads\/2014\/04\/GAZ14_returnParis_DSCN0404_650w.jpg 650w, http:\/\/usnomadstudio.com\/usnomads\/blog\/wp-content\/uploads\/2014\/04\/GAZ14_returnParis_DSCN0404_650w-300x225.jpg 300w, http:\/\/usnomadstudio.com\/usnomads\/blog\/wp-content\/uploads\/2014\/04\/GAZ14_returnParis_DSCN0404_650w-399x300.jpg 399w, http:\/\/usnomadstudio.com\/usnomads\/blog\/wp-content\/uploads\/2014\/04\/GAZ14_returnParis_DSCN0404_650w-297x223.jpg 297w, http:\/\/usnomadstudio.com\/usnomads\/blog\/wp-content\/uploads\/2014\/04\/GAZ14_returnParis_DSCN0404_650w-226x170.jpg 226w\" sizes=\"(max-width: 650px) 100vw, 650px\" \/><\/p>\n<p><br><\/p>\n<p><strong>3 APRIL 2014:<\/strong> Arrived in Paris late last night after a fourteen hour drive from Barcelona with minimal stops en route. The road home seems a lot longer than the road to the rally &#8212; though I imagine it just feels that way.<br><br \/>\nIt&#8217;s been an amazing journey and I have the impression we have been gone for a lot longer than two weeks. The desert has worked its magic, leaving a lasting impression. It will take a while to make sense of all the &#8220;lessons&#8221; learned during this intense immersion, but I think that we have made some important &#8220;discoveries&#8221; both on the practical and the more metaphysical level.<br><br \/>\nNow it is time to begin thinking about &#8220;next steps.&#8221;<\/p>\n<p><br><\/p>\n<hr>\n<h6><a href=\"http:\/\/usnomadstudio.com\/usnomads\/blog\/?page_id=1189\">PREVIOUS NOTES FROM THE ROAD<\/a> <a href=\"http:\/\/usnomadstudio.com\/usnomads\/blog\/?page_id=1189\">><\/a> <\/h6>\n<\/p><\/div>\n<div class=\"four columns\">\n<hr \/>\n<p><strong>COMING UP SOON:<\/strong><br \/>\n<img loading=\"lazy\" src=\"http:\/\/usnomadstudio.com\/usnomads\/blog\/wp-content\/uploads\/2014\/04\/UpNext-overland_02.jpg\" alt=\"UpNext-overland_02\" width=\"250\" height=\"235\" class=\"alignleft size-full wp-image-2319\" srcset=\"http:\/\/usnomadstudio.com\/usnomads\/blog\/wp-content\/uploads\/2014\/04\/UpNext-overland_02.jpg 250w, http:\/\/usnomadstudio.com\/usnomads\/blog\/wp-content\/uploads\/2014\/04\/UpNext-overland_02-237x223.jpg 237w, http:\/\/usnomadstudio.com\/usnomads\/blog\/wp-content\/uploads\/2014\/04\/UpNext-overland_02-180x170.jpg 180w\" sizes=\"(max-width: 250px) 100vw, 250px\" \/><br \/>\nUSnomads is going to <a href=\"http:\/\/www.overlandexpo.com\/details\/\" target=\"_blank\">Overland Expo<\/a>, an international event that educates and inspires people to get out and explore the world. The three-day event brings thousands of overlanders to Flagstaff, AZ for a chance to connect and exchange information. <br><\/p>\n<hr \/>\n<p><strong>SUPPORTING MOTHERS<\/strong><br \/>\n<a href=\"http:\/\/www.motherstomothers.net\" target=\"_blank\"><img loading=\"lazy\" src=\"http:\/\/usnomadstudio.com\/usnomads\/blog\/wp-content\/uploads\/2014\/02\/m2mIcon.jpg\" alt=\"\" width=\"300\" height=\"187\" class=\"alignleft size-full wp-image-1794\" srcset=\"http:\/\/usnomadstudio.com\/usnomads\/blog\/wp-content\/uploads\/2014\/02\/m2mIcon.jpg 300w, http:\/\/usnomadstudio.com\/usnomads\/blog\/wp-content\/uploads\/2014\/02\/m2mIcon-272x170.jpg 272w\" sizes=\"(max-width: 300px) 100vw, 300px\" \/><\/a><br \/>\nTeam USnomads is proud to support the work of <a href=\"http:\/\/www.motherstomothers.net\" target=\"_blank\">MothersToMothers<\/a>, a 501(c)3 non-profit organization that recognizes the ability of mothers to change their destiny. MothersToMothers, founded by Pamela Parlapiano, partners with local women to create community supported day care and learning centers that change lives. Their model project in Amacho Wato Kebele, Ethiopia, has shown how with just a little help, the mothers in the community can improve the lives of a whole village. Please join us in supporting their efforts to take this successful model to more villages: <a href=\"http:\/\/www.motherstomothers.net\" target=\"_blank\">Donate to MothersToMothers here.<\/a> (Note that all donations go 100% directly to MothersToMothers).<br><\/p>\n<hr \/>\n<p><strong>TEAM 171 PRESENTATION<\/strong><\/p>\n<p><img loading=\"lazy\" src=\"http:\/\/usnomadstudio.com\/usnomads\/blog\/wp-content\/uploads\/2014\/02\/GAZ_D1-Dreux_US_IMG_4214-retouch_650w-300x223.jpg\" alt=\"\" width=\"300\" height=\"223\" class=\"alignleft size-medium wp-image-1878\" srcset=\"http:\/\/usnomadstudio.com\/usnomads\/blog\/wp-content\/uploads\/2014\/02\/GAZ_D1-Dreux_US_IMG_4214-retouch_650w-300x223.jpg 300w, http:\/\/usnomadstudio.com\/usnomads\/blog\/wp-content\/uploads\/2014\/02\/GAZ_D1-Dreux_US_IMG_4214-retouch_650w-402x300.jpg 402w, http:\/\/usnomadstudio.com\/usnomads\/blog\/wp-content\/uploads\/2014\/02\/GAZ_D1-Dreux_US_IMG_4214-retouch_650w-298x223.jpg 298w, http:\/\/usnomadstudio.com\/usnomads\/blog\/wp-content\/uploads\/2014\/02\/GAZ_D1-Dreux_US_IMG_4214-retouch_650w-227x170.jpg 227w, http:\/\/usnomadstudio.com\/usnomads\/blog\/wp-content\/uploads\/2014\/02\/GAZ_D1-Dreux_US_IMG_4214-retouch_650w.jpg 650w\" sizes=\"(max-width: 300px) 100vw, 300px\" \/><br><br \/>\nUSnomads, c&#8217;est l&#8217;histoire d&#8217;une amiti\u00e9 de plus de 20 ans, qui s&#8217;est construite \u00e0 travers le temps, les cultures, les exp\u00e9riences de la vie et des voyages. Seule l&#8217;union de deux caract\u00e8res forts et respectueux l&#8217;un de l&#8217;autre explique que nous soyons arriv\u00e9es \u00e0 nos fins dans chacun de nos d\u00e9fis.<br><br \/>\nCeci est notre premi\u00e8re participation au Rallye des gazelles et nous ne sommes pas des professionels, mais JoMarie a une certaine exp\u00e9rience de l&#8217;Afrique et des situations d&#8217;urgence. D&#8217;autre part, elle s&#8217;est totalement investie dans la pr\u00e9paration de cette course et Isabelle s&#8217;est r\u00e9cemment mise \u00e0 la navigation.<br><br \/>\nLe Rallye des gazelles dans le d\u00e9sert marocain sera le th\u00e9\u00e2tre d&#8217;une nouvelle \u00e9preuve pour nous : une Jeep, une boussole, une carte et tout le pouvoir de notre volont\u00e9 d&#8217;y parvenir fera le reste.<br><br \/>\nCe d\u00e9fi sportif s&#8217;inscrit dans un projet humain plus large, celui de traverser le d\u00e9sert du Sahara d&#8217;Ouest en Est dans l&#8217;espoir d&#8217;accompagner les \u00e9quipes d&#8217;ONG dans leurs micro-projets d&#8217;aide aux peuplades nomades locales. JoMarie en produira un film documentaire qui donnera \u00e0 mieux connaitre les hommes de cette partie du monde.<br><br \/>\nL&#8217;\u00e9quipe 171 prendra fi\u00e8rement son envol le 15 mars 2014 avec toutes les autres participantes ! Et que les meilleures gagnent !<br><br \/>\nMais quelle valeur et quelle port\u00e9e aurait cette le\u00e7on de vie, si nous n&#8217;\u00e9tions pas soutenues par l&#8217;amour de nos proches, de nos amis et de tous ceux qui nous entourent. Merci !<\/p>\n<\/div>\n<div class=\"four columns\">\n<hr>\n<p><strong>CURRENT WEATHER<\/strong><\/p>\n<p><div id=\"awe-ajax-awesome-weather-new-york\" class=\"awe-ajax-awesome-weather-new-york awe-weather-ajax-wrap\" style=\"\"><div class=\"awe-loading\"><i class=\"wi wi-day-sunny\"><\/i><\/div><\/div><script type=\"text\/javascript\"> jQuery(document).ready(function() { awe_ajax_load({\"location\":\"New York\",\"units\":\"F\",\"size\":\"tall\",\"override_title\":\"New York\",\"forecast_days\":\"3\",\"hide_stats\":\"0\",\"background\":\"http:\\\/\\\/usnomadstudio.com\\\/usnomads\\\/blog\\\/wp-content\\\/uploads\\\/2014\\\/02\\\/24545711.jpg\",\"custom_bg_color\":\"#cccccc\",\"inline_style\":\"width: 225px; margin: 0px; float: left;\",\"id\":\"awesome-weather-new-york\",\"ajaxurl\":\"http:\\\/\\\/usnomadstudio.com\\\/usnomads\\\/blog\\\/wp-admin\\\/admin-ajax.php\",\"via_ajax\":1}); }); <\/script><br><\/p>\n<p><a href=\"http:\/\/wxug.us\/1fnab\" target=\"_blank\">Nesconset<\/a> | <a href=\"http:\/\/wxug.us\/1g9g5\" target=\"_blank\">Paris<\/a> | <a href=\"http:\/\/wxug.us\/1h046\" target=\"_blank\">Rausch Creek<\/a><\/p>\n<hr>\n<p><a href=\"http:\/\/www.pinterest.com\/teamusnomads\/\" target=\"_blank\"><img loading=\"lazy\" src=\"http:\/\/usnomadstudio.com\/usnomads\/blog\/wp-content\/uploads\/2014\/02\/3d1d48dc3aeae6e159998c6103eb9d1e.jpg\" alt=\"3d1d48dc3aeae6e159998c6103eb9d1e\" width=\"719\" height=\"1110\" class=\"alignleft size-full wp-image-1038\" srcset=\"http:\/\/usnomadstudio.com\/usnomads\/blog\/wp-content\/uploads\/2014\/02\/3d1d48dc3aeae6e159998c6103eb9d1e.jpg 719w, http:\/\/usnomadstudio.com\/usnomads\/blog\/wp-content\/uploads\/2014\/02\/3d1d48dc3aeae6e159998c6103eb9d1e-194x300.jpg 194w, http:\/\/usnomadstudio.com\/usnomads\/blog\/wp-content\/uploads\/2014\/02\/3d1d48dc3aeae6e159998c6103eb9d1e-663x1024.jpg 663w, http:\/\/usnomadstudio.com\/usnomads\/blog\/wp-content\/uploads\/2014\/02\/3d1d48dc3aeae6e159998c6103eb9d1e-144x223.jpg 144w, http:\/\/usnomadstudio.com\/usnomads\/blog\/wp-content\/uploads\/2014\/02\/3d1d48dc3aeae6e159998c6103eb9d1e-110x170.jpg 110w, http:\/\/usnomadstudio.com\/usnomads\/blog\/wp-content\/uploads\/2014\/02\/3d1d48dc3aeae6e159998c6103eb9d1e-440x680.jpg 440w\" sizes=\"(max-width: 719px) 100vw, 719px\" \/><\/a><\/p>\n<hr>\n<p><strong>MORE NOTES FROM THE ROAD:<\/strong><br \/>\n<a href=\"http:\/\/usnomadstudio.com\/usnomads\/blog\/?page_id=1189\">29 March \u2013 The Finish Line<\/a><br \/>\n<a href=\"http:\/\/usnomadstudio.com\/usnomads\/blog\/?page_id=1187\">28 March \u2013 To Essaouira<\/a><br \/>\n<a href=\"http:\/\/usnomadstudio.com\/usnomads\/blog\/?page_id=1185\">27 March \u2013 Leg 6: Foum Zguid South<\/a><br \/>\n<a href=\"http:\/\/usnomadstudio.com\/usnomads\/blog\/?page_id=1183\">26 March \u2013 Leg 5: 2nd Marathon Day 2<\/a><br \/>\n<a href=\"http:\/\/usnomadstudio.com\/usnomads\/blog\/?page_id=1181\">25 March \u2013 Leg 5: 2nd Marathon Day 1<\/a><br \/>\n<a href=\"http:\/\/usnomadstudio.com\/usnomads\/blog\/?page_id=1179\">24 March \u2013 Leg 4: 1st Marathon Day 2<\/a><br \/>\n<a href=\"http:\/\/usnomadstudio.com\/usnomads\/blog\/?page_id=1177\">23 March \u2013 Leg 4: 1st Marathon Day 1<\/a><br \/>\n<a href=\"http:\/\/usnomadstudio.com\/usnomads\/blog\/?page_id=1175\">22 March \u2013 Leg 3: Merzouga<\/a><br \/>\n<a href=\"http:\/\/usnomadstudio.com\/usnomads\/blog\/?page_id=1173\">21 March \u2013 Leg 2: Nejakh North<\/a><br \/>\n<a href=\"http:\/\/usnomadstudio.com\/usnomads\/blog\/?page_id=1171\">20 March \u2013 Leg 1: Nejakh South<\/a><br \/>\n<a href=\"http:\/\/usnomadstudio.com\/usnomads\/blog\/?page_id=1169\">19 March \u2013 Prologue<\/a><br \/>\n<a href=\"http:\/\/usnomadstudio.com\/usnomads\/blog\/?page_id=1167\">18 March \u2013 To Erfoud<\/a><br \/>\n<a href=\"http:\/\/usnomadstudio.com\/usnomads\/blog\/?page_id=1165\">17 March \u2013 Ferry to Tangiers<\/a><br \/>\n<a href=\"http:\/\/usnomadstudio.com\/usnomads\/blog\/?page_id=1163\">16 March \u2013 To Barcelona<\/a><br \/>\n<a href=\"http:\/\/usnomadstudio.com\/usnomads\/blog\/?page_id=1161\">15 March \u2013 Paris Presentation<\/a><br \/>\n<a href=\"http:\/\/usnomadstudio.com\/usnomads\/blog\/?page_id=1159\">14 March \u2013 Technical Verification day<\/a><br \/>\n<a href=\"http:\/\/usnomadstudio.com\/usnomads\/blog\/?page_id=1444\">8 to 13 Mar 2014 &#8211; Paris: Preparations<\/a>\u2028<br \/>\n<a href=\"http:\/\/usnomadstudio.com\/usnomads\/blog\/?portfolio=notes-from-the-road-archive\">Archive<\/a><br><\/p>\n<hr \/>\n<p><a href=\"http:\/\/usnomads.org\/?page_id=101\" target=\"_blank\"><img loading=\"lazy\" width=\"300\" height=\"179\" src=\"http:\/\/usnomadstudio.com\/usnomads\/blog\/wp-content\/uploads\/2014\/02\/Website_Main-concentrate-300x179.jpg\"  class=\"alignleft size-medium wp-image-1479\" srcset=\"http:\/\/usnomadstudio.com\/usnomads\/blog\/wp-content\/uploads\/2014\/02\/Website_Main-concentrate-300x179.jpg 300w, http:\/\/usnomadstudio.com\/usnomads\/blog\/wp-content\/uploads\/2014\/02\/Website_Main-concentrate-500x300.jpg 500w, http:\/\/usnomadstudio.com\/usnomads\/blog\/wp-content\/uploads\/2014\/02\/Website_Main-concentrate-372x223.jpg 372w, http:\/\/usnomadstudio.com\/usnomads\/blog\/wp-content\/uploads\/2014\/02\/Website_Main-concentrate-283x170.jpg 283w, http:\/\/usnomadstudio.com\/usnomads\/blog\/wp-content\/uploads\/2014\/02\/Website_Main-concentrate.jpg 985w\" sizes=\"(max-width: 300px) 100vw, 300px\" \/><\/a><br \/>\nA true test of endurance, the Gazelle rally pushes teams to their limits in a struggle to overcome the harshest terrain in the Moroccan Sahara. The key to success is a seamless combination of off-road driving abiility, land navigation skills and strategic thinking. <a href=\"http:\/\/usnomads.org\/?page_id=101\" target=\"_blank\">Find out how the rally works&#8230;<\/a><br><\/p>\n<hr \/>\n<p><strong>MORE INFO:<\/strong><br \/>\n<a href=\"http:\/\/usnomads.org\/\" target=\"_blank\">About Team 171 US Nomads<\/a><br \/>\n<a href=\"http:\/\/usnomadstudio.com\/usnomads\/blog\/?page_id=378\" target=\"_blank\">Team Training<\/a><br \/>\n<a href=\"http:\/\/usnomadstudio.com\/usnomads\/blog\/?page_id=407\" target=\"_blank\">Practical Matters<\/a><br \/>\n<a href=\"http:\/\/usnomadstudio.com\/usnomads\/blog\/?page_id=409\" target=\"_blank\">In Our Words<\/a><br \/>\n<a href=\"http:\/\/usnomadstudio.com\/usnomads\/blog\/?page_id=411\" target=\"_blank\">Team News<\/a><br \/>\n<a href=\"mailto:feccifoto@aol.com\" target=\"_blank\">Contact Us<\/a><br><\/p>\n<hr><\/div>\n<div class=\"clear\"><\/div>\n<\/p><\/div>\n<p><\/div>\n","protected":false},"excerpt":{"rendered":"","protected":false},"author":2,"featured_media":0,"parent":1120,"menu_order":331,"comment_status":"closed","ping_status":"closed","template":"","meta":[],"_links":{"self":[{"href":"http:\/\/usnomadstudio.com\/usnomads\/blog\/index.php?rest_route=\/wp\/v2\/pages\/1193"}],"collection":[{"href":"http:\/\/usnomadstudio.com\/usnomads\/blog\/index.php?rest_route=\/wp\/v2\/pages"}],"about":[{"href":"http:\/\/usnomadstudio.com\/usnomads\/blog\/index.php?rest_route=\/wp\/v2\/types\/page"}],"author":[{"embeddable":true,"href":"http:\/\/usnomadstudio.com\/usnomads\/blog\/index.php?rest_route=\/wp\/v2\/users\/2"}],"replies":[{"embeddable":true,"href":"http:\/\/usnomadstudio.com\/usnomads\/blog\/index.php?rest_route=%2Fwp%2Fv2%2Fcomments&post=1193"}],"version-history":[{"count":51,"href":"http:\/\/usnomadstudio.com\/usnomads\/blog\/index.php?rest_route=\/wp\/v2\/pages\/1193\/revisions"}],"predecessor-version":[{"id":2349,"href":"http:\/\/usnomadstudio.com\/usnomads\/blog\/index.php?rest_route=\/wp\/v2\/pages\/1193\/revisions\/2349"}],"up":[{"embeddable":true,"href":"http:\/\/usnomadstudio.com\/usnomads\/blog\/index.php?rest_route=\/wp\/v2\/pages\/1120"}],"wp:attachment":[{"href":"http:\/\/usnomadstudio.com\/usnomads\/blog\/index.php?rest_route=%2Fwp%2Fv2%2Fmedia&parent=1193"}],"curies":[{"name":"wp","href":"https:\/\/api.w.org\/{rel}","templated":true}]}}