{"id":1187,"date":"2014-02-06T19:21:05","date_gmt":"2014-02-06T19:21:05","guid":{"rendered":"http:\/\/usnomadstudio.com\/usnomads\/blog\/?page_id=1187"},"modified":"2014-05-07T19:41:56","modified_gmt":"2014-05-07T19:41:56","slug":"notes-from-the-road-mar-28","status":"publish","type":"page","link":"http:\/\/usnomadstudio.com\/usnomads\/blog\/?page_id=1187","title":{"rendered":"Notes from the Road &#8211; MAR 28"},"content":{"rendered":"<div class=\"container\"><\/p>\n<div class=\"heading_wrapper\">\n<div class=\"eight columns\">\n<h2>NOTES FROM THE ROAD<\/h2>\n<hr \/>\n<p><a href=\"http:\/\/usnomadstudio.com\/usnomads\/blog\/?page_id=1189\">< more recent<\/a> | 28 MAR 2014 | <a href=\"http:\/\/usnomadstudio.com\/usnomads\/blog\/?page_id=1185\">older ><\/a> <\/p>\n<hr \/>\n<h5>ON THE ROAD TO ESSAOURIA<\/h5>\n<p><br><img loading=\"lazy\" src=\"http:\/\/usnomadstudio.com\/usnomads\/blog\/wp-content\/uploads\/2014\/02\/093-JEM_24032014_Leg4_040019.jpg\" alt=\"\" width=\"600\" height=\"400\" class=\"alignleft size-full wp-image-2212\" srcset=\"http:\/\/usnomadstudio.com\/usnomads\/blog\/wp-content\/uploads\/2014\/02\/093-JEM_24032014_Leg4_040019.jpg 600w, http:\/\/usnomadstudio.com\/usnomads\/blog\/wp-content\/uploads\/2014\/02\/093-JEM_24032014_Leg4_040019-300x200.jpg 300w, http:\/\/usnomadstudio.com\/usnomads\/blog\/wp-content\/uploads\/2014\/02\/093-JEM_24032014_Leg4_040019-450x300.jpg 450w, http:\/\/usnomadstudio.com\/usnomads\/blog\/wp-content\/uploads\/2014\/02\/093-JEM_24032014_Leg4_040019-334x223.jpg 334w, http:\/\/usnomadstudio.com\/usnomads\/blog\/wp-content\/uploads\/2014\/02\/093-JEM_24032014_Leg4_040019-255x170.jpg 255w\" sizes=\"(max-width: 600px) 100vw, 600px\" \/><\/p>\n<h6><br><strong>Today the teams left the desert heading west, toward the coast where the ceremonial end of the Rally will take place<\/strong><\/h6>\n<p><br><\/p>\n<p><strong>28 MARCH 2014:<\/strong> This morning teams packed up their tents for the final time, and hit the road for the long journey to Essaouira. The Gazelles are free to go at their own pace today, and are no longer hooked up to satellite tracking devices. The competition has ended but there is still more driving to do.<br><br \/>\nAs they make their was west, they get a final look at the desert&#8217;s harsh beauty. Then the landscape begins to change. The smooth driving on road is a treat after so many days on the rough desert terrain, and at the end of the road is a luxurious hotel where they Gazelles can get reacquainted with &#8220;civilization&#8221; before tomorrow&#8217;s ceremonial finish on the beach at Essaouira. <br><br><\/p>\n<p>For more live coverage of Today&#8217;s event from the official Rally site: <a href=\"http:\/\/www.rallyeaichadesgazelles.com\/en\/photos+videos\" target=\"_blank\">English<\/a> | <a href=\"http:\/\/www.rallyeaichadesgazelles.com\/en\/photos+videos\" target=\"_blank\">Fran\u00e7ais<\/a><\/p>\n<p><br><\/p>\n<hr>\n<h5>VIDEO: THE RALLY WINNERS<\/h5>\n<p><br>M6 profiles the winners of the 24th edition of the Rally Aicha des Gazelles. [<em>Sorry for the obligatory advertisement at the start of this clip, it comes as part of the embedded resource, not our site.<\/em>]<\/p>\n<p><br><iframe frameborder=\"0\" width=\"480\" height=\"270\" src=\"http:\/\/www.dailymotion.com\/embed\/video\/x1lsbh1\" allowfullscreen><\/iframe><br \/><\/i><br><br><\/p>\n<hr>\n<h5>FINAL OVERALL RANKINGS<\/h5>\n<p><br>Team 171 USnomads completed the 24th edition of the Rally Aicha des Gazelles with a total &#8220;penalty&#8221; of 2226.24 overall (the value of the missed CPs plus the extra kilometers driven over the &#8220;ideal&#8221; course). The team ranked 59th among First-time Participants and 100th overall in the final standings.<br><br \/>\nHere&#8217;s the top ten 4&#215;4 teams in the final overall ranking:<br><br \/>\n<img loading=\"lazy\" src=\"http:\/\/usnomadstudio.com\/usnomads\/blog\/wp-content\/uploads\/2014\/02\/topten-finalranking.gif\" alt=\"topten-finalranking\" width=\"545\" height=\"778\" class=\"alignleft size-full wp-image-2223\" \/><br><\/p>\n<hr>\n<h6><a href=\"http:\/\/usnomadstudio.com\/usnomads\/blog\/?page_id=1185\">PREVIOUS NOTES FROM THE ROAD<\/a> <a href=\"http:\/\/usnomadstudio.com\/usnomads\/blog\/?page_id=1185\">><\/a> <\/h6>\n<\/p><\/div>\n<div class=\"four columns\">\n<hr>\n<p><strong>WHERE WE ARE<\/strong><\/p>\n<p><a href=\"https:\/\/maps.google.com\/maps\/ms?ie=UTF&#038;msa=0&#038;msid=211152032095924952977.0004f1704718010d10630\"><img loading=\"lazy\" src=\"http:\/\/usnomadstudio.com\/usnomads\/blog\/wp-content\/uploads\/2014\/02\/Where-towns-Essaouira_02.jpg\" alt=\"\" width=\"250\" height=\"235\" class=\"alignnone size-full wp-image-1681\" srcset=\"http:\/\/usnomadstudio.com\/usnomads\/blog\/wp-content\/uploads\/2014\/02\/Where-towns-Essaouira_02.jpg 250w, http:\/\/usnomadstudio.com\/usnomads\/blog\/wp-content\/uploads\/2014\/02\/Where-towns-Essaouira_02-237x223.jpg 237w, http:\/\/usnomadstudio.com\/usnomads\/blog\/wp-content\/uploads\/2014\/02\/Where-towns-Essaouira_02-180x170.jpg 180w\" sizes=\"(max-width: 250px) 100vw, 250px\" \/><\/a><\/p>\n<hr>\n<p><strong>ABOUT TODAY&#8217;S COURSE<\/strong><\/p>\n<p>TRANSFER TO ESSAOUIRA<br><br \/>\n<img loading=\"lazy\" src=\"http:\/\/usnomadstudio.com\/usnomads\/blog\/wp-content\/uploads\/2014\/02\/Essaouira1-300x225.jpg\" alt=\"\" width=\"300\" height=\"225\" class=\"alignnone size-medium wp-image-1649\" srcset=\"http:\/\/usnomadstudio.com\/usnomads\/blog\/wp-content\/uploads\/2014\/02\/Essaouira1-300x225.jpg 300w, http:\/\/usnomadstudio.com\/usnomads\/blog\/wp-content\/uploads\/2014\/02\/Essaouira1-1024x768.jpg 1024w, http:\/\/usnomadstudio.com\/usnomads\/blog\/wp-content\/uploads\/2014\/02\/Essaouira1-400x300.jpg 400w, http:\/\/usnomadstudio.com\/usnomads\/blog\/wp-content\/uploads\/2014\/02\/Essaouira1-297x223.jpg 297w, http:\/\/usnomadstudio.com\/usnomads\/blog\/wp-content\/uploads\/2014\/02\/Essaouira1-226x170.jpg 226w, http:\/\/usnomadstudio.com\/usnomads\/blog\/wp-content\/uploads\/2014\/02\/Essaouira1-906x680.jpg 906w\" sizes=\"(max-width: 300px) 100vw, 300px\" \/><br><br \/>\nEach year, the beach in Essaouira becomes the stage for a show that has become an event not to be missed: the official finish of the Rallye A\u00efcha des Gazelles du Maroc. An emotional moment when the Gazelles, organizers, guests, officials and supporters come together and celebrate the official arrival of the teams. The arrival is open to the public; supporters should be on the beach in Essaouira, across from the Sofitel Mogador, at 9:00, sharp. The day will end with a gala evening, then tomorrow, all of these Gazelles will be on their way home, their hearts brimming with images and memories, their pockets still harbouring a bit of desert sand\u2026 The Moroccan desert that is already awaiting their return next year, for the 25th edition of the Rallye A\u00efcha des Gazelles du Maroc!<\/p>\n<hr>\n<p><strong>SUPPORTING MOTHERS<\/strong><br \/>\n<a href=\"http:\/\/www.motherstomothers.net\" target=\"_blank\"><img loading=\"lazy\" src=\"http:\/\/usnomadstudio.com\/usnomads\/blog\/wp-content\/uploads\/2014\/02\/m2mIcon.jpg\" alt=\"\" width=\"300\" height=\"187\" class=\"alignleft size-full wp-image-1794\" srcset=\"http:\/\/usnomadstudio.com\/usnomads\/blog\/wp-content\/uploads\/2014\/02\/m2mIcon.jpg 300w, http:\/\/usnomadstudio.com\/usnomads\/blog\/wp-content\/uploads\/2014\/02\/m2mIcon-272x170.jpg 272w\" sizes=\"(max-width: 300px) 100vw, 300px\" \/><\/a><br \/>\nTeam USnomads is proud to support the work of <a href=\"http:\/\/www.motherstomothers.net\" target=\"_blank\">MothersToMothers<\/a>, a 501(c)3 non-profit organization that recognizes the ability of mothers to change their destiny. MothersToMothers, founded by Pamela Parlapiano, partners with local women to create community supported day care and learning centers that change lives. Their model project in Amacho Wato Kebele, Ethiopia, has shown how with just a little help, the mothers in the community can improve the lives of a whole village. Please join us in supporting their efforts to take this successful model to more villages: <a href=\"http:\/\/www.motherstomothers.net\" target=\"_blank\">Donate to MothersToMothers here.<\/a> (Note that all donations go 100% directly to MothersToMothers).<br><\/p>\n<hr>\n<p><strong>TEAM 171 PRESENTATION<\/strong><\/p>\n<p><img loading=\"lazy\" src=\"http:\/\/usnomadstudio.com\/usnomads\/blog\/wp-content\/uploads\/2014\/02\/GAZ_D1-Dreux_US_IMG_4214-retouch_650w-300x223.jpg\" alt=\"\" width=\"300\" height=\"223\" class=\"alignleft size-medium wp-image-1878\" srcset=\"http:\/\/usnomadstudio.com\/usnomads\/blog\/wp-content\/uploads\/2014\/02\/GAZ_D1-Dreux_US_IMG_4214-retouch_650w-300x223.jpg 300w, http:\/\/usnomadstudio.com\/usnomads\/blog\/wp-content\/uploads\/2014\/02\/GAZ_D1-Dreux_US_IMG_4214-retouch_650w-402x300.jpg 402w, http:\/\/usnomadstudio.com\/usnomads\/blog\/wp-content\/uploads\/2014\/02\/GAZ_D1-Dreux_US_IMG_4214-retouch_650w-298x223.jpg 298w, http:\/\/usnomadstudio.com\/usnomads\/blog\/wp-content\/uploads\/2014\/02\/GAZ_D1-Dreux_US_IMG_4214-retouch_650w-227x170.jpg 227w, http:\/\/usnomadstudio.com\/usnomads\/blog\/wp-content\/uploads\/2014\/02\/GAZ_D1-Dreux_US_IMG_4214-retouch_650w.jpg 650w\" sizes=\"(max-width: 300px) 100vw, 300px\" \/><br><br \/>\nUSnomads, c&#8217;est l&#8217;histoire d&#8217;une amiti\u00e9 de plus de 20 ans, qui s&#8217;est construite \u00e0 travers le temps, les cultures, les exp\u00e9riences de la vie et des voyages. Seule l&#8217;union de deux caract\u00e8res forts et respectueux l&#8217;un de l&#8217;autre explique que nous soyons arriv\u00e9es \u00e0 nos fins dans chacun de nos d\u00e9fis.<br><br \/>\nCeci est notre premi\u00e8re participation au Rallye des gazelles et nous ne sommes pas des professionels, mais JoMarie a une certaine exp\u00e9rience de l&#8217;Afrique et des situations d&#8217;urgence. D&#8217;autre part, elle s&#8217;est totalement investie dans la pr\u00e9paration de cette course et Isabelle s&#8217;est r\u00e9cemment mise \u00e0 la navigation.<br><br \/>\nLe Rallye des gazelles dans le d\u00e9sert marocain sera le th\u00e9\u00e2tre d&#8217;une nouvelle \u00e9preuve pour nous : une Jeep, une boussole, une carte et tout le pouvoir de notre volont\u00e9 d&#8217;y parvenir fera le reste.<br><br \/>\nCe d\u00e9fi sportif s&#8217;inscrit dans un projet humain plus large, celui de traverser le d\u00e9sert du Sahara d&#8217;Ouest en Est dans l&#8217;espoir d&#8217;accompagner les \u00e9quipes d&#8217;ONG dans leurs micro-projets d&#8217;aide aux peuplades nomades locales. JoMarie en produira un film documentaire qui donnera \u00e0 mieux connaitre les hommes de cette partie du monde.<br><br \/>\nL&#8217;\u00e9quipe 171 prendra fi\u00e8rement son envol le 15 mars 2014 avec toutes les autres participantes ! Et que les meilleures gagnent !<br><br \/>\nMais quelle valeur et quelle port\u00e9e aurait cette le\u00e7on de vie, si nous n&#8217;\u00e9tions pas soutenues par l&#8217;amour de nos proches, de nos amis et de tous ceux qui nous entourent. Merci !<\/p>\n<\/div>\n<div class=\"four columns\">\n<hr>\n<p><strong>CURRENT WEATHER<\/strong><\/p>\n<p><div id=\"awe-ajax-awesome-weather-merzouga-morocco\" class=\"awe-ajax-awesome-weather-merzouga-morocco awe-weather-ajax-wrap\" style=\"\"><div class=\"awe-loading\"><i class=\"wi wi-day-sunny\"><\/i><\/div><\/div><script type=\"text\/javascript\"> jQuery(document).ready(function() { awe_ajax_load({\"location\":\"Merzouga, Morocco\",\"units\":\"F\",\"size\":\"tall\",\"override_title\":\"Merzouga, Morocco\",\"forecast_days\":\"3\",\"hide_stats\":\"0\",\"background\":\"http:\\\/\\\/usnomadstudio.com\\\/usnomads\\\/blog\\\/wp-content\\\/uploads\\\/2014\\\/02\\\/24545711.jpg\",\"custom_bg_color\":\"#cccccc\",\"inline_style\":\"width: 225px; margin: 0px; float: left;\",\"id\":\"awesome-weather-merzouga-morocco\",\"ajaxurl\":\"http:\\\/\\\/usnomadstudio.com\\\/usnomads\\\/blog\\\/wp-admin\\\/admin-ajax.php\",\"via_ajax\":1}); }); <\/script><br><\/p>\n<p>Detailed weather: <a href=\"http:\/\/www.wunderground.com\/q\/locid:MO015327\" target=\"_blank\">Errachida<\/a><\/p>\n<hr>\n<p><a href=\"http:\/\/www.pinterest.com\/teamusnomads\/\" target=\"_blank\"><img loading=\"lazy\" src=\"http:\/\/usnomadstudio.com\/usnomads\/blog\/wp-content\/uploads\/2014\/02\/fce3c1b714f10241f4ba1b5994cdbbbc.jpg\" alt=\"\" width=\"500\" height=\"750\" class=\"alignleft size-full wp-image-1050\" srcset=\"http:\/\/usnomadstudio.com\/usnomads\/blog\/wp-content\/uploads\/2014\/02\/fce3c1b714f10241f4ba1b5994cdbbbc.jpg 500w, http:\/\/usnomadstudio.com\/usnomads\/blog\/wp-content\/uploads\/2014\/02\/fce3c1b714f10241f4ba1b5994cdbbbc-200x300.jpg 200w, http:\/\/usnomadstudio.com\/usnomads\/blog\/wp-content\/uploads\/2014\/02\/fce3c1b714f10241f4ba1b5994cdbbbc-148x223.jpg 148w, http:\/\/usnomadstudio.com\/usnomads\/blog\/wp-content\/uploads\/2014\/02\/fce3c1b714f10241f4ba1b5994cdbbbc-113x170.jpg 113w, http:\/\/usnomadstudio.com\/usnomads\/blog\/wp-content\/uploads\/2014\/02\/fce3c1b714f10241f4ba1b5994cdbbbc-453x680.jpg 453w\" sizes=\"(max-width: 500px) 100vw, 500px\" \/><\/a><\/p>\n<hr>\n<p><strong>MORE NOTES FROM THE ROAD:<\/strong><br \/>\n<a href=\"http:\/\/usnomadstudio.com\/usnomads\/blog\/?page_id=1185\">27 March \u2013 Leg 6: Foum Zguid South<\/a><br \/>\n<a href=\"http:\/\/usnomadstudio.com\/usnomads\/blog\/?page_id=1183\">26 March \u2013 Leg 5: 2nd Marathon Day 2<\/a><br \/>\n<a href=\"http:\/\/usnomadstudio.com\/usnomads\/blog\/?page_id=1181\">25 March \u2013 Leg 5: 2nd Marathon Day 1<\/a><br \/>\n<a href=\"http:\/\/usnomadstudio.com\/usnomads\/blog\/?page_id=1179\">24 March \u2013 Leg 4: 1st Marathon Day 2<\/a><br \/>\n<a href=\"http:\/\/usnomadstudio.com\/usnomads\/blog\/?page_id=1177\">23 March \u2013 Leg 4: 1st Marathon Day 1<\/a><br \/>\n<a href=\"http:\/\/usnomadstudio.com\/usnomads\/blog\/?page_id=1175\">22 March \u2013 Leg 3: Merzouga<\/a><br \/>\n<a href=\"http:\/\/usnomadstudio.com\/usnomads\/blog\/?page_id=1173\">21 March \u2013 Leg 2: Nejakh North<\/a><br \/>\n<a href=\"http:\/\/usnomadstudio.com\/usnomads\/blog\/?page_id=1171\">20 March \u2013 Leg 1: Nejakh South<\/a><br \/>\n<a href=\"http:\/\/usnomadstudio.com\/usnomads\/blog\/?page_id=1169\">19 March \u2013 Prologue<\/a><br \/>\n<a href=\"http:\/\/usnomadstudio.com\/usnomads\/blog\/?page_id=1167\">18 March \u2013 To Erfoud<\/a><br \/>\n<a href=\"http:\/\/usnomadstudio.com\/usnomads\/blog\/?page_id=1165\">17 March \u2013 Ferry to Tangiers<\/a><br \/>\n<a href=\"http:\/\/usnomadstudio.com\/usnomads\/blog\/?page_id=1163\">16 March \u2013 To Barcelona<\/a><br \/>\n<a href=\"http:\/\/usnomadstudio.com\/usnomads\/blog\/?page_id=1161\">15 March \u2013 Paris Presentation<\/a><br \/>\n<a href=\"http:\/\/usnomadstudio.com\/usnomads\/blog\/?page_id=1159\">14 March \u2013 Technical Verification day<\/a><br \/>\n<a href=\"http:\/\/usnomadstudio.com\/usnomads\/blog\/?page_id=1444\">8 to 13 Mar 2014 &#8211; Paris: Preparations<\/a>\u2028<br \/>\n<a href=\"http:\/\/usnomadstudio.com\/usnomads\/blog\/?portfolio=notes-from-the-road-archive\">Archive<\/a><br><\/p>\n<hr>\n<p><strong>FEATURE<\/strong><\/p>\n<p><a href=\"http:\/\/usnomadstudio.com\/usnomads\/blog\/?page_id=350\"><img src=\"http:\/\/usnomadstudio.com\/usnomads\/blog\/wp-content\/uploads\/2013\/10\/Team171-300x168\"><\/a><\/p>\n<h6><a href=\"http:\/\/usnomadstudio.com\/usnomads\/blog\/?page_id=350\"><strong>ESSAY: TWO FRIENDS, A JEEP AND A DREAM<\/strong><\/a> <\/h6>\n<p><h7>(How we came to go to the Gazelle Rally)<\/h7><\/p>\n<p>We just seem to love \u201croad trips.\u201d The excitement of laying out the maps, loading up the Jeep, and heading out to discover something new has brought us together before. In 2010 we criss-crossed the United States in a marathon drive that covered over 10,000 miles and encompassed 25 states in 46 days\u2026 <a href=\"http:\/\/usnomadstudio.com\/usnomads\/blog\/?page_id=350\">[read]<\/a><\/p>\n<hr>\n<p><strong>MORE INFO:<\/strong><br \/>\n<a href=\"http:\/\/usnomads.org\/\" target=\"_blank\">About Team 171 US Nomads<\/a><br \/>\n<a href=\"http:\/\/usnomadstudio.com\/usnomads\/blog\/?page_id=378\" target=\"_blank\">Team Training<\/a><br \/>\n<a href=\"http:\/\/usnomadstudio.com\/usnomads\/blog\/?page_id=407\" target=\"_blank\">Practical Matters<\/a><br \/>\n<a href=\"http:\/\/usnomadstudio.com\/usnomads\/blog\/?page_id=409\" target=\"_blank\">In Our Words<\/a><br \/>\n<a href=\"http:\/\/usnomadstudio.com\/usnomads\/blog\/?page_id=411\" target=\"_blank\">Team News<\/a><br \/>\n<a href=\"mailto:feccifoto@aol.com\" target=\"_blank\">Contact Us<\/a><br><\/p>\n<hr>\n<p><a href=\"http:\/\/usnomads.org\"><img src=\"http:\/\/usnomadstudio.com\/usnomads\/blog\/siteimages\/Website_Tab_Widget.gif\"><\/a><br \/>\n<a href=\"http:\/\/usnomads.org\/?p=5\">> <\/a>Team US Nomads is training hard to face the challenges of a Sahara crossing like no other. The first step in their journey is the 2014 Rally Aicha des Gazelles. <a href=\"http:\/\/usnomads.org\/?p=5\">Find out more about the team and their inspiration \u2026<\/a><br \/>\n<a href=\"http:\/\/usnomads.org\/?p=7\">> <\/a>A true test of endurance, the Gazelle rally pushes teams to their limits in a struggle to overcome the harshest terrain in the Moroccan Sahara. The key to success is a seamless combination of off-road driving abiility, land navigation skills and strategic thinking. <a href=\"http:\/\/usnomads.org\/?p=7\">Learn more about this unique race \u2026<\/a><br \/>\n<a href=\"http:\/\/usnomads.org\/?p=9\">> <\/a>Team US Nomads is working to connect people across borders and cultures in a true exchange. This includes a series of humanitarian efforts to assist communities in the region undertaken with the rally organization and other NGO partners. <a href=\"http:\/\/usnomads.org\/?p=9\">Discover how we are doing good as we go \u2026<\/a><br \/>\n<a href=\"http:\/\/usnomads.org\/?p=10\">> <\/a>Team US Nomads needs your support. Whether you represent a corporate organization interested in sponsoring the team, a humanitarian group that would like to find out more about working with us in the Sahara, or if you would just like to follow along with the adventure, we want to hear from you. <a href=\"http:\/\/usnomads.org\/?p=10\">Find out how to get involved \u2026<\/a><\/p>\n<\/p><\/div>\n<div class=\"clear\"><\/div>\n<\/p><\/div>\n<p><\/div>\n","protected":false},"excerpt":{"rendered":"","protected":false},"author":2,"featured_media":0,"parent":1120,"menu_order":22,"comment_status":"closed","ping_status":"closed","template":"","meta":[],"_links":{"self":[{"href":"http:\/\/usnomadstudio.com\/usnomads\/blog\/index.php?rest_route=\/wp\/v2\/pages\/1187"}],"collection":[{"href":"http:\/\/usnomadstudio.com\/usnomads\/blog\/index.php?rest_route=\/wp\/v2\/pages"}],"about":[{"href":"http:\/\/usnomadstudio.com\/usnomads\/blog\/index.php?rest_route=\/wp\/v2\/types\/page"}],"author":[{"embeddable":true,"href":"http:\/\/usnomadstudio.com\/usnomads\/blog\/index.php?rest_route=\/wp\/v2\/users\/2"}],"replies":[{"embeddable":true,"href":"http:\/\/usnomadstudio.com\/usnomads\/blog\/index.php?rest_route=%2Fwp%2Fv2%2Fcomments&post=1187"}],"version-history":[{"count":21,"href":"http:\/\/usnomadstudio.com\/usnomads\/blog\/index.php?rest_route=\/wp\/v2\/pages\/1187\/revisions"}],"predecessor-version":[{"id":2246,"href":"http:\/\/usnomadstudio.com\/usnomads\/blog\/index.php?rest_route=\/wp\/v2\/pages\/1187\/revisions\/2246"}],"up":[{"embeddable":true,"href":"http:\/\/usnomadstudio.com\/usnomads\/blog\/index.php?rest_route=\/wp\/v2\/pages\/1120"}],"wp:attachment":[{"href":"http:\/\/usnomadstudio.com\/usnomads\/blog\/index.php?rest_route=%2Fwp%2Fv2%2Fmedia&parent=1187"}],"curies":[{"name":"wp","href":"https:\/\/api.w.org\/{rel}","templated":true}]}}