{"id":1185,"date":"2014-02-06T19:20:38","date_gmt":"2014-02-06T19:20:38","guid":{"rendered":"http:\/\/usnomadstudio.com\/usnomads\/blog\/?page_id=1185"},"modified":"2014-05-07T18:33:11","modified_gmt":"2014-05-07T18:33:11","slug":"notes-from-the-road-mar-27","status":"publish","type":"page","link":"http:\/\/usnomadstudio.com\/usnomads\/blog\/?page_id=1185","title":{"rendered":"Notes from the Road &#8211; MAR 27"},"content":{"rendered":"<div class=\"container\"><\/p>\n<div class=\"heading_wrapper\">\n<div class=\"eight columns\">\n<h2>NOTES FROM THE ROAD<\/h2>\n<hr \/>\n<p><a href=\"http:\/\/usnomadstudio.com\/usnomads\/blog\/?page_id=1187\">< more recent<\/a> | 27 MAR 2014 | <a href=\"http:\/\/usnomadstudio.com\/usnomads\/blog\/?page_id=1183\">older ><\/a> <\/p>\n<hr \/>\n<h5>LEG 6: THE LAST DAY OF COMPETITION<\/h5>\n<p><br><img loading=\"lazy\" src=\"http:\/\/usnomadstudio.com\/usnomads\/blog\/wp-content\/uploads\/2014\/02\/118-JEA_27032014_Leg6_030026.jpg\" width=\"600\" height=\"400\" class=\"alignnone size-full wp-image-1939\" srcset=\"http:\/\/usnomadstudio.com\/usnomads\/blog\/wp-content\/uploads\/2014\/02\/118-JEA_27032014_Leg6_030026.jpg 600w, http:\/\/usnomadstudio.com\/usnomads\/blog\/wp-content\/uploads\/2014\/02\/118-JEA_27032014_Leg6_030026-300x200.jpg 300w, http:\/\/usnomadstudio.com\/usnomads\/blog\/wp-content\/uploads\/2014\/02\/118-JEA_27032014_Leg6_030026-450x300.jpg 450w, http:\/\/usnomadstudio.com\/usnomads\/blog\/wp-content\/uploads\/2014\/02\/118-JEA_27032014_Leg6_030026-334x223.jpg 334w, http:\/\/usnomadstudio.com\/usnomads\/blog\/wp-content\/uploads\/2014\/02\/118-JEA_27032014_Leg6_030026-255x170.jpg 255w\" sizes=\"(max-width: 600px) 100vw, 600px\" \/><\/p>\n<h6><br><strong>The last leg of the race takes the teams on a loop south of Foum Zguid<\/strong><\/h6>\n<p><br><\/p>\n<p><strong>27 MARCH 2014:<\/strong> The Gazelles leave the bivouac for the last day of the competition this morning, for a relatively short loop of 120 km. While the distance is shorter, the landscape is more variable, alternating between wide plains and steep valleys. In the distance the &#8220;Grand M&#8217;daouer&#8221; cliffs creates one of the most beautiful backdrops in the world. Several teams were not on the starting line today due to serious mechanical issues with their vehicles and will have to end the rally as &#8220;unranked.&#8221;<br><br \/>\nThe final Leg was supposed to be one of the easier days for the Gazelles, combining navigation and driving without any particular difficulty, except around CP1, where some expertise was needed to avoid the large stones along the oued bottom. However, Mother Nature felt otherwise. Serious sandstorms had blasted the bivouac all night long, making it difficult to sleep, and then continued through the morning. The lack of visibility complicated navigation and even veteran teams made unusual mistakes. <br><br \/>\nThe blowing sand draped an opaque veil over normally clear features. The Gazelles were forced to use close landmarks to navigate, magnifying any small heading errors fourfold. Under these conditions &#8211;visibility of just 3 km &#8212; the peak of Mhaijiba looks much the same as that of Amsailikh: an error that caused many a Gazelle to double the ideal distance of 15 km between CP3 and CP4.<br><br \/>\nBy noon, some teams had already reached CP5, and a few were even on their way to CP7. The route from CP6 to CP7 was also quite challenging, but this time due to difficult terrain: large angular rocks and deeply gullied hills slowed the teams down. Even top teams, who are used to driving &#8220;as the crow flies&#8221;, were forced to adjust their heading slightly to save time and to spare their vehicles. Top competitors are particularly hard on their trucks, and the challenge is sometimes just to keep the vehicle running so as to make it to the end.<br><br \/>\nThe finish line opened at 2pm, and teams not vying for the top rankings could cut their day short after 3 or 4 checkpoints to get back to the bivouac early. The fastest teams were already crossing the line around 2PM, with all 8 checkpoints complete. Others continued struggling on to find those last CPs.<br><br \/>\nA long line of Gazelles began to form at the finish by 6PM. Excited chatter and cries of joy could be heard as the teams crossed the line for the last time &#8212; successfully completing the rally, no matter what their ranking.<br><br \/>\nAnd at the top of the rankings there were some unusual twists. Team 188 (Syndiely Wade and Florence Pham &#8211; CONTINENTAL), who won the event in 2013, committed the unprecedented error of incorrectly plotting CP1 on the map, an error that cost them 35 extra kilometres and wasted a lot of time as they spent much of the morning backtracking to find it, thus running out of time before they could reach the final CP. <br><br \/>\nBy 8 o&#8217;clock, most teams have reached the bivouac and the suspense is high! The final results will be published tomorrow at noon (March 28th). In the meantime, the Gazelles can relax and enjoy the traditional last evening at the bivouac, with champagne, music and fireworks!<br><br \/>\n<br><img loading=\"lazy\" width=\"600\" height=\"297\" src=\"http:\/\/usnomadstudio.com\/usnomads\/blog\/wp-content\/uploads\/2014\/02\/TeamQuotes_02_01.jpg\" class=\"alignnone size-full wp-image-965\" srcset=\"http:\/\/usnomadstudio.com\/usnomads\/blog\/wp-content\/uploads\/2014\/02\/TeamQuotes_02_01.jpg 600w, http:\/\/usnomadstudio.com\/usnomads\/blog\/wp-content\/uploads\/2014\/02\/TeamQuotes_02_01-300x148.jpg 300w, http:\/\/usnomadstudio.com\/usnomads\/blog\/wp-content\/uploads\/2014\/02\/TeamQuotes_02_01-450x223.jpg 450w, http:\/\/usnomadstudio.com\/usnomads\/blog\/wp-content\/uploads\/2014\/02\/TeamQuotes_02_01-343x170.jpg 343w\" sizes=\"(max-width: 600px) 100vw, 600px\" \/><br><br \/>\nFor more live coverage of Today&#8217;s event from the official Rally site: <a href=\"http:\/\/www.rallyeaichadesgazelles.com\/en\/photos+videos\" target=\"_blank\">English<\/a> | <a href=\"http:\/\/www.rallyeaichadesgazelles.com\/en\/photos+videos\" target=\"_blank\">Fran\u00e7ais<\/a><\/p>\n<p><br><\/p>\n<hr>\n<h5>VIDEO: HUMANITARIAN ACTION<\/h5>\n<p><br>Gazelles TV profiles some of the work done by the rally&#8217;s humanitarian arm, Coeur de Gazelles, during this year&#8217;s event. [<em>Sorry for the obligatory advertisement at the start of this clip, it comes as part of the embedded resource, not our site.<\/em>]<\/p>\n<p><br><iframe frameborder=\"0\" width=\"480\" height=\"270\" src=\"http:\/\/www.dailymotion.com\/embed\/video\/x1k2vsd\" allowfullscreen><\/iframe><br \/><a href=\"http:\/\/www.dailymotion.com\/video\/x1k2vsd_gazelles-tv-2014-coeur-de-gazelles_sport\" target=\"_blank\">GAZELLES TV 2014 &#8211; COEUR DE GAZELLES<\/a> <i>by <a href=\"http:\/\/www.dailymotion.com\/Rallye-Aicha-des-Gazelles\" target=\"_blank\">Rallye-Aicha-des-Gazelles<\/a><\/i><br><\/p>\n<hr>\n<p><br><\/p>\n<h5>TODAY&#8217;S RANKINGS<\/h5>\n<p><br>Team 171 USnomads picked up 3 of the 8 checkpoints today, with a total &#8220;penalty&#8221; of 428.3 for the day (the value of the missed CPs plus the extra kilometers driven over the &#8220;ideal&#8221; course). The team ranked 79th among First-time Participants and 120th overall for the day.<br><br \/>\nHere&#8217;s the top ten 4&#215;4 teams in today&#8217;s leg of the competition:<br><br \/>\n<img loading=\"lazy\" src=\"http:\/\/usnomadstudio.com\/usnomads\/blog\/wp-content\/uploads\/2014\/02\/topten-leg6.gif\" alt=\"topten-leg6\" width=\"544\" height=\"773\" class=\"alignleft size-full wp-image-2205\" \/><br><br \/>\n<br><\/p>\n<hr>\n<h6><a href=\"http:\/\/usnomadstudio.com\/usnomads\/blog\/?page_id=1183\">PREVIOUS NOTES FROM THE ROAD<\/a> <a href=\"http:\/\/usnomadstudio.com\/usnomads\/blog\/?page_id=1183\">><\/a> <\/h6>\n<\/p><\/div>\n<div class=\"four columns\">\n<hr>\n<p><strong>TEAM 171 &#8211; US NOMADS TRACK<\/strong><\/p>\n<p><a href=\"http:\/\/usnomadstudio.com\/usnomads\/blog\/wp-content\/uploads\/2014\/02\/Capture1.jpg\"><img loading=\"lazy\" src=\"http:\/\/usnomadstudio.com\/usnomads\/blog\/wp-content\/uploads\/2014\/02\/Capture1.jpg\" alt=\"\" width=\"405\" height=\"281\" class=\"alignnone size-full wp-image-1938\" srcset=\"http:\/\/usnomadstudio.com\/usnomads\/blog\/wp-content\/uploads\/2014\/02\/Capture1.jpg 405w, http:\/\/usnomadstudio.com\/usnomads\/blog\/wp-content\/uploads\/2014\/02\/Capture1-300x208.jpg 300w, http:\/\/usnomadstudio.com\/usnomads\/blog\/wp-content\/uploads\/2014\/02\/Capture1-321x223.jpg 321w, http:\/\/usnomadstudio.com\/usnomads\/blog\/wp-content\/uploads\/2014\/02\/Capture1-245x170.jpg 245w\" sizes=\"(max-width: 405px) 100vw, 405px\" \/><\/a><br><br \/>\nThe team&#8217;s track (white line) compared to the &#8220;straight line&#8221; course for leg 6. Current live tracking in realtime is available from the official Gazelle Rally site <a href=\"http:\/\/www.rallyeaichadesgazelles.com\/en\/the+event\/coverage+in+real+time\" target=\"_blank\">here<\/a>.<\/p>\n<hr>\n<p><strong>WHERE WE ARE<\/strong><\/p>\n<p><a href=\"https:\/\/maps.google.com\/maps\/ms?ie=UTF&#038;msa=0&#038;msid=211152032095924952977.0004f1704718010d10630\"><img loading=\"lazy\" src=\"http:\/\/usnomadstudio.com\/usnomads\/blog\/wp-content\/uploads\/2014\/02\/Where-towns-FoumZquid_02.jpg\" alt=\"\" width=\"250\" height=\"235\" class=\"alignnone size-full wp-image-1679\" \/><\/a><\/p>\n<hr>\n<p><strong>ABOUT TODAY&#8217;S COURSE<\/strong><\/p>\n<p>FOUM ZGUID SOUTH LOOP \u2013 Ideal distance 120 km \u2013 Estimated time 9:00<br><br \/>\n<img loading=\"lazy\" src=\"http:\/\/usnomadstudio.com\/usnomads\/blog\/wp-content\/uploads\/2014\/02\/Zguid1-300x225.png\" alt=\"\" width=\"300\" height=\"225\" class=\"alignnone size-medium wp-image-1647\" srcset=\"http:\/\/usnomadstudio.com\/usnomads\/blog\/wp-content\/uploads\/2014\/02\/Zguid1-300x225.png 300w, http:\/\/usnomadstudio.com\/usnomads\/blog\/wp-content\/uploads\/2014\/02\/Zguid1-297x223.png 297w, http:\/\/usnomadstudio.com\/usnomads\/blog\/wp-content\/uploads\/2014\/02\/Zguid1-226x170.png 226w, http:\/\/usnomadstudio.com\/usnomads\/blog\/wp-content\/uploads\/2014\/02\/Zguid1.png 400w\" sizes=\"(max-width: 300px) 100vw, 300px\" \/><br><br \/>\nAnd the countdown begins. After 8 days, the teams will cross the starting line one last time. This will be a fairly short leg without any real difficulty but not without interest, because for the past two years, the rally winners were determined on the last day. Today distances will be shorter but the landscape will be more variable &#8212; alternating between wide plains, steep valleys and stretches of treacherous driving. Time should not be a problem today, allowing teams to advance with care and precision, because these last kilometres could make all the difference for those vying for the top rankings. At the end of the day, the Gazelles will cross the final finish line filled with pride and emotion. <br><br \/>\nA CLOSING THOUGHT: \u201cA secret melancholy is associated with things that die when we have loved them well. Of course you have to know how to close the parentheses, to accept that you will be replaced, to know how to quietly tiptoe into the wings..\u201d &#8212; THEODORE MONOD<\/p>\n<hr \/>\n<p><strong>SUPPORTING MOTHERS<\/strong><br \/>\n<a href=\"http:\/\/www.motherstomothers.net\" target=\"_blank\"><img loading=\"lazy\" src=\"http:\/\/usnomadstudio.com\/usnomads\/blog\/wp-content\/uploads\/2014\/02\/m2mIcon.jpg\" alt=\"\" width=\"300\" height=\"187\" class=\"alignleft size-full wp-image-1794\" srcset=\"http:\/\/usnomadstudio.com\/usnomads\/blog\/wp-content\/uploads\/2014\/02\/m2mIcon.jpg 300w, http:\/\/usnomadstudio.com\/usnomads\/blog\/wp-content\/uploads\/2014\/02\/m2mIcon-272x170.jpg 272w\" sizes=\"(max-width: 300px) 100vw, 300px\" \/><\/a><br \/>\nTeam USnomads is proud to support the work of <a href=\"http:\/\/www.motherstomothers.net\" target=\"_blank\">MothersToMothers<\/a>, a 501(c)3 non-profit organization that recognizes the ability of mothers to change their destiny. MothersToMothers, founded by Pamela Parlapiano, partners with local women to create community supported day care and learning centers that change lives. Their model project in Amacho Wato Kebele, Ethiopia, has shown how with just a little help, the mothers in the community can improve the lives of a whole village. Please join us in supporting their efforts to take this successful model to more villages: <a href=\"http:\/\/www.motherstomothers.net\" target=\"_blank\">Donate to MothersToMothers here.<\/a> (Note that all donations go 100% directly to MothersToMothers).<br><\/p>\n<hr>\n<p><strong>TEAM 171 PRESENTATION<\/strong><\/p>\n<p><img loading=\"lazy\" src=\"http:\/\/usnomadstudio.com\/usnomads\/blog\/wp-content\/uploads\/2014\/02\/GAZ_D1-Dreux_US_IMG_4214-retouch_650w-300x223.jpg\" alt=\"\" width=\"300\" height=\"223\" class=\"alignleft size-medium wp-image-1878\" srcset=\"http:\/\/usnomadstudio.com\/usnomads\/blog\/wp-content\/uploads\/2014\/02\/GAZ_D1-Dreux_US_IMG_4214-retouch_650w-300x223.jpg 300w, http:\/\/usnomadstudio.com\/usnomads\/blog\/wp-content\/uploads\/2014\/02\/GAZ_D1-Dreux_US_IMG_4214-retouch_650w-402x300.jpg 402w, http:\/\/usnomadstudio.com\/usnomads\/blog\/wp-content\/uploads\/2014\/02\/GAZ_D1-Dreux_US_IMG_4214-retouch_650w-298x223.jpg 298w, http:\/\/usnomadstudio.com\/usnomads\/blog\/wp-content\/uploads\/2014\/02\/GAZ_D1-Dreux_US_IMG_4214-retouch_650w-227x170.jpg 227w, http:\/\/usnomadstudio.com\/usnomads\/blog\/wp-content\/uploads\/2014\/02\/GAZ_D1-Dreux_US_IMG_4214-retouch_650w.jpg 650w\" sizes=\"(max-width: 300px) 100vw, 300px\" \/><br><br \/>\nUSnomads, c&#8217;est l&#8217;histoire d&#8217;une amiti\u00e9 de plus de 20 ans, qui s&#8217;est construite \u00e0 travers le temps, les cultures, les exp\u00e9riences de la vie et des voyages. Seule l&#8217;union de deux caract\u00e8res forts et respectueux l&#8217;un de l&#8217;autre explique que nous soyons arriv\u00e9es \u00e0 nos fins dans chacun de nos d\u00e9fis.<br><br \/>\nCeci est notre premi\u00e8re participation au Rallye des gazelles et nous ne sommes pas des professionels, mais JoMarie a une certaine exp\u00e9rience de l&#8217;Afrique et des situations d&#8217;urgence. D&#8217;autre part, elle s&#8217;est totalement investie dans la pr\u00e9paration de cette course et Isabelle s&#8217;est r\u00e9cemment mise \u00e0 la navigation.<br><br \/>\nLe Rallye des gazelles dans le d\u00e9sert marocain sera le th\u00e9\u00e2tre d&#8217;une nouvelle \u00e9preuve pour nous : une Jeep, une boussole, une carte et tout le pouvoir de notre volont\u00e9 d&#8217;y parvenir fera le reste.<br><br \/>\nCe d\u00e9fi sportif s&#8217;inscrit dans un projet humain plus large, celui de traverser le d\u00e9sert du Sahara d&#8217;Ouest en Est dans l&#8217;espoir d&#8217;accompagner les \u00e9quipes d&#8217;ONG dans leurs micro-projets d&#8217;aide aux peuplades nomades locales. JoMarie en produira un film documentaire qui donnera \u00e0 mieux connaitre les hommes de cette partie du monde.<br><br \/>\nL&#8217;\u00e9quipe 171 prendra fi\u00e8rement son envol le 15 mars 2014 avec toutes les autres participantes ! Et que les meilleures gagnent !<br><br \/>\nMais quelle valeur et quelle port\u00e9e aurait cette le\u00e7on de vie, si nous n&#8217;\u00e9tions pas soutenues par l&#8217;amour de nos proches, de nos amis et de tous ceux qui nous entourent. Merci !<\/p>\n<\/div>\n<div class=\"four columns\">\n<hr>\n<p><strong>CURRENT WEATHER<\/strong><\/p>\n<p><div id=\"awe-ajax-awesome-weather-merzouga-morocco\" class=\"awe-ajax-awesome-weather-merzouga-morocco awe-weather-ajax-wrap\" style=\"\"><div class=\"awe-loading\"><i class=\"wi wi-day-sunny\"><\/i><\/div><\/div><script type=\"text\/javascript\"> jQuery(document).ready(function() { awe_ajax_load({\"location\":\"Merzouga, Morocco\",\"units\":\"F\",\"size\":\"tall\",\"override_title\":\"Merzouga, Morocco\",\"forecast_days\":\"3\",\"hide_stats\":\"0\",\"background\":\"http:\\\/\\\/usnomadstudio.com\\\/usnomads\\\/blog\\\/wp-content\\\/uploads\\\/2014\\\/02\\\/24545711.jpg\",\"custom_bg_color\":\"#cccccc\",\"inline_style\":\"width: 225px; margin: 0px; float: left;\",\"id\":\"awesome-weather-merzouga-morocco\",\"ajaxurl\":\"http:\\\/\\\/usnomadstudio.com\\\/usnomads\\\/blog\\\/wp-admin\\\/admin-ajax.php\",\"via_ajax\":1}); }); <\/script><br><\/p>\n<p>Detailed weather: <a href=\"http:\/\/www.wunderground.com\/q\/locid:MO015327\" target=\"_blank\">Errachida<\/a><\/p>\n<hr>\n<p><a href=\"http:\/\/www.pinterest.com\/teamusnomads\/\" target=\"_blank\"><img loading=\"lazy\" src=\"http:\/\/usnomadstudio.com\/usnomads\/blog\/wp-content\/uploads\/2014\/02\/136afbcc0f64e4978b5cf4f058fe6f6e.jpg\" alt=\"\" width=\"400\" height=\"486\" class=\"alignleft size-full wp-image-1077\" srcset=\"http:\/\/usnomadstudio.com\/usnomads\/blog\/wp-content\/uploads\/2014\/02\/136afbcc0f64e4978b5cf4f058fe6f6e.jpg 400w, http:\/\/usnomadstudio.com\/usnomads\/blog\/wp-content\/uploads\/2014\/02\/136afbcc0f64e4978b5cf4f058fe6f6e-246x300.jpg 246w, http:\/\/usnomadstudio.com\/usnomads\/blog\/wp-content\/uploads\/2014\/02\/136afbcc0f64e4978b5cf4f058fe6f6e-183x223.jpg 183w, http:\/\/usnomadstudio.com\/usnomads\/blog\/wp-content\/uploads\/2014\/02\/136afbcc0f64e4978b5cf4f058fe6f6e-139x170.jpg 139w\" sizes=\"(max-width: 400px) 100vw, 400px\" \/><\/a><\/p>\n<hr>\n<p><strong>MORE NOTES FROM THE ROAD:<\/strong><br \/>\n<a href=\"http:\/\/usnomadstudio.com\/usnomads\/blog\/?page_id=1183\">26 March \u2013 Leg 5: 2nd Marathon Day 2<\/a><br \/>\n<a href=\"http:\/\/usnomadstudio.com\/usnomads\/blog\/?page_id=1181\">25 March \u2013 Leg 5: 2nd Marathon Day 1<\/a><br \/>\n<a href=\"http:\/\/usnomadstudio.com\/usnomads\/blog\/?page_id=1179\">24 March \u2013 Leg 4: 1st Marathon Day 2<\/a><br \/>\n<a href=\"http:\/\/usnomadstudio.com\/usnomads\/blog\/?page_id=1177\">23 March \u2013 Leg 4: 1st Marathon Day 1<\/a><br \/>\n<a href=\"http:\/\/usnomadstudio.com\/usnomads\/blog\/?page_id=1175\">22 March \u2013 Leg 3: Merzouga<\/a><br \/>\n<a href=\"http:\/\/usnomadstudio.com\/usnomads\/blog\/?page_id=1173\">21 March \u2013 Leg 2: Nejakh North<\/a><br \/>\n<a href=\"http:\/\/usnomadstudio.com\/usnomads\/blog\/?page_id=1171\">20 March \u2013 Leg 1: Nejakh South<\/a><br \/>\n<a href=\"http:\/\/usnomadstudio.com\/usnomads\/blog\/?page_id=1169\">19 March \u2013 Prologue<\/a><br \/>\n<a href=\"http:\/\/usnomadstudio.com\/usnomads\/blog\/?page_id=1167\">18 March \u2013 To Erfoud<\/a><br \/>\n<a href=\"http:\/\/usnomadstudio.com\/usnomads\/blog\/?page_id=1165\">17 March \u2013 Ferry to Tangiers<\/a><br \/>\n<a href=\"http:\/\/usnomadstudio.com\/usnomads\/blog\/?page_id=1163\">16 March \u2013 To Barcelona<\/a><br \/>\n<a href=\"http:\/\/usnomadstudio.com\/usnomads\/blog\/?page_id=1161\">15 March \u2013 Paris Presentation<\/a><br \/>\n<a href=\"http:\/\/usnomadstudio.com\/usnomads\/blog\/?page_id=1159\">14 March \u2013 Technical Verification day<\/a><br \/>\n<a href=\"http:\/\/usnomadstudio.com\/usnomads\/blog\/?page_id=1444\">8 to 13 Mar 2014 &#8211; Paris: Preparations<\/a>\u2028<br \/>\n<a href=\"http:\/\/usnomadstudio.com\/usnomads\/blog\/?portfolio=notes-from-the-road-archive\">Archive<\/a><br><\/p>\n<hr>\n<p><strong>ROUTE MAP<\/strong><\/p>\n<p><a href=\"http:\/\/usnomadstudio.com\/usnomads\/blog\/wp-content\/uploads\/2014\/02\/RouteMap-650w.jpg\" target=\"_blank\"><img loading=\"lazy\" width=\"650\" height=\"541\" src=\"http:\/\/usnomadstudio.com\/usnomads\/blog\/wp-content\/uploads\/2014\/02\/RouteMap-650w.jpg\" class=\"alignnone size-full wp-image-979\" srcset=\"http:\/\/usnomadstudio.com\/usnomads\/blog\/wp-content\/uploads\/2014\/02\/RouteMap-650w.jpg 650w, http:\/\/usnomadstudio.com\/usnomads\/blog\/wp-content\/uploads\/2014\/02\/RouteMap-650w-300x249.jpg 300w, http:\/\/usnomadstudio.com\/usnomads\/blog\/wp-content\/uploads\/2014\/02\/RouteMap-650w-360x300.jpg 360w, http:\/\/usnomadstudio.com\/usnomads\/blog\/wp-content\/uploads\/2014\/02\/RouteMap-650w-267x223.jpg 267w, http:\/\/usnomadstudio.com\/usnomads\/blog\/wp-content\/uploads\/2014\/02\/RouteMap-650w-204x170.jpg 204w\" sizes=\"(max-width: 650px) 100vw, 650px\" \/><\/a><\/p>\n<hr>\n<p><strong>FEATURE<\/strong><\/p>\n<p><a href=\"http:\/\/usnomadstudio.com\/usnomads\/blog\/?page_id=620\"><img src=\"http:\/\/usnomadstudio.com\/usnomads\/blog\/wp-content\/uploads\/2013\/11\/Slider_blog_front-anza.jpg\"><\/a><\/p>\n<h6><a href=\"http:\/\/usnomadstudio.com\/usnomads\/blog\/?page_id=620\"><strong>LEARNING TO READ THE CLUES ON A MAP<\/strong><\/a> <\/h6>\n<p>The stretch of California desert known as Anza Borrego has a lot of similarities with parts of the Sahara and as such is a perfect place to work on the terrain recognition skills that will help us navigate off-road without a GPS during the Rallye Aicha des Gazelles\u2026 <a href=\"http:\/\/usnomadstudio.com\/usnomads\/blog\/?page_id=620\">[read]<\/a><\/p>\n<hr>\n<p><strong>MORE INFO:<\/strong><br \/>\n<a href=\"http:\/\/usnomads.org\/\" target=\"_blank\">About Team 171 US Nomads<\/a><br \/>\n<a href=\"http:\/\/usnomadstudio.com\/usnomads\/blog\/?page_id=378\" target=\"_blank\">Team Training<\/a><br \/>\n<a href=\"http:\/\/usnomadstudio.com\/usnomads\/blog\/?page_id=407\" target=\"_blank\">Practical Matters<\/a><br \/>\n<a href=\"http:\/\/usnomadstudio.com\/usnomads\/blog\/?page_id=409\" target=\"_blank\">In Our Words<\/a><br \/>\n<a href=\"http:\/\/usnomadstudio.com\/usnomads\/blog\/?page_id=411\" target=\"_blank\">Team News<\/a><br \/>\n<a href=\"mailto:feccifoto@aol.com\" target=\"_blank\">Contact Us<\/a><br><\/p>\n<hr>\n<p><a href=\"http:\/\/usnomads.org\"><img src=\"http:\/\/usnomadstudio.com\/usnomads\/blog\/siteimages\/Website_Tab_Widget.gif\"><\/a><br \/>\n<a href=\"http:\/\/usnomads.org\/?p=5\">> <\/a>Team US Nomads is training hard to face the challenges of a Sahara crossing like no other. The first step in their journey is the 2014 Rally Aicha des Gazelles. <a href=\"http:\/\/usnomads.org\/?p=5\">Find out more about the team and their inspiration \u2026<\/a><br \/>\n<a href=\"http:\/\/usnomads.org\/?p=7\">> <\/a>A true test of endurance, the Gazelle rally pushes teams to their limits in a struggle to overcome the harshest terrain in the Moroccan Sahara. The key to success is a seamless combination of off-road driving abiility, land navigation skills and strategic thinking. <a href=\"http:\/\/usnomads.org\/?p=7\">Learn more about this unique race \u2026<\/a><br \/>\n<a href=\"http:\/\/usnomads.org\/?p=9\">> <\/a>Team US Nomads is working to connect people across borders and cultures in a true exchange. This includes a series of humanitarian efforts to assist communities in the region undertaken with the rally organization and other NGO partners. <a href=\"http:\/\/usnomads.org\/?p=9\">Discover how we are doing good as we go \u2026<\/a><br \/>\n<a href=\"http:\/\/usnomads.org\/?p=10\">> <\/a>Team US Nomads needs your support. Whether you represent a corporate organization interested in sponsoring the team, a humanitarian group that would like to find out more about working with us in the Sahara, or if you would just like to follow along with the adventure, we want to hear from you. <a href=\"http:\/\/usnomads.org\/?p=10\">Find out how to get involved \u2026<\/a><\/p>\n<\/p><\/div>\n<div class=\"clear\"><\/div>\n<\/p><\/div>\n<p><\/div>\n","protected":false},"excerpt":{"rendered":"","protected":false},"author":2,"featured_media":0,"parent":1120,"menu_order":21,"comment_status":"closed","ping_status":"closed","template":"","meta":[],"_links":{"self":[{"href":"http:\/\/usnomadstudio.com\/usnomads\/blog\/index.php?rest_route=\/wp\/v2\/pages\/1185"}],"collection":[{"href":"http:\/\/usnomadstudio.com\/usnomads\/blog\/index.php?rest_route=\/wp\/v2\/pages"}],"about":[{"href":"http:\/\/usnomadstudio.com\/usnomads\/blog\/index.php?rest_route=\/wp\/v2\/types\/page"}],"author":[{"embeddable":true,"href":"http:\/\/usnomadstudio.com\/usnomads\/blog\/index.php?rest_route=\/wp\/v2\/users\/2"}],"replies":[{"embeddable":true,"href":"http:\/\/usnomadstudio.com\/usnomads\/blog\/index.php?rest_route=%2Fwp%2Fv2%2Fcomments&post=1185"}],"version-history":[{"count":30,"href":"http:\/\/usnomadstudio.com\/usnomads\/blog\/index.php?rest_route=\/wp\/v2\/pages\/1185\/revisions"}],"predecessor-version":[{"id":2242,"href":"http:\/\/usnomadstudio.com\/usnomads\/blog\/index.php?rest_route=\/wp\/v2\/pages\/1185\/revisions\/2242"}],"up":[{"embeddable":true,"href":"http:\/\/usnomadstudio.com\/usnomads\/blog\/index.php?rest_route=\/wp\/v2\/pages\/1120"}],"wp:attachment":[{"href":"http:\/\/usnomadstudio.com\/usnomads\/blog\/index.php?rest_route=%2Fwp%2Fv2%2Fmedia&parent=1185"}],"curies":[{"name":"wp","href":"https:\/\/api.w.org\/{rel}","templated":true}]}}