{"id":1179,"date":"2014-02-06T19:14:42","date_gmt":"2014-02-06T19:14:42","guid":{"rendered":"http:\/\/usnomadstudio.com\/usnomads\/blog\/?page_id=1179"},"modified":"2014-04-22T19:03:51","modified_gmt":"2014-04-22T19:03:51","slug":"notes-from-the-road-mar-24","status":"publish","type":"page","link":"http:\/\/usnomadstudio.com\/usnomads\/blog\/?page_id=1179","title":{"rendered":"Notes from the Road &#8211; MAR 24"},"content":{"rendered":"<div class=\"container\"><\/p>\n<div class=\"heading_wrapper\">\n<div class=\"eight columns\">\n<h2>NOTES FROM THE ROAD<\/h2>\n<hr \/>\n<p><a href=\"http:\/\/usnomadstudio.com\/usnomads\/blog\/?page_id=1181\">< more recent<\/a> | 24 MAR 2014 | <a href=\"http:\/\/usnomadstudio.com\/usnomads\/blog\/?page_id=1177\">older ><\/a> <\/p>\n<hr \/>\n<h5>LEG 4: THE FIRST MARATHON &#8212; DAY TWO<\/h5>\n<p><br><img loading=\"lazy\" src=\"http:\/\/usnomadstudio.com\/usnomads\/blog\/wp-content\/uploads\/2014\/02\/NIC_24032014_Leg4_010275.jpg\" alt=\"\" width=\"580\" height=\"387\" class=\"alignleft size-full wp-image-2145\" srcset=\"http:\/\/usnomadstudio.com\/usnomads\/blog\/wp-content\/uploads\/2014\/02\/NIC_24032014_Leg4_010275.jpg 580w, http:\/\/usnomadstudio.com\/usnomads\/blog\/wp-content\/uploads\/2014\/02\/NIC_24032014_Leg4_010275-300x200.jpg 300w, http:\/\/usnomadstudio.com\/usnomads\/blog\/wp-content\/uploads\/2014\/02\/NIC_24032014_Leg4_010275-449x300.jpg 449w, http:\/\/usnomadstudio.com\/usnomads\/blog\/wp-content\/uploads\/2014\/02\/NIC_24032014_Leg4_010275-334x223.jpg 334w, http:\/\/usnomadstudio.com\/usnomads\/blog\/wp-content\/uploads\/2014\/02\/NIC_24032014_Leg4_010275-254x170.jpg 254w\" sizes=\"(max-width: 580px) 100vw, 580px\" \/><\/p>\n<h6><br><strong>Day two of the first marathon leg of the rally brings the teams to a new bivouac at Tinfou<\/strong><\/h6>\n<p><br><\/p>\n<p><strong>24 MARCH 2014:<\/strong> They call it the marathon leg. It\u2019s long, grueling, and a true test of character. Yesterday morning, competitors packed tents, sleeping bags, food for 48-hours and collected their maps and headed south into the desert. One of the biggest tests of the rally, the marathon leg (the first of two) takes the Gazelles through some of the most desolate and beautiful terrain in the country.<br><br \/>\nThis morning, the teams pack up their tents and set off. They have six more checkpoints to get through today. Most of the teams are starting at CP 6, but some still need to check in at CP 5 before continuing the course. There have been a few calls for mechanical assistance yesterday, and already early this morning a few more. <br><br \/>\nOn the way to CP 7 they will cross the vast sandy plains of Oued Bou Haira, where the colour of the dunes resembles the coral of their vests. Curious formations shaped like tables and tajine dishes loom on the horizon. The routes are long and sometimes criss-cross: it&#8217;s enough to confuse anyone! Exhausted after 4 non-stop days, some Gazelles start to crack. Tears, moments of self-doubt. This is where solidarity comes into play. After a kind word, a tap on the back, a willing ear, they are ready to carry on.<br><br \/>\nThe sand is followed by rocks\u2026 too many rocks, and a trail leading nowhere! A group of Gazelles make a U-turn: No pass here. Off they go in search of the twelfth and final red flag, and then the bivouac. <br><br \/>\nBy 3pm the first teams start trickling in to the new bivouac. Some teams decide to skip the last few checkpoints to make it in before dark. By 11:30PM the last stragglers reached the bivouac, and all the Gazelles had made it to base.<br><br \/>\nLeg 4 is over, but tomorrow is another two-day marathon. The adventure continues!<br><\/p>\n<p><br><img loading=\"lazy\" src=\"http:\/\/usnomadstudio.com\/usnomads\/blog\/wp-content\/uploads\/2014\/02\/TeamQuotes_03_01.jpg\" alt=\"\" width=\"600\" height=\"297\" class=\"alignnone size-full wp-image-1764\" srcset=\"http:\/\/usnomadstudio.com\/usnomads\/blog\/wp-content\/uploads\/2014\/02\/TeamQuotes_03_01.jpg 600w, http:\/\/usnomadstudio.com\/usnomads\/blog\/wp-content\/uploads\/2014\/02\/TeamQuotes_03_01-300x148.jpg 300w, http:\/\/usnomadstudio.com\/usnomads\/blog\/wp-content\/uploads\/2014\/02\/TeamQuotes_03_01-450x223.jpg 450w, http:\/\/usnomadstudio.com\/usnomads\/blog\/wp-content\/uploads\/2014\/02\/TeamQuotes_03_01-343x170.jpg 343w\" sizes=\"(max-width: 600px) 100vw, 600px\" \/><br><br \/>\nFor more live coverage of Today&#8217;s event from the official Rally site: <a href=\"http:\/\/www.rallyeaichadesgazelles.com\/en\/photos+videos\" target=\"_blank\">English<\/a> | <a href=\"http:\/\/www.rallyeaichadesgazelles.com\/en\/photos+videos\" target=\"_blank\">Fran\u00e7ais<\/a><\/p>\n<p><br><\/p>\n<hr>\n<h5>VIDEO: LEG 4 &#8211; THE FIRST MARATHON<\/h5>\n<p><br>Gazelles TV presents the fourth leg of the competition &#8212; The First Marathon. [<em>Sorry for the obligatory advertisement at the start of this clip, it comes as part of the embedded resource, not our site.<\/em>]<\/p>\n<p><br><iframe frameborder=\"0\" width=\"480\" height=\"270\" src=\"http:\/\/www.dailymotion.com\/embed\/video\/x1jzkm5\" allowfullscreen><\/iframe><br \/><a href=\"http:\/\/www.dailymotion.com\/video\/x1jzkm5_gazelles-tv-2014-etape4_sport\" target=\"_blank\">GAZELLES TV 2014 &#8211; ETAPE4<\/a> <i>by <a href=\"http:\/\/www.dailymotion.com\/Rallye-Aicha-des-Gazelles\" target=\"_blank\">Rallye-Aicha-des-Gazelles<\/a><\/i><br><\/p>\n<p><br>M6 highlights from the fourth leg of the competition [<em>Sorry for the obligatory advertisement at the start of this clip, it comes as part of the embedded resource, not our site.<\/em>]<\/p>\n<p><br><iframe frameborder=\"0\" width=\"480\" height=\"270\" src=\"http:\/\/www.dailymotion.com\/embed\/video\/x1jv5ep\" allowfullscreen><\/iframe><br \/><a href=\"http:\/\/www.dailymotion.com\/video\/x1jv5ep_m6-gazelles-2014-25-mars_sport\" target=\"_blank\">M6 &#8211; Gazelles 2014 &#8211; LEG 4<\/a> <i>by <a href=\"http:\/\/www.dailymotion.com\/Rallye-Aicha-des-Gazelles\" target=\"_blank\">Rallye-Aicha-des-Gazelles<\/a><\/i><br><br><\/p>\n<hr>\n<h5>TODAY&#8217;S RANKINGS<\/h5>\n<p><br>Team 171 USnomads picked up 8 of the 12 checkpoints over the two day marathon, with a total &#8220;penalty&#8221; of 441.8 for the two days (the value of the missed CPs plus the extra kilometers driven over the &#8220;ideal&#8221; course). The team ranked 67th among First-time Participants and 107th overall for this marathon leg.<br><br \/>\nHere&#8217;s the top ten 4&#215;4 teams in today&#8217;s leg of the competition:<br><br \/>\n<img loading=\"lazy\" src=\"http:\/\/usnomadstudio.com\/usnomads\/blog\/wp-content\/uploads\/2014\/02\/topten_marathonone.jpg\" alt=\"Top Ten - First marathon\" width=\"547\" height=\"775\" class=\"alignleft size-full wp-image-2148\" srcset=\"http:\/\/usnomadstudio.com\/usnomads\/blog\/wp-content\/uploads\/2014\/02\/topten_marathonone.jpg 547w, http:\/\/usnomadstudio.com\/usnomads\/blog\/wp-content\/uploads\/2014\/02\/topten_marathonone-211x300.jpg 211w, http:\/\/usnomadstudio.com\/usnomads\/blog\/wp-content\/uploads\/2014\/02\/topten_marathonone-157x223.jpg 157w, http:\/\/usnomadstudio.com\/usnomads\/blog\/wp-content\/uploads\/2014\/02\/topten_marathonone-119x170.jpg 119w, http:\/\/usnomadstudio.com\/usnomads\/blog\/wp-content\/uploads\/2014\/02\/topten_marathonone-479x680.jpg 479w\" sizes=\"(max-width: 547px) 100vw, 547px\" \/><br><\/p>\n<hr>\n<h6><a href=\"http:\/\/usnomadstudio.com\/usnomads\/blog\/?page_id=1177\">PREVIOUS NOTES FROM THE ROAD<\/a> <a href=\"http:\/\/usnomadstudio.com\/usnomads\/blog\/?page_id=1177\">><\/a> <\/h6>\n<\/p><\/div>\n<div class=\"four columns\">\n<hr>\n<p><strong>TEAM 171 &#8211; US NOMADS TRACK<\/strong><\/p>\n<p><a href=\"http:\/\/usnomadstudio.com\/usnomads\/blog\/wp-content\/uploads\/2014\/02\/Capture.jpg\"><img loading=\"lazy\" src=\"http:\/\/usnomadstudio.com\/usnomads\/blog\/wp-content\/uploads\/2014\/02\/Capture.jpg\" alt=\"\" width=\"373\" height=\"315\" class=\"alignnone size-full wp-image-1919\" srcset=\"http:\/\/usnomadstudio.com\/usnomads\/blog\/wp-content\/uploads\/2014\/02\/Capture.jpg 373w, http:\/\/usnomadstudio.com\/usnomads\/blog\/wp-content\/uploads\/2014\/02\/Capture-300x253.jpg 300w, http:\/\/usnomadstudio.com\/usnomads\/blog\/wp-content\/uploads\/2014\/02\/Capture-355x300.jpg 355w, http:\/\/usnomadstudio.com\/usnomads\/blog\/wp-content\/uploads\/2014\/02\/Capture-264x223.jpg 264w, http:\/\/usnomadstudio.com\/usnomads\/blog\/wp-content\/uploads\/2014\/02\/Capture-201x170.jpg 201w\" sizes=\"(max-width: 373px) 100vw, 373px\" \/><\/a><br \/>\nThe team&#8217;s track (white line) compared to the &#8220;straight line&#8221; course, at the end of Day Two of the First Marathon (Leg 4) (click the image for a larger view).  Current live tracking in realtime is available from the official Gazelle Rally site <a href=\"http:\/\/www.rallyeaichadesgazelles.com\/en\/the+event\/coverage+in+real+time\" target=\"_blank\">here<\/a>.<\/p>\n<hr>\n<p><strong>WHERE WE ARE<\/strong><\/p>\n<p><a href=\"https:\/\/maps.google.com\/maps\/ms?ie=UTF&#038;msa=0&#038;msid=211152032095924952977.0004f1704718010d10630\"><img loading=\"lazy\" src=\"http:\/\/usnomadstudio.com\/usnomads\/blog\/wp-content\/uploads\/2014\/02\/Where-towns-tinfou_02.jpg\" alt=\"\" width=\"250\" height=\"235\" class=\"alignnone size-full wp-image-1672\" srcset=\"http:\/\/usnomadstudio.com\/usnomads\/blog\/wp-content\/uploads\/2014\/02\/Where-towns-tinfou_02.jpg 250w, http:\/\/usnomadstudio.com\/usnomads\/blog\/wp-content\/uploads\/2014\/02\/Where-towns-tinfou_02-237x223.jpg 237w, http:\/\/usnomadstudio.com\/usnomads\/blog\/wp-content\/uploads\/2014\/02\/Where-towns-tinfou_02-180x170.jpg 180w\" sizes=\"(max-width: 250px) 100vw, 250px\" \/><\/a><\/p>\n<hr>\n<p><strong>ABOUT THE DAY&#8217;S COURSE<\/strong><\/p>\n<p>LEG 4: MECH IRDANE\/TINFOU MARATHON &#8211; Ideal distance 325 km \u2013 Estimated time for total Marathong distance 20:00\u2028\u2028<br><br \/>\n<img loading=\"lazy\" src=\"http:\/\/usnomadstudio.com\/usnomads\/blog\/wp-content\/uploads\/2014\/02\/Tinfou1-300x224.jpg\" alt=\"\" width=\"300\" height=\"224\" class=\"alignnone size-medium wp-image-1641\" srcset=\"http:\/\/usnomadstudio.com\/usnomads\/blog\/wp-content\/uploads\/2014\/02\/Tinfou1-300x224.jpg 300w, http:\/\/usnomadstudio.com\/usnomads\/blog\/wp-content\/uploads\/2014\/02\/Tinfou1-400x300.jpg 400w, http:\/\/usnomadstudio.com\/usnomads\/blog\/wp-content\/uploads\/2014\/02\/Tinfou1-297x223.jpg 297w, http:\/\/usnomadstudio.com\/usnomads\/blog\/wp-content\/uploads\/2014\/02\/Tinfou1-226x170.jpg 226w, http:\/\/usnomadstudio.com\/usnomads\/blog\/wp-content\/uploads\/2014\/02\/Tinfou1.jpg 550w\" sizes=\"(max-width: 300px) 100vw, 300px\" \/><br><br \/>\nAfter a tiring day in the sand, it is time for the first marathon leg of the rally. The marathon consists of more than 320 kilometres in complete autonomy, with no mechanical assistance in the evening, no refuelling, a makeshift camp and 12 CPs to check off over the course of two days. The difficulties will start early on the first day. The Gazelles will need to navigate with precision, avoid rushing ahead blindly and choose their route wisely. Until the third CP, the landscape is rugged, the map is difficult to read, and the terrain extremely difficult to cross. Navigation is the key, as the slightest error in trajectory could prove very costly. Things get easier after CP4 as green plains stretch out as far as the eye can see, though there are greater distances to cover between checkpoints. The night will be spent out in the desert under a starry sky far from the bustle of the bivouac, a well-deserved good night\u2019s sleep awaits&#8230;<br><br \/>\nThe second day of the marathon will take the Gazelles across the sandy plains of Oued Bou Haiara. While the sand may not be as majestic as Erg Chebbi, it is not necessarily less treacherous &#8212; the reconnaissance team took almost 3 hours to drive across a sandy zone no more than 150 m wide. Once again it will be essential to choose the right path; absolute trust required between navigator and driver. After two days out in the desert, it will be good to be back at the bivouac tonite. <\/p>\n<hr \/>\n<p><strong>SUPPORTING MOTHERS<\/strong><br \/>\n<a href=\"http:\/\/www.motherstomothers.net\" target=\"_blank\"><img loading=\"lazy\" src=\"http:\/\/usnomadstudio.com\/usnomads\/blog\/wp-content\/uploads\/2014\/02\/m2mIcon.jpg\" alt=\"\" width=\"300\" height=\"187\" class=\"alignleft size-full wp-image-1794\" srcset=\"http:\/\/usnomadstudio.com\/usnomads\/blog\/wp-content\/uploads\/2014\/02\/m2mIcon.jpg 300w, http:\/\/usnomadstudio.com\/usnomads\/blog\/wp-content\/uploads\/2014\/02\/m2mIcon-272x170.jpg 272w\" sizes=\"(max-width: 300px) 100vw, 300px\" \/><\/a><br \/>\nTeam USnomads is proud to support the work of <a href=\"http:\/\/www.motherstomothers.net\" target=\"_blank\">MothersToMothers<\/a>, a 501(c)3 non-profit organization that recognizes the ability of mothers to change their destiny. MothersToMothers, founded by Pamela Parlapiano, partners with local women to create community supported day care and learning centers that change lives. Their model project in Amacho Wato Kebele, Ethiopia, has shown how with just a little help, the mothers in the community can improve the lives of a whole village. Please join us in supporting their efforts to take this successful model to more villages: <a href=\"http:\/\/www.motherstomothers.net\" target=\"_blank\">Donate to MothersToMothers here.<\/a> (Note that all donations go 100% directly to MothersToMothers).<br><\/p>\n<hr>\n<p><strong>TEAM 171 PRESENTATION<\/strong><\/p>\n<p><img loading=\"lazy\" src=\"http:\/\/usnomadstudio.com\/usnomads\/blog\/wp-content\/uploads\/2014\/02\/GAZ_D1-Dreux_US_IMG_4214-retouch_650w-300x223.jpg\" alt=\"\" width=\"300\" height=\"223\" class=\"alignleft size-medium wp-image-1878\" srcset=\"http:\/\/usnomadstudio.com\/usnomads\/blog\/wp-content\/uploads\/2014\/02\/GAZ_D1-Dreux_US_IMG_4214-retouch_650w-300x223.jpg 300w, http:\/\/usnomadstudio.com\/usnomads\/blog\/wp-content\/uploads\/2014\/02\/GAZ_D1-Dreux_US_IMG_4214-retouch_650w-402x300.jpg 402w, http:\/\/usnomadstudio.com\/usnomads\/blog\/wp-content\/uploads\/2014\/02\/GAZ_D1-Dreux_US_IMG_4214-retouch_650w-298x223.jpg 298w, http:\/\/usnomadstudio.com\/usnomads\/blog\/wp-content\/uploads\/2014\/02\/GAZ_D1-Dreux_US_IMG_4214-retouch_650w-227x170.jpg 227w, http:\/\/usnomadstudio.com\/usnomads\/blog\/wp-content\/uploads\/2014\/02\/GAZ_D1-Dreux_US_IMG_4214-retouch_650w.jpg 650w\" sizes=\"(max-width: 300px) 100vw, 300px\" \/><br><br \/>\nUSnomads, c&#8217;est l&#8217;histoire d&#8217;une amiti\u00e9 de plus de 20 ans, qui s&#8217;est construite \u00e0 travers le temps, les cultures, les exp\u00e9riences de la vie et des voyages. Seule l&#8217;union de deux caract\u00e8res forts et respectueux l&#8217;un de l&#8217;autre explique que nous soyons arriv\u00e9es \u00e0 nos fins dans chacun de nos d\u00e9fis.<br><br \/>\nCeci est notre premi\u00e8re participation au Rallye des gazelles et nous ne sommes pas des professionels, mais JoMarie a une certaine exp\u00e9rience de l&#8217;Afrique et des situations d&#8217;urgence. D&#8217;autre part, elle s&#8217;est totalement investie dans la pr\u00e9paration de cette course et Isabelle s&#8217;est r\u00e9cemment mise \u00e0 la navigation.<br><br \/>\nLe Rallye des gazelles dans le d\u00e9sert marocain sera le th\u00e9\u00e2tre d&#8217;une nouvelle \u00e9preuve pour nous : une Jeep, une boussole, une carte et tout le pouvoir de notre volont\u00e9 d&#8217;y parvenir fera le reste.<br><br \/>\nCe d\u00e9fi sportif s&#8217;inscrit dans un projet humain plus large, celui de traverser le d\u00e9sert du Sahara d&#8217;Ouest en Est dans l&#8217;espoir d&#8217;accompagner les \u00e9quipes d&#8217;ONG dans leurs micro-projets d&#8217;aide aux peuplades nomades locales. JoMarie en produira un film documentaire qui donnera \u00e0 mieux connaitre les hommes de cette partie du monde.<br><br \/>\nL&#8217;\u00e9quipe 171 prendra fi\u00e8rement son envol le 15 mars 2014 avec toutes les autres participantes ! Et que les meilleures gagnent !<br><br \/>\nMais quelle valeur et quelle port\u00e9e aurait cette le\u00e7on de vie, si nous n&#8217;\u00e9tions pas soutenues par l&#8217;amour de nos proches, de nos amis et de tous ceux qui nous entourent. Merci !<\/p>\n<\/div>\n<div class=\"four columns\">\n<hr>\n<p><strong>CURRENT WEATHER<\/strong><\/p>\n<p><div id=\"awe-ajax-awesome-weather-merzouga-morocco\" class=\"awe-ajax-awesome-weather-merzouga-morocco awe-weather-ajax-wrap\" style=\"\"><div class=\"awe-loading\"><i class=\"wi wi-day-sunny\"><\/i><\/div><\/div><script type=\"text\/javascript\"> jQuery(document).ready(function() { awe_ajax_load({\"location\":\"Merzouga, Morocco\",\"units\":\"F\",\"size\":\"tall\",\"override_title\":\"Merzouga, Morocco\",\"forecast_days\":\"3\",\"hide_stats\":\"0\",\"background\":\"http:\\\/\\\/usnomadstudio.com\\\/usnomads\\\/blog\\\/wp-content\\\/uploads\\\/2014\\\/02\\\/24545711.jpg\",\"custom_bg_color\":\"#cccccc\",\"inline_style\":\"width: 225px; margin: 0px; float: left;\",\"id\":\"awesome-weather-merzouga-morocco\",\"ajaxurl\":\"http:\\\/\\\/usnomadstudio.com\\\/usnomads\\\/blog\\\/wp-admin\\\/admin-ajax.php\",\"via_ajax\":1}); }); <\/script><br><\/p>\n<p>Detailed weather: <a href=\"http:\/\/www.wunderground.com\/q\/locid:MO015327\" target=\"_blank\">Errachida<\/a><\/p>\n<hr>\n<p><a href=\"http:\/\/www.pinterest.com\/teamusnomads\/\" target=\"_blank\"><img loading=\"lazy\" src=\"http:\/\/usnomadstudio.com\/usnomads\/blog\/wp-content\/uploads\/2014\/02\/d0c75ab5a675a14aea5f9b6e4099356f.jpg\" alt=\"\" width=\"640\" height=\"800\" class=\"alignleft size-full wp-image-1070\" srcset=\"http:\/\/usnomadstudio.com\/usnomads\/blog\/wp-content\/uploads\/2014\/02\/d0c75ab5a675a14aea5f9b6e4099356f.jpg 640w, http:\/\/usnomadstudio.com\/usnomads\/blog\/wp-content\/uploads\/2014\/02\/d0c75ab5a675a14aea5f9b6e4099356f-240x300.jpg 240w, http:\/\/usnomadstudio.com\/usnomads\/blog\/wp-content\/uploads\/2014\/02\/d0c75ab5a675a14aea5f9b6e4099356f-178x223.jpg 178w, http:\/\/usnomadstudio.com\/usnomads\/blog\/wp-content\/uploads\/2014\/02\/d0c75ab5a675a14aea5f9b6e4099356f-136x170.jpg 136w, http:\/\/usnomadstudio.com\/usnomads\/blog\/wp-content\/uploads\/2014\/02\/d0c75ab5a675a14aea5f9b6e4099356f-544x680.jpg 544w\" sizes=\"(max-width: 640px) 100vw, 640px\" \/><\/a><\/p>\n<hr>\n<p><strong>MORE NOTES FROM THE ROAD:<\/strong><br \/>\n<a href=\"http:\/\/usnomadstudio.com\/usnomads\/blog\/?page_id=1177\">23 March \u2013 Leg 4: 1st Marathon Day 1<\/a><br \/>\n<a href=\"http:\/\/usnomadstudio.com\/usnomads\/blog\/?page_id=1175\">22 March \u2013 Leg 3: Merzouga<\/a><br \/>\n<a href=\"http:\/\/usnomadstudio.com\/usnomads\/blog\/?page_id=1173\">21 March \u2013 Leg 2: Nejakh North<\/a><br \/>\n<a href=\"http:\/\/usnomadstudio.com\/usnomads\/blog\/?page_id=1171\">20 March \u2013 Leg 1: Nejakh South<\/a><br \/>\n<a href=\"http:\/\/usnomadstudio.com\/usnomads\/blog\/?page_id=1169\">19 March \u2013 Prologue<\/a><br \/>\n<a href=\"http:\/\/usnomadstudio.com\/usnomads\/blog\/?page_id=1167\">18 March \u2013 To Erfoud<\/a><br \/>\n<a href=\"http:\/\/usnomadstudio.com\/usnomads\/blog\/?page_id=1165\">17 March \u2013 Ferry to Tangiers<\/a><br \/>\n<a href=\"http:\/\/usnomadstudio.com\/usnomads\/blog\/?page_id=1163\">16 March \u2013 To Barcelona<\/a><br \/>\n<a href=\"http:\/\/usnomadstudio.com\/usnomads\/blog\/?page_id=1161\">15 March \u2013 Paris Presentation<\/a><br \/>\n<a href=\"http:\/\/usnomadstudio.com\/usnomads\/blog\/?page_id=1159\">14 March \u2013 Technical Verification day<\/a><br \/>\n<a href=\"http:\/\/usnomadstudio.com\/usnomads\/blog\/?page_id=1444\">8 to 13 Mar 2014 &#8211; Paris: Preparations<\/a>\u2028<br \/>\n<a href=\"http:\/\/usnomadstudio.com\/usnomads\/blog\/?portfolio=notes-from-the-road-archive\">Archive<\/a><br><\/p>\n<hr>\n<p><strong>FEATURE<\/strong><\/p>\n<p><a href=\"http:\/\/usnomadstudio.com\/usnomads\/blog\/?page_id=886\"><img src=\"http:\/\/usnomadstudio.com\/usnomads\/blog\/wp-content\/uploads\/2013\/10\/Slider_blog_front-compasses.jpg\"><\/a><\/p>\n<h6><a href=\"http:\/\/usnomadstudio.com\/usnomads\/blog\/?page_id=886\"><strong>CONSIDERING COMPASS OPTIONS<\/strong><\/a> <\/h6>\n<p>Precise navigation will be key to a good performance in the Gazelle rally. From how carefully we plot our lines on the map to how well we can maintain a straight track while driving off-road, the smallest errors can add up quickly\u2026 <a href=\"http:\/\/usnomadstudio.com\/usnomads\/blog\/?page_id=886\">[read]<\/a><\/p>\n<hr>\n<p><strong>ROUTE MAP<\/strong><\/p>\n<p><a href=\"http:\/\/usnomadstudio.com\/usnomads\/blog\/wp-content\/uploads\/2014\/02\/RouteMap-650w.jpg\" target=\"_blank\"><img loading=\"lazy\" width=\"650\" height=\"541\" src=\"http:\/\/usnomadstudio.com\/usnomads\/blog\/wp-content\/uploads\/2014\/02\/RouteMap-650w.jpg\" class=\"alignnone size-full wp-image-979\" srcset=\"http:\/\/usnomadstudio.com\/usnomads\/blog\/wp-content\/uploads\/2014\/02\/RouteMap-650w.jpg 650w, http:\/\/usnomadstudio.com\/usnomads\/blog\/wp-content\/uploads\/2014\/02\/RouteMap-650w-300x249.jpg 300w, http:\/\/usnomadstudio.com\/usnomads\/blog\/wp-content\/uploads\/2014\/02\/RouteMap-650w-360x300.jpg 360w, http:\/\/usnomadstudio.com\/usnomads\/blog\/wp-content\/uploads\/2014\/02\/RouteMap-650w-267x223.jpg 267w, http:\/\/usnomadstudio.com\/usnomads\/blog\/wp-content\/uploads\/2014\/02\/RouteMap-650w-204x170.jpg 204w\" sizes=\"(max-width: 650px) 100vw, 650px\" \/><\/a><\/p>\n<hr>\n<p><strong>FEATURE<\/strong><\/p>\n<p><a href=\"http:\/\/usnomadstudio.com\/usnomads\/blog\/?portfolio=tierra-del-sol-mexico\"><img src=\"http:\/\/usnomadstudio.com\/usnomads\/blog\/wp-content\/uploads\/2014\/01\/Slider_blog_front-TDS-300x168.jpg\"><\/a><\/p>\n<h6><a href=\"http:\/\/usnomadstudio.com\/usnomads\/blog\/?portfolio=tierra-del-sol-mexico\"><strong>STORYBOARD: TIERRA DEL SOL DESERT RUN<\/strong><\/a> <\/h6>\n<p>A photo storyboard highlighting some of the challenges posed during a multi-day off-road run through the dunes of Desierto de Altar in Mexico with Tierra del Sol. The annual trip offered plenty of opportunities to get intimate with sand &#8230; <a href=\"http:\/\/usnomadstudio.com\/usnomads\/blog\/?portfolio=tierra-del-sol-mexico\">[read]<\/a><\/p>\n<hr>\n<p><strong>MORE INFO:<\/strong><br \/>\n<a href=\"http:\/\/usnomads.org\/\" target=\"_blank\">About Team 171 US Nomads<\/a><br \/>\n<a href=\"http:\/\/usnomadstudio.com\/usnomads\/blog\/?page_id=378\" target=\"_blank\">Team Training<\/a><br \/>\n<a href=\"http:\/\/usnomadstudio.com\/usnomads\/blog\/?page_id=407\" target=\"_blank\">Practical Matters<\/a><br \/>\n<a href=\"http:\/\/usnomadstudio.com\/usnomads\/blog\/?page_id=409\" target=\"_blank\">In Our Words<\/a><br \/>\n<a href=\"http:\/\/usnomadstudio.com\/usnomads\/blog\/?page_id=411\" target=\"_blank\">Team News<\/a><br \/>\n<a href=\"mailto:feccifoto@aol.com\" target=\"_blank\">Contact Us<\/a><br><\/p>\n<hr \/>\n<p><a href=\"http:\/\/usnomads.org\"><img src=\"http:\/\/usnomadstudio.com\/usnomads\/blog\/siteimages\/Website_Tab_Widget.gif\"><\/a><br \/>\n<a href=\"http:\/\/usnomads.org\/?p=5\">> <\/a>Team US Nomads is training hard to face the challenges of a Sahara crossing like no other. The first step in their journey is the 2014 Rally Aicha des Gazelles. <a href=\"http:\/\/usnomads.org\/?p=5\">Find out more about the team and their inspiration \u2026<\/a><br \/>\n<a href=\"http:\/\/usnomads.org\/?p=7\">> <\/a>A true test of endurance, the Gazelle rally pushes teams to their limits in a struggle to overcome the harshest terrain in the Moroccan Sahara. The key to success is a seamless combination of off-road driving abiility, land navigation skills and strategic thinking. <a href=\"http:\/\/usnomads.org\/?p=7\">Learn more about this unique race \u2026<\/a><br \/>\n<a href=\"http:\/\/usnomads.org\/?p=9\">> <\/a>Team US Nomads is working to connect people across borders and cultures in a true exchange. This includes a series of humanitarian efforts to assist communities in the region undertaken with the rally organization and other NGO partners. <a href=\"http:\/\/usnomads.org\/?p=9\">Discover how we are doing good as we go \u2026<\/a><br \/>\n<a href=\"http:\/\/usnomads.org\/?p=10\">> <\/a>Team US Nomads needs your support. Whether you represent a corporate organization interested in sponsoring the team, a humanitarian group that would like to find out more about working with us in the Sahara, or if you would just like to follow along with the adventure, we want to hear from you. <a href=\"http:\/\/usnomads.org\/?p=10\">Find out how to get involved \u2026<\/a><\/p>\n<\/p><\/div>\n<div class=\"clear\"><\/div>\n<\/p><\/div>\n<p><\/div>\n","protected":false},"excerpt":{"rendered":"","protected":false},"author":2,"featured_media":0,"parent":1120,"menu_order":18,"comment_status":"closed","ping_status":"closed","template":"","meta":[],"_links":{"self":[{"href":"http:\/\/usnomadstudio.com\/usnomads\/blog\/index.php?rest_route=\/wp\/v2\/pages\/1179"}],"collection":[{"href":"http:\/\/usnomadstudio.com\/usnomads\/blog\/index.php?rest_route=\/wp\/v2\/pages"}],"about":[{"href":"http:\/\/usnomadstudio.com\/usnomads\/blog\/index.php?rest_route=\/wp\/v2\/types\/page"}],"author":[{"embeddable":true,"href":"http:\/\/usnomadstudio.com\/usnomads\/blog\/index.php?rest_route=\/wp\/v2\/users\/2"}],"replies":[{"embeddable":true,"href":"http:\/\/usnomadstudio.com\/usnomads\/blog\/index.php?rest_route=%2Fwp%2Fv2%2Fcomments&post=1179"}],"version-history":[{"count":25,"href":"http:\/\/usnomadstudio.com\/usnomads\/blog\/index.php?rest_route=\/wp\/v2\/pages\/1179\/revisions"}],"predecessor-version":[{"id":2156,"href":"http:\/\/usnomadstudio.com\/usnomads\/blog\/index.php?rest_route=\/wp\/v2\/pages\/1179\/revisions\/2156"}],"up":[{"embeddable":true,"href":"http:\/\/usnomadstudio.com\/usnomads\/blog\/index.php?rest_route=\/wp\/v2\/pages\/1120"}],"wp:attachment":[{"href":"http:\/\/usnomadstudio.com\/usnomads\/blog\/index.php?rest_route=%2Fwp%2Fv2%2Fmedia&parent=1179"}],"curies":[{"name":"wp","href":"https:\/\/api.w.org\/{rel}","templated":true}]}}