{"id":1161,"date":"2014-02-06T18:43:12","date_gmt":"2014-02-06T18:43:12","guid":{"rendered":"http:\/\/usnomadstudio.com\/usnomads\/blog\/?page_id=1161"},"modified":"2014-04-05T10:30:11","modified_gmt":"2014-04-05T10:30:11","slug":"notes-from-the-road-mar-15","status":"publish","type":"page","link":"http:\/\/usnomadstudio.com\/usnomads\/blog\/?page_id=1161","title":{"rendered":"Notes from the Road &#8211; MAR 15"},"content":{"rendered":"<div class=\"container\"><\/p>\n<div class=\"heading_wrapper\">\n<div class=\"eight columns\">\n<h2>NOTES FROM THE ROAD<\/h2>\n<hr \/>\n<p><a href=\"http:\/\/usnomadstudio.com\/usnomads\/blog\/?page_id=1163\">< more recent<\/a> | 15 MAR 2014 | <a href=\"http:\/\/usnomadstudio.com\/usnomads\/blog\/?page_id=1159\">older ><\/a> <\/p>\n<hr \/>\n<h5>THE GRAND DEPART<\/h5>\n<p><br><img loading=\"lazy\" src=\"http:\/\/usnomadstudio.com\/usnomads\/blog\/wp-content\/uploads\/2014\/02\/069_NIC_15032014_Paris_060053.jpg\" alt=\"069_NIC_15032014_Paris_060053\" width=\"700\" height=\"467\" class=\"alignnone size-full wp-image-1891\" srcset=\"http:\/\/usnomadstudio.com\/usnomads\/blog\/wp-content\/uploads\/2014\/02\/069_NIC_15032014_Paris_060053.jpg 700w, http:\/\/usnomadstudio.com\/usnomads\/blog\/wp-content\/uploads\/2014\/02\/069_NIC_15032014_Paris_060053-300x200.jpg 300w, http:\/\/usnomadstudio.com\/usnomads\/blog\/wp-content\/uploads\/2014\/02\/069_NIC_15032014_Paris_060053-449x300.jpg 449w, http:\/\/usnomadstudio.com\/usnomads\/blog\/wp-content\/uploads\/2014\/02\/069_NIC_15032014_Paris_060053-334x223.jpg 334w, http:\/\/usnomadstudio.com\/usnomads\/blog\/wp-content\/uploads\/2014\/02\/069_NIC_15032014_Paris_060053-254x170.jpg 254w\" sizes=\"(max-width: 700px) 100vw, 700px\" \/><\/p>\n<h6><br><strong>Team 171 USnomads joined more than one hundred other teams in front of the Eiffel Tower for the official departure of the 24th edition of the Rally Aicha des Gazelles<\/strong><\/h6>\n<p><br><\/p>\n<p><strong>15 MARCH 2014:<\/strong> Under the cloudy Parisian sky, the first teams began to take their places around 7:00 a.m. on a prestigious starting line. The Eiffel Tower looms in the distance, silhouetted by a timid ray of sun. The vehicles are parked in a precise and orderly formation. Friends and families gathered to wish the teams good luck as they prepared to depart for the grand adventure.<br><br \/>\nThe Gazelles danced their ritual &#8220;flash mob&#8221; to the sound of &#8220;Happy&#8221; by Pharell Williams, going through the motions of shovelling and scanning the horizon as they performed the choreography created by Canadian choreographer and judge on &#8220;Danse avec les stars&#8221; Jean-Marc G\u00e9n\u00e9reux.<br><br \/>\nHalf an hour before the official start there is a flurry of photos and hugs and some honking of horns then at 3 o&#8217;clock sharp, Dominique Serra, founder and director of the Rallye A\u00efcha des Gazelles, waved the starting flag as Chakib Ben Moussa, the Moroccan Ambassador in France, addressed the crowd: &#8220;I would like to wish them all a good Rallye, an adventure full of emotion and the joy of discovering our country and our people.&#8221; <br><br \/>\nThen the teams set off through the Parisian streets on their way south&#8230;<br><br \/>\nFor more live coverage of Today&#8217;s event from the official Rally site: <a href=\"http:\/\/www.rallyeaichadesgazelles.com\/en\" target=\"_blank\">English<\/a> | <a href=\"http:\/\/www.rallyeaichadesgazelles.com\/fr\" target=\"_blank\">Fran\u00e7ais<\/a><\/p>\n<p><br><\/p>\n<hr \/>\n<h5>VIDEO: THE OFFICIAL START OF THE RALLY<\/h5>\n<p><br>Gazelles TV presents the start of the Rallye Aicha des Gazelles from place Trocadero, in front of the iconic Eiffel tower.<\/p>\n<p><br><iframe frameborder=\"0\" width=\"480\" height=\"270\" src=\"http:\/\/www.dailymotion.com\/embed\/video\/x1hyxzi\" allowfullscreen><\/iframe><br \/><\/i><br><\/p>\n<hr \/>\n<h5>VIDEO: HEADED TO MOROCCO<\/h5>\n<p><br>M6 presents the start of the Rallye Aicha des Gazelles in three parts:<br \/>\n<br><a href=\"http:\/\/www.dailymotion.com\/video\/x1hsrsj_m6-gazelles-2014-17-mars_sport\" target=\"_blank\">PART ONE OF THREE<\/a> <i>par <a href=\"http:\/\/www.dailymotion.com\/Rallye-Aicha-des-Gazelles\" target=\"_blank\">Rallye-Aicha-des-Gazelles<\/a><br><iframe frameborder=\"0\" width=\"480\" height=\"270\" src=\"http:\/\/www.dailymotion.com\/embed\/video\/x1hsrsj\" allowfullscreen><\/iframe><\/i><br><br \/>\n<br><a href=\"http:\/\/www.dailymotion.com\/video\/x1icshf_m6-gazelles-2014-18-mars_sport\" target=\"_blank\">PART TWO OF THREE<\/a> <i>par <a href=\"http:\/\/www.dailymotion.com\/Rallye-Aicha-des-Gazelles\" target=\"_blank\">Rallye-Aicha-des-Gazelles<\/a><br><iframe frameborder=\"0\" width=\"480\" height=\"270\" src=\"http:\/\/www.dailymotion.com\/embed\/video\/x1icshf\" allowfullscreen><\/iframe><\/i><br><br \/>\n<br><a href=\"http:\/\/www.dailymotion.com\/video\/x1ijts3_m6-gazelles-2014-19-mars_sport\" target=\"_blank\">PART THREE OF THREE<\/a> <i>par <a href=\"http:\/\/www.dailymotion.com\/Rallye-Aicha-des-Gazelles\" target=\"_blank\">Rallye-Aicha-des-Gazelles<\/a><br><iframe frameborder=\"0\" width=\"480\" height=\"270\" src=\"http:\/\/www.dailymotion.com\/embed\/video\/x1ijts3\" allowfullscreen><\/iframe><br \/><\/i><\/p>\n<hr>\n<h6><a href=\"http:\/\/usnomadstudio.com\/usnomads\/blog\/?page_id=1159\">PREVIOUS NOTES FROM THE ROAD<\/a> <a href=\"http:\/\/usnomadstudio.com\/usnomads\/blog\/?page_id=1159\">><\/a> <\/h6>\n<\/div>\n<div class=\"four columns\">\n<hr \/>\n<p><strong>WHERE WE ARE<\/strong><\/p>\n<p><a href=\"https:\/\/maps.google.com\/maps\/ms?ie=UTF&amp;msa=0&amp;msid=211152032095924952977.0004f1704718010d10630\"><img loading=\"lazy\" width=\"250\" height=\"211\" src=\"http:\/\/usnomadstudio.com\/usnomads\/blog\/wp-content\/uploads\/2014\/03\/Where-Clermont.jpg\" class=\"alignleft size-full wp-image-1832\" srcset=\"http:\/\/usnomadstudio.com\/usnomads\/blog\/wp-content\/uploads\/2014\/03\/Where-Clermont.jpg 250w, http:\/\/usnomadstudio.com\/usnomads\/blog\/wp-content\/uploads\/2014\/03\/Where-Clermont-201x170.jpg 201w\" sizes=\"(max-width: 250px) 100vw, 250px\" \/><\/a><\/p>\n<hr \/>\n<p><strong>ABOUT THE DAY&#8217;S COURSE<\/strong><\/p>\n<p>TROCADERO CEREMONY \/ DEPART\u2028\u2028<br><br \/>\n<img loading=\"lazy\" src=\"http:\/\/usnomadstudio.com\/usnomads\/blog\/wp-content\/uploads\/2014\/02\/0316_paris_eri_030036_resize.jpg\" alt=\"\" width=\"285\" height=\"189\" class=\"alignleft size-full wp-image-1845\" srcset=\"http:\/\/usnomadstudio.com\/usnomads\/blog\/wp-content\/uploads\/2014\/02\/0316_paris_eri_030036_resize.jpg 285w, http:\/\/usnomadstudio.com\/usnomads\/blog\/wp-content\/uploads\/2014\/02\/0316_paris_eri_030036_resize-256x170.jpg 256w\" sizes=\"(max-width: 285px) 100vw, 285px\" \/><br><br \/>\nThe official departure of the 24th Rallye Aicha des Gazelles from place Trocadero in Paris takes place today. The teams, friends and family, te media and the just plain curious gather around the foot of the Eiffel tower, where the organization has set up tents for the first public presentation of this year&#8217;s Rally. The vehicles will start their engines and take off at 3pm local time, heading south, towards Morocco. Tonite they will stop at Clermont-Ferrand, half-way en route to the ferry port in Barcelona. The journey to Morocco will continue over the next two days.<\/p>\n<hr \/>\n<p><strong>TEAM 171 PRESENTATION<\/strong><\/p>\n<p><img loading=\"lazy\" width=\"300\" height=\"225\" src=\"http:\/\/usnomadstudio.com\/usnomads\/blog\/wp-content\/uploads\/2014\/02\/GLAMIS_FEB14_NikiMeJeep-retouch_DSCN5488_650w-300x225.jpg\" class=\"alignleft size-medium wp-image-1471\" srcset=\"http:\/\/usnomadstudio.com\/usnomads\/blog\/wp-content\/uploads\/2014\/02\/GLAMIS_FEB14_NikiMeJeep-retouch_DSCN5488_650w-300x225.jpg 300w, http:\/\/usnomadstudio.com\/usnomads\/blog\/wp-content\/uploads\/2014\/02\/GLAMIS_FEB14_NikiMeJeep-retouch_DSCN5488_650w-399x300.jpg 399w, http:\/\/usnomadstudio.com\/usnomads\/blog\/wp-content\/uploads\/2014\/02\/GLAMIS_FEB14_NikiMeJeep-retouch_DSCN5488_650w-297x223.jpg 297w, http:\/\/usnomadstudio.com\/usnomads\/blog\/wp-content\/uploads\/2014\/02\/GLAMIS_FEB14_NikiMeJeep-retouch_DSCN5488_650w-226x170.jpg 226w, http:\/\/usnomadstudio.com\/usnomads\/blog\/wp-content\/uploads\/2014\/02\/GLAMIS_FEB14_NikiMeJeep-retouch_DSCN5488_650w.jpg 650w\" sizes=\"(max-width: 300px) 100vw, 300px\" \/><br><br \/>\nUSnomads, c&#8217;est l&#8217;histoire d&#8217;une amiti\u00e9 de plus de 20 ans, qui s&#8217;est construite \u00e0 travers le temps, les cultures, les exp\u00e9riences de la vie et des voyages. Seule l&#8217;union de deux caract\u00e8res forts et respectueux l&#8217;un de l&#8217;autre explique que nous soyons arriv\u00e9es \u00e0 nos fins dans chacun de nos d\u00e9fis.<br><br \/>\nCeci est notre premi\u00e8re participation au Rallye des gazelles et nous ne sommes pas des professionels, mais JoMarie a une certaine exp\u00e9rience de l&#8217;Afrique et des situations d&#8217;urgence. D&#8217;autre part, elle s&#8217;est totalement investie dans la pr\u00e9paration de cette course et Isabelle s&#8217;est r\u00e9cemment mise \u00e0 la navigation.<br><br \/>\nLe Rallye des gazelles dans le d\u00e9sert marocain sera le th\u00e9\u00e2tre d&#8217;une nouvelle \u00e9preuve pour nous : une Jeep, une boussole, une carte et tout le pouvoir de notre volont\u00e9 d&#8217;y parvenir fera le reste.<br><br \/>\nCe d\u00e9fi sportif s&#8217;inscrit dans un projet humain plus large, celui de traverser le d\u00e9sert du Sahara d&#8217;Ouest en Est dans l&#8217;espoir d&#8217;accompagner les \u00e9quipes d&#8217;ONG dans leurs micro-projets d&#8217;aide aux peuplades nomades locales. JoMarie en produira un film documentaire qui donnera \u00e0 mieux connaitre les hommes de cette partie du monde.<br><br \/>\nL&#8217;\u00e9quipe 171 prendra fi\u00e8rement son envol le 15 mars 2014 avec toutes les autres participantes ! Et que les meilleures gagnent !<br><br \/>\nMais quelle valeur et quelle port\u00e9e aurait cette le\u00e7on de vie, si nous n&#8217;\u00e9tions pas soutenues par l&#8217;amour de nos proches, de nos amis et de tous ceux qui nous entourent. Merci !<\/p>\n<hr \/>\n<p><strong>SUPPORTING MOTHERS<\/strong><br \/>\n<a href=\"http:\/\/www.motherstomothers.net\" target=\"_blank\"><img loading=\"lazy\" src=\"http:\/\/usnomadstudio.com\/usnomads\/blog\/wp-content\/uploads\/2014\/02\/m2mIcon.jpg\" alt=\"\" width=\"300\" height=\"187\" class=\"alignleft size-full wp-image-1794\" srcset=\"http:\/\/usnomadstudio.com\/usnomads\/blog\/wp-content\/uploads\/2014\/02\/m2mIcon.jpg 300w, http:\/\/usnomadstudio.com\/usnomads\/blog\/wp-content\/uploads\/2014\/02\/m2mIcon-272x170.jpg 272w\" sizes=\"(max-width: 300px) 100vw, 300px\" \/><\/a><br \/>\nTeam USnomads is proud to support the work of <a href=\"http:\/\/www.motherstomothers.net\" target=\"_blank\">MothersToMothers<\/a>, a 501(c)3 non-profit organization that recognizes the ability of mothers to change their destiny. MothersToMothers, founded by Pamela Parlapiano, partners with local women to create community supported day care and learning centers that change lives. Their model project in Amacho Wato Kebele, Ethiopia, has shown how with just a little help, the mothers in the community can improve the lives of a whole village. Please join us in supporting their efforts to take this successful model to more villages: <a href=\"http:\/\/www.motherstomothers.net\" target=\"_blank\">Donate to MothersToMothers here.<\/a> (Note that all donations go 100% directly to MothersToMothers).<\/p>\n<\/div>\n<div class=\"four columns\">\n<hr \/>\n<p><strong>CURRENT WEATHER<\/strong><\/p>\n<p><div id=\"awe-ajax-awesome-weather-merzouga-morocco\" class=\"awe-ajax-awesome-weather-merzouga-morocco awe-weather-ajax-wrap\" style=\"\"><div class=\"awe-loading\"><i class=\"wi wi-day-sunny\"><\/i><\/div><\/div><script type=\"text\/javascript\"> jQuery(document).ready(function() { awe_ajax_load({\"location\":\"Merzouga, Morocco\",\"units\":\"F\",\"size\":\"tall\",\"override_title\":\"Merzouga, Morocco\",\"forecast_days\":\"3\",\"hide_stats\":\"0\",\"background\":\"http:\\\/\\\/usnomadstudio.com\\\/usnomads\\\/blog\\\/wp-content\\\/uploads\\\/2014\\\/02\\\/24545711.jpg\",\"custom_bg_color\":\"#cccccc\",\"inline_style\":\"width: 225px; margin: 0px; float: left;\",\"id\":\"awesome-weather-merzouga-morocco\",\"ajaxurl\":\"http:\\\/\\\/usnomadstudio.com\\\/usnomads\\\/blog\\\/wp-admin\\\/admin-ajax.php\",\"via_ajax\":1}); }); <\/script><br><\/p>\n<p>Detailed weather: <a href=\"http:\/\/www.wunderground.com\/q\/locid:MO015327\" target=\"_blank\">Errachida<\/a><\/p>\n<hr \/>\n<p><a href=\"http:\/\/www.pinterest.com\/teamusnomads\/\" target=\"_blank\"><img loading=\"lazy\" src=\"http:\/\/usnomadstudio.com\/usnomads\/blog\/wp-content\/uploads\/2014\/02\/368a36618193d7777dfa253aab397c2b.jpg\" alt=\"\" width=\"344\" height=\"477\" class=\"alignleft size-full wp-image-1026\" srcset=\"http:\/\/usnomadstudio.com\/usnomads\/blog\/wp-content\/uploads\/2014\/02\/368a36618193d7777dfa253aab397c2b.jpg 344w, http:\/\/usnomadstudio.com\/usnomads\/blog\/wp-content\/uploads\/2014\/02\/368a36618193d7777dfa253aab397c2b-216x300.jpg 216w, http:\/\/usnomadstudio.com\/usnomads\/blog\/wp-content\/uploads\/2014\/02\/368a36618193d7777dfa253aab397c2b-160x223.jpg 160w, http:\/\/usnomadstudio.com\/usnomads\/blog\/wp-content\/uploads\/2014\/02\/368a36618193d7777dfa253aab397c2b-122x170.jpg 122w\" sizes=\"(max-width: 344px) 100vw, 344px\" \/><\/a><\/p>\n<hr \/>\n<p><strong>MORE NOTES FROM THE ROAD:<\/strong><br \/>\n<a href=\"http:\/\/usnomadstudio.com\/usnomads\/blog\/?page_id=1159\">14 March \u2013 Technical Verification day<\/a><\/p>\n<p><a href=\"http:\/\/usnomadstudio.com\/usnomads\/blog\/?page_id=1444\">8 to 13 Mar 2014 &#8211; Paris: Preparations<\/a>\u2028<br \/>\n<a href=\"http:\/\/usnomadstudio.com\/usnomads\/blog\/?page_id=1442\">1 to 7 Mar 2014 &#8211; Paris: Preparations<\/a>\u2028<br \/>\n<a href=\"http:\/\/usnomadstudio.com\/usnomads\/blog\/?page_id=1439\">22 to 28 Feb 2014 &#8211; Training<\/a>\u2028<br \/>\n<a href=\"http:\/\/usnomadstudio.com\/usnomads\/blog\/?page_id=1435\">15 to 21 Feb 2014 &#8211; Training<\/a>\u2028<br \/>\n<a href=\"http:\/\/usnomadstudio.com\/usnomads\/blog\/?portfolio=notes-from-the-road-archive\">Archive<\/a><br><\/p>\n<hr>\n<p><strong>FEATURE<\/strong><br \/>\n<a href=\"http:\/\/usnomadstudio.com\/usnomads\/blog\/?page_id=350\"><img src=\"http:\/\/usnomadstudio.com\/usnomads\/blog\/wp-content\/uploads\/2013\/10\/Team171-300x168\"><\/a><\/p>\n<h6><a href=\"http:\/\/usnomadstudio.com\/usnomads\/blog\/?page_id=350\"><strong>TWO FRIENDS, A JEEP AND A DREAM<\/strong><\/a> <\/h6>\n<p>We just seem to love \u201croad trips.\u201d The excitement of laying out the maps, loading up the Jeep, and heading out to discover something new has brought us together before. In 2010 we criss-crossed the United States in a marathon drive that covered over 10,000 miles and encompassed 25 states in 46 days\u2026 <a href=\"http:\/\/usnomadstudio.com\/usnomads\/blog\/?page_id=350\">[read]<\/a><\/p>\n<hr \/>\n<p><strong>MORE INFO:<\/strong><br \/>\n<a href=\"http:\/\/usnomads.org\/\" target=\"_blank\">About Team 171 US Nomads<\/a><br \/>\n<a href=\"http:\/\/usnomadstudio.com\/usnomads\/blog\/?page_id=378\" target=\"_blank\">Team Training<\/a><br \/>\n<a href=\"http:\/\/usnomadstudio.com\/usnomads\/blog\/?page_id=407\" target=\"_blank\">Practical Matters &#8212; Logistics<\/a><br \/>\n<a href=\"http:\/\/usnomadstudio.com\/usnomads\/blog\/?page_id=409\" target=\"_blank\">In Our Words &#8212; Reflections<\/a><br \/>\n<a href=\"http:\/\/usnomadstudio.com\/usnomads\/blog\/?page_id=411\" target=\"_blank\">Team News<\/a><br \/>\n<a href=\"mailto:feccifoto@aol.com\" target=\"_blank\">Contact Us<\/a><br><\/p>\n<hr \/>\n<p><strong>FEATURE<\/strong><br \/>\n<a href=\"http:\/\/usnomadstudio.com\/usnomads\/blog\/?portfolio=tierra-del-sol-mexico\"><img src=\"http:\/\/usnomadstudio.com\/usnomads\/blog\/wp-content\/uploads\/2014\/01\/Slider_blog_front-TDS-300x168.jpg\"><\/a><\/p>\n<h6><a href=\"http:\/\/usnomadstudio.com\/usnomads\/blog\/?portfolio=tierra-del-sol-mexico\"><strong>TIERRA DEL SOL DESERT RUN<\/strong><\/a> <\/h6>\n<p>A photo storyboard highlighting some of the challenges posed during a multi-day off-road run through the dunes of Desierto de Altar in Mexico with Tierra del Sol. The annual trip offered plenty of opportunities to get intimate with sand &#8230; <a href=\"http:\/\/usnomadstudio.com\/usnomads\/blog\/?portfolio=tierra-del-sol-mexico\">[read]<\/a><\/p>\n<hr \/>\n<p><a href=\"http:\/\/usnomads.org\"><img alt=\"\" src=\"http:\/\/usnomadstudio.com\/usnomads\/blog\/siteimages\/Website_Tab_Widget.gif\" \/><\/a><br \/>\n<a href=\"http:\/\/usnomads.org\/?p=5\">&gt; <\/a>Team US Nomads is training hard to face the challenges of a Sahara crossing like no other. The first step in their journey is the 2014 Rally Aicha des Gazelles. <a href=\"http:\/\/usnomads.org\/?p=5\">Find out more about the team and their inspiration \u2026<\/a><br \/>\n<a href=\"http:\/\/usnomads.org\/?p=7\">&gt; <\/a>A true test of endurance, the Gazelle rally pushes teams to their limits in a struggle to overcome the harshest terrain in the Moroccan Sahara. The key to success is a seamless combination of off-road driving abiility, land navigation skills and strategic thinking. <a href=\"http:\/\/usnomads.org\/?p=7\">Learn more about this unique race \u2026<\/a><br \/>\n<a href=\"http:\/\/usnomads.org\/?p=9\">&gt; <\/a>Team US Nomads is working to connect people across borders and cultures in a true exchange. This includes a series of humanitarian efforts to assist communities in the region undertaken with the rally organization and other NGO partners. <a href=\"http:\/\/usnomads.org\/?p=9\">Discover how we are doing good as we go \u2026<\/a><br \/>\n<a href=\"http:\/\/usnomads.org\/?p=10\">&gt; <\/a>Team US Nomads needs your support. Whether you represent a corporate organization interested in sponsoring the team, a humanitarian group that would like to find out more about working with us in the Sahara, or if you would just like to follow along with the adventure, we want to hear from you. <a href=\"http:\/\/usnomads.org\/?p=10\">Find out how to get involved \u2026<\/a><\/p>\n<hr \/>\n<p><strong>ROUTE MAP<\/strong><\/p>\n<p><a href=\"http:\/\/usnomadstudio.com\/usnomads\/blog\/wp-content\/uploads\/2014\/02\/RouteMap-650w.jpg\" target=\"_blank\"><img loading=\"lazy\" width=\"650\" height=\"541\" class=\"alignnone size-full wp-image-979\" alt=\"\" src=\"http:\/\/usnomadstudio.com\/usnomads\/blog\/wp-content\/uploads\/2014\/02\/RouteMap-650w.jpg\" srcset=\"http:\/\/usnomadstudio.com\/usnomads\/blog\/wp-content\/uploads\/2014\/02\/RouteMap-650w.jpg 650w, http:\/\/usnomadstudio.com\/usnomads\/blog\/wp-content\/uploads\/2014\/02\/RouteMap-650w-300x249.jpg 300w, http:\/\/usnomadstudio.com\/usnomads\/blog\/wp-content\/uploads\/2014\/02\/RouteMap-650w-360x300.jpg 360w, http:\/\/usnomadstudio.com\/usnomads\/blog\/wp-content\/uploads\/2014\/02\/RouteMap-650w-267x223.jpg 267w, http:\/\/usnomadstudio.com\/usnomads\/blog\/wp-content\/uploads\/2014\/02\/RouteMap-650w-204x170.jpg 204w\" sizes=\"(max-width: 650px) 100vw, 650px\" \/><\/a><\/p>\n<\/div>\n<div class=\"clear\"><\/div>\n<\/div>\n<p><\/div>\n","protected":false},"excerpt":{"rendered":"","protected":false},"author":1,"featured_media":0,"parent":1120,"menu_order":9,"comment_status":"closed","ping_status":"closed","template":"","meta":[],"_links":{"self":[{"href":"http:\/\/usnomadstudio.com\/usnomads\/blog\/index.php?rest_route=\/wp\/v2\/pages\/1161"}],"collection":[{"href":"http:\/\/usnomadstudio.com\/usnomads\/blog\/index.php?rest_route=\/wp\/v2\/pages"}],"about":[{"href":"http:\/\/usnomadstudio.com\/usnomads\/blog\/index.php?rest_route=\/wp\/v2\/types\/page"}],"author":[{"embeddable":true,"href":"http:\/\/usnomadstudio.com\/usnomads\/blog\/index.php?rest_route=\/wp\/v2\/users\/1"}],"replies":[{"embeddable":true,"href":"http:\/\/usnomadstudio.com\/usnomads\/blog\/index.php?rest_route=%2Fwp%2Fv2%2Fcomments&post=1161"}],"version-history":[{"count":29,"href":"http:\/\/usnomadstudio.com\/usnomads\/blog\/index.php?rest_route=\/wp\/v2\/pages\/1161\/revisions"}],"predecessor-version":[{"id":1982,"href":"http:\/\/usnomadstudio.com\/usnomads\/blog\/index.php?rest_route=\/wp\/v2\/pages\/1161\/revisions\/1982"}],"up":[{"embeddable":true,"href":"http:\/\/usnomadstudio.com\/usnomads\/blog\/index.php?rest_route=\/wp\/v2\/pages\/1120"}],"wp:attachment":[{"href":"http:\/\/usnomadstudio.com\/usnomads\/blog\/index.php?rest_route=%2Fwp%2Fv2%2Fmedia&parent=1161"}],"curies":[{"name":"wp","href":"https:\/\/api.w.org\/{rel}","templated":true}]}}