{"id":1159,"date":"2014-02-06T18:42:18","date_gmt":"2014-02-06T18:42:18","guid":{"rendered":"http:\/\/usnomadstudio.com\/usnomads\/blog\/?page_id=1159"},"modified":"2014-04-04T22:38:07","modified_gmt":"2014-04-04T22:38:07","slug":"notes-from-the-road-mar-14","status":"publish","type":"page","link":"http:\/\/usnomadstudio.com\/usnomads\/blog\/?page_id=1159","title":{"rendered":"Notes from the Road &#8211; MAR 14"},"content":{"rendered":"<div class=\"container\"><\/p>\n<div class=\"heading_wrapper\">\n<div class=\"eight columns\">\n<h2>NOTES FROM THE ROAD<\/h2>\n<hr \/>\n<p><a href=\"http:\/\/usnomadstudio.com\/usnomads\/blog\/?page_id=1161\">< more recent<\/a> | 14 MAR 2014 | <a href=\"http:\/\/usnomadstudio.com\/usnomads\/blog\/?page_id=1444\">older ><\/a> <\/p>\n<hr \/>\n<h5>BECOMING GAZELLES&#8230;<\/h5>\n<p><br><img loading=\"lazy\" src=\"http:\/\/usnomadstudio.com\/usnomads\/blog\/wp-content\/uploads\/2014\/02\/GAZ_D1-Dreux_US_IMG_4214-retouch_650w.jpg\" alt=\"\" width=\"650\" height=\"485\" class=\"alignleft size-full wp-image-1878\" srcset=\"http:\/\/usnomadstudio.com\/usnomads\/blog\/wp-content\/uploads\/2014\/02\/GAZ_D1-Dreux_US_IMG_4214-retouch_650w.jpg 650w, http:\/\/usnomadstudio.com\/usnomads\/blog\/wp-content\/uploads\/2014\/02\/GAZ_D1-Dreux_US_IMG_4214-retouch_650w-300x223.jpg 300w, http:\/\/usnomadstudio.com\/usnomads\/blog\/wp-content\/uploads\/2014\/02\/GAZ_D1-Dreux_US_IMG_4214-retouch_650w-402x300.jpg 402w, http:\/\/usnomadstudio.com\/usnomads\/blog\/wp-content\/uploads\/2014\/02\/GAZ_D1-Dreux_US_IMG_4214-retouch_650w-298x223.jpg 298w, http:\/\/usnomadstudio.com\/usnomads\/blog\/wp-content\/uploads\/2014\/02\/GAZ_D1-Dreux_US_IMG_4214-retouch_650w-227x170.jpg 227w\" sizes=\"(max-width: 650px) 100vw, 650px\" \/><br \/>\n<br><strong>14 MARCH 2014:<\/strong> We became &#8220;official&#8221; today, once we were given our Gazelle vest and completed the series of steps at the technical verification. The admin day went smoothly and was well organized &#8212; and a special shout out to the organization here in France for going out of their way to give an American team such a warm welcome!<br><\/p>\n<hr \/>\n<h5>OFFICIAL STICKERING&#8230;<\/h5>\n<p><br><img loading=\"lazy\" src=\"http:\/\/usnomadstudio.com\/usnomads\/blog\/wp-content\/uploads\/2014\/02\/GAZ_D1-Dreux_Stickage_IMG_4204_650w.jpg\" alt=\"\" width=\"650\" height=\"470\" class=\"alignleft size-full wp-image-1880\" srcset=\"http:\/\/usnomadstudio.com\/usnomads\/blog\/wp-content\/uploads\/2014\/02\/GAZ_D1-Dreux_Stickage_IMG_4204_650w.jpg 650w, http:\/\/usnomadstudio.com\/usnomads\/blog\/wp-content\/uploads\/2014\/02\/GAZ_D1-Dreux_Stickage_IMG_4204_650w-300x216.jpg 300w, http:\/\/usnomadstudio.com\/usnomads\/blog\/wp-content\/uploads\/2014\/02\/GAZ_D1-Dreux_Stickage_IMG_4204_650w-414x300.jpg 414w, http:\/\/usnomadstudio.com\/usnomads\/blog\/wp-content\/uploads\/2014\/02\/GAZ_D1-Dreux_Stickage_IMG_4204_650w-308x223.jpg 308w, http:\/\/usnomadstudio.com\/usnomads\/blog\/wp-content\/uploads\/2014\/02\/GAZ_D1-Dreux_Stickage_IMG_4204_650w-235x170.jpg 235w\" sizes=\"(max-width: 650px) 100vw, 650px\" \/><br \/>\n<br><strong>14 MARCH 2014:<\/strong> The Jeep was transformed from &#8220;civilian&#8221; to &#8220;Gazelle&#8221; as part of the technical verification day &#8212; getting a full complement of signage, and our number, 171, applied to the sides&#8230;<br><\/p>\n<hr \/>\n<h5>TECH VERIFICATION DAY<\/h5>\n<p><br><img loading=\"lazy\" src=\"http:\/\/usnomadstudio.com\/usnomads\/blog\/wp-content\/uploads\/2014\/02\/0315_Dreux_NIC_040089.jpg\" alt=\"\" width=\"550\" height=\"366\" class=\"alignnone size-full wp-image-1825\" srcset=\"http:\/\/usnomadstudio.com\/usnomads\/blog\/wp-content\/uploads\/2014\/02\/0315_Dreux_NIC_040089.jpg 550w, http:\/\/usnomadstudio.com\/usnomads\/blog\/wp-content\/uploads\/2014\/02\/0315_Dreux_NIC_040089-300x199.jpg 300w, http:\/\/usnomadstudio.com\/usnomads\/blog\/wp-content\/uploads\/2014\/02\/0315_Dreux_NIC_040089-450x300.jpg 450w, http:\/\/usnomadstudio.com\/usnomads\/blog\/wp-content\/uploads\/2014\/02\/0315_Dreux_NIC_040089-335x223.jpg 335w, http:\/\/usnomadstudio.com\/usnomads\/blog\/wp-content\/uploads\/2014\/02\/0315_Dreux_NIC_040089-255x170.jpg 255w\" sizes=\"(max-width: 550px) 100vw, 550px\" \/><\/p>\n<h6><br><strong>Teams gathered at Dreux, an hour west of Paris, for technical verification and administrive details<\/strong><\/h6>\n<p><br><\/p>\n<p><strong>14 MARCH 2014:<\/strong> Today, Team 171 USnomads joins the rest of the Gazelles at Dreux, for a day dedicated to preparations, verifications, and administrtive procedures. Everything must conform to the regulations of the Rally, from the placement of the stickers on the Jeep, to our numbers on the helmet, to our equipment and emergency supplies. Everything is listed and must be verified.<br><br><\/p>\n<p>Rally doctors review medical forms and take the opportunity to offer advice on how to deal with desert conditions. Rations are distributed and the teams will receive their official Gazelle vest &#8212; this year&#8217;s color is coral. <br><br><\/p>\n<p>Finally there will be a control for smart phones, cameras, iPods, and watches that may have integrated GPS functions. The Gazelles are not allowed to have any of these devices during the race, and they will be handed in to officials at the start of the prologue. Teams are also prohibted from having any topographical maps other than the set of official topographical maps handed out during the administrative checks.<br \/>\n<br><img loading=\"lazy\" width=\"600\" height=\"297\" class=\"alignnone size-full wp-image-965\" alt=\"\" src=\"http:\/\/usnomadstudio.com\/usnomads\/blog\/wp-content\/uploads\/2014\/02\/TeamQuotes_02_01.jpg\" srcset=\"http:\/\/usnomadstudio.com\/usnomads\/blog\/wp-content\/uploads\/2014\/02\/TeamQuotes_02_01.jpg 600w, http:\/\/usnomadstudio.com\/usnomads\/blog\/wp-content\/uploads\/2014\/02\/TeamQuotes_02_01-300x148.jpg 300w, http:\/\/usnomadstudio.com\/usnomads\/blog\/wp-content\/uploads\/2014\/02\/TeamQuotes_02_01-450x223.jpg 450w, http:\/\/usnomadstudio.com\/usnomads\/blog\/wp-content\/uploads\/2014\/02\/TeamQuotes_02_01-343x170.jpg 343w\" sizes=\"(max-width: 600px) 100vw, 600px\" \/><br><br \/>\nFor more live coverage of Today&#8217;s event from the official Rally site: <a href=\"http:\/\/www.rallyeaichadesgazelles.com\/en\/Rally\/2014\/Leg\/dreux\/\" target=\"_blank\">English<\/a> | <a href=\"http:\/\/www.rallyeaichadesgazelles.com\/fr\/a+la+une\" target=\"_blank\">Fran\u00e7ais<\/a><\/p>\n<p><br><\/p>\n<hr \/>\n<h5>VIDEO: Vivez la Legende<\/h5>\n<p><br>With the rally departing from Paris in just 15 Days, here is a trailer to get us in the mood&#8230; [and apologizes for the ad at the start, it is embedded by the source of this video and we cannot remove it]<\/p>\n<p><br><iframe frameborder=\"0\" width=\"470\" height=\"270\" src=\"http:\/\/www.dailymotion.com\/embed\/video\/x104x0e\" allowfullscreen><\/iframe><\/i><br><\/p>\n<hr \/>\n<h6><a href=\"http:\/\/usnomadstudio.com\/usnomads\/blog\/?page_id=1444\">PREVIOUS NOTES FROM THE ROAD<\/a> <a href=\"http:\/\/usnomadstudio.com\/usnomads\/blog\/?page_id=1444\">><\/a> <\/h6>\n<\/div>\n<div class=\"four columns\">\n<hr \/>\n<p><strong>WHERE WE ARE<\/strong><\/p>\n<p><a href=\"https:\/\/maps.google.com\/maps\/ms?ie=UTF&amp;msa=0&amp;msid=211152032095924952977.0004f1704718010d10630\"><img loading=\"lazy\" width=\"250\" height=\"211\" src=\"http:\/\/usnomadstudio.com\/usnomads\/blog\/wp-content\/uploads\/2014\/03\/Where-dreux.jpg\" class=\"alignleft size-full wp-image-1834\" srcset=\"http:\/\/usnomadstudio.com\/usnomads\/blog\/wp-content\/uploads\/2014\/03\/Where-dreux.jpg 250w, http:\/\/usnomadstudio.com\/usnomads\/blog\/wp-content\/uploads\/2014\/03\/Where-dreux-201x170.jpg 201w\" sizes=\"(max-width: 250px) 100vw, 250px\" \/><\/a><\/p>\n<hr \/>\n<p><strong>ABOUT THE DAY<\/strong><\/p>\n<p>DREUX: Technical and Administrative Checks\u2028\u2028<br><br \/>\n<img loading=\"lazy\" src=\"http:\/\/usnomadstudio.com\/usnomads\/blog\/wp-content\/uploads\/2014\/02\/dreux.jpg\" alt=\"\" width=\"502\" height=\"219\" class=\"alignnone size-full wp-image-1826\" srcset=\"http:\/\/usnomadstudio.com\/usnomads\/blog\/wp-content\/uploads\/2014\/02\/dreux.jpg 502w, http:\/\/usnomadstudio.com\/usnomads\/blog\/wp-content\/uploads\/2014\/02\/dreux-300x130.jpg 300w, http:\/\/usnomadstudio.com\/usnomads\/blog\/wp-content\/uploads\/2014\/02\/dreux-389x170.jpg 389w\" sizes=\"(max-width: 502px) 100vw, 502px\" \/><br><br \/>\nToday teams must present themselves and their vehicles at the Ouest Parisien Racing circuit in Dreux for a day dedicated to technical, administrative and mechanical verifications, and the official &#8220;stickering&#8221; of the vehicles. The objective for today: Get the Gazelle treams ready for D-day tomorrow &#8212; the presentation of teams to the public and the official departure from the foot of the Eiffel tower. The Rally departs tomorrow Saturday, March 15th at 15:00 from place Trocadero, Paris! <\/p>\n<hr \/>\n<p><strong>TEAM 171 PRESENTATION<\/strong><\/p>\n<p><img loading=\"lazy\" width=\"300\" height=\"225\" src=\"http:\/\/usnomadstudio.com\/usnomads\/blog\/wp-content\/uploads\/2014\/02\/GLAMIS_FEB14_NikiMeJeep-retouch_DSCN5488_650w-300x225.jpg\" class=\"alignleft size-medium wp-image-1471\" srcset=\"http:\/\/usnomadstudio.com\/usnomads\/blog\/wp-content\/uploads\/2014\/02\/GLAMIS_FEB14_NikiMeJeep-retouch_DSCN5488_650w-300x225.jpg 300w, http:\/\/usnomadstudio.com\/usnomads\/blog\/wp-content\/uploads\/2014\/02\/GLAMIS_FEB14_NikiMeJeep-retouch_DSCN5488_650w-399x300.jpg 399w, http:\/\/usnomadstudio.com\/usnomads\/blog\/wp-content\/uploads\/2014\/02\/GLAMIS_FEB14_NikiMeJeep-retouch_DSCN5488_650w-297x223.jpg 297w, http:\/\/usnomadstudio.com\/usnomads\/blog\/wp-content\/uploads\/2014\/02\/GLAMIS_FEB14_NikiMeJeep-retouch_DSCN5488_650w-226x170.jpg 226w, http:\/\/usnomadstudio.com\/usnomads\/blog\/wp-content\/uploads\/2014\/02\/GLAMIS_FEB14_NikiMeJeep-retouch_DSCN5488_650w.jpg 650w\" sizes=\"(max-width: 300px) 100vw, 300px\" \/><br><br \/>\nUSnomads, c&#8217;est l&#8217;histoire d&#8217;une amiti\u00e9 de plus de 20 ans, qui s&#8217;est construite \u00e0 travers le temps, les cultures, les exp\u00e9riences de la vie et des voyages. Seule l&#8217;union de deux caract\u00e8res forts et respectueux l&#8217;un de l&#8217;autre explique que nous soyons arriv\u00e9es \u00e0 nos fins dans chacun de nos d\u00e9fis.<br><br \/>\nCeci est notre premi\u00e8re participation au Rallye des gazelles et nous ne sommes pas des professionels, mais JoMarie a une certaine exp\u00e9rience de l&#8217;Afrique et des situations d&#8217;urgence. D&#8217;autre part, elle s&#8217;est totalement investie dans la pr\u00e9paration de cette course et Isabelle s&#8217;est r\u00e9cemment mise \u00e0 la navigation.<br><br \/>\nLe Rallye des gazelles dans le d\u00e9sert marocain sera le th\u00e9\u00e2tre d&#8217;une nouvelle \u00e9preuve pour nous : une Jeep, une boussole, une carte et tout le pouvoir de notre volont\u00e9 d&#8217;y parvenir fera le reste.<br><br \/>\nCe d\u00e9fi sportif s&#8217;inscrit dans un projet humain plus large, celui de traverser le d\u00e9sert du Sahara d&#8217;Ouest en Est dans l&#8217;espoir d&#8217;accompagner les \u00e9quipes d&#8217;ONG dans leurs micro-projets d&#8217;aide aux peuplades nomades locales. JoMarie en produira un film documentaire qui donnera \u00e0 mieux connaitre les hommes de cette partie du monde.<br><br \/>\nL&#8217;\u00e9quipe 171 prendra fi\u00e8rement son envol le 15 mars 2014 avec toutes les autres participantes ! Et que les meilleures gagnent !<br><br \/>\nMais quelle valeur et quelle port\u00e9e aurait cette le\u00e7on de vie, si nous n&#8217;\u00e9tions pas soutenues par l&#8217;amour de nos proches, de nos amis et de tous ceux qui nous entourent. Merci !<\/p>\n<hr \/>\n<p><strong>SUPPORTING MOTHERS<\/strong><br \/>\n<a href=\"http:\/\/www.motherstomothers.net\" target=\"_blank\"><img loading=\"lazy\" src=\"http:\/\/usnomadstudio.com\/usnomads\/blog\/wp-content\/uploads\/2014\/02\/m2mIcon.jpg\" alt=\"\" width=\"300\" height=\"187\" class=\"alignleft size-full wp-image-1794\" srcset=\"http:\/\/usnomadstudio.com\/usnomads\/blog\/wp-content\/uploads\/2014\/02\/m2mIcon.jpg 300w, http:\/\/usnomadstudio.com\/usnomads\/blog\/wp-content\/uploads\/2014\/02\/m2mIcon-272x170.jpg 272w\" sizes=\"(max-width: 300px) 100vw, 300px\" \/><\/a><br \/>\nTeam USnomads is proud to support the work of <a href=\"http:\/\/www.motherstomothers.net\" target=\"_blank\">MothersToMothers<\/a>, a 501(c)3 non-profit organization that recognizes the ability of mothers to change their destiny. MothersToMothers, founded by Pamela Parlapiano, partners with local women to create community supported day care and learning centers that change lives. Their model project in Amacho Wato Kebele, Ethiopia, has shown how with just a little help, the mothers in the community can improve the lives of a whole village. Please join us in supporting their efforts to take this successful model to more villages: <a href=\"http:\/\/www.motherstomothers.net\" target=\"_blank\">Donate to MothersToMothers here.<\/a> (Note that all donations go 100% directly to MothersToMothers).\n<\/div>\n<div class=\"four columns\">\n<hr \/>\n<p><strong>CURRENT WEATHER<\/strong><\/p>\n<p><div id=\"awe-ajax-awesome-weather-merzouga-morocco\" class=\"awe-ajax-awesome-weather-merzouga-morocco awe-weather-ajax-wrap\" style=\"\"><div class=\"awe-loading\"><i class=\"wi wi-day-sunny\"><\/i><\/div><\/div><script type=\"text\/javascript\"> jQuery(document).ready(function() { awe_ajax_load({\"location\":\"Merzouga, Morocco\",\"units\":\"F\",\"size\":\"tall\",\"override_title\":\"Merzouga, Morocco\",\"forecast_days\":\"3\",\"hide_stats\":\"0\",\"background\":\"http:\\\/\\\/usnomadstudio.com\\\/usnomads\\\/blog\\\/wp-content\\\/uploads\\\/2014\\\/02\\\/24545711.jpg\",\"custom_bg_color\":\"#cccccc\",\"inline_style\":\"width: 225px; margin: 0px; float: left;\",\"id\":\"awesome-weather-merzouga-morocco\",\"ajaxurl\":\"http:\\\/\\\/usnomadstudio.com\\\/usnomads\\\/blog\\\/wp-admin\\\/admin-ajax.php\",\"via_ajax\":1}); }); <\/script><br><\/p>\n<p>Detailed weather: <a href=\"http:\/\/www.wunderground.com\/q\/locid:MO015327\" target=\"_blank\">Errachida<\/a><\/p>\n<hr \/>\n<p><a href=\"http:\/\/www.pinterest.com\/teamusnomads\/\" target=\"_blank\"><img loading=\"lazy\" src=\"http:\/\/usnomadstudio.com\/usnomads\/blog\/wp-content\/uploads\/2014\/02\/fb39d6257015abe9cf90515ec4dbbb9c.jpg\" alt=\"\" width=\"500\" height=\"700\" class=\"alignleft size-full wp-image-1054\" srcset=\"http:\/\/usnomadstudio.com\/usnomads\/blog\/wp-content\/uploads\/2014\/02\/fb39d6257015abe9cf90515ec4dbbb9c.jpg 500w, http:\/\/usnomadstudio.com\/usnomads\/blog\/wp-content\/uploads\/2014\/02\/fb39d6257015abe9cf90515ec4dbbb9c-214x300.jpg 214w, http:\/\/usnomadstudio.com\/usnomads\/blog\/wp-content\/uploads\/2014\/02\/fb39d6257015abe9cf90515ec4dbbb9c-159x223.jpg 159w, http:\/\/usnomadstudio.com\/usnomads\/blog\/wp-content\/uploads\/2014\/02\/fb39d6257015abe9cf90515ec4dbbb9c-121x170.jpg 121w, http:\/\/usnomadstudio.com\/usnomads\/blog\/wp-content\/uploads\/2014\/02\/fb39d6257015abe9cf90515ec4dbbb9c-485x680.jpg 485w\" sizes=\"(max-width: 500px) 100vw, 500px\" \/><\/a><\/p>\n<hr \/>\n<p><strong>MORE NOTES FROM THE ROAD:<\/strong><br \/>\n<a href=\"http:\/\/usnomadstudio.com\/usnomads\/blog\/?page_id=1444\">8 to 13 Mar 2014 &#8211; Paris: Preparations<\/a>\u2028<br \/>\n<a href=\"http:\/\/usnomadstudio.com\/usnomads\/blog\/?page_id=1442\">1 to 7 Mar 2014 &#8211; Paris: Preparations<\/a>\u2028<br \/>\n<a href=\"http:\/\/usnomadstudio.com\/usnomads\/blog\/?page_id=1439\">22 to 28 Feb 2014 &#8211; Training<\/a>\u2028<br \/>\n<a href=\"http:\/\/usnomadstudio.com\/usnomads\/blog\/?page_id=1435\">15 to 21 Feb 2014 &#8211; Training<\/a>\u2028<br \/>\n<a href=\"http:\/\/usnomadstudio.com\/usnomads\/blog\/?page_id=1348\">8 to 14 Feb 2014 &#8211; Training<\/a>\u2028<br \/>\n<a href=\"http:\/\/usnomadstudio.com\/usnomads\/blog\/?portfolio=notes-from-the-road-archive\">Archive<\/a><br><\/p>\n<hr \/>\n<p><strong>FEATURE<\/strong><\/p>\n<p><a href=\"http:\/\/usnomadstudio.com\/usnomads\/blog\/?page_id=811\"><img alt=\"\" src=\"http:\/\/usnomadstudio.com\/usnomads\/blog\/wp-content\/uploads\/2014\/01\/Slider_blog_front-jeepschool.jpg\" \/><\/a><\/p>\n<h6><a href=\"http:\/\/usnomadstudio.com\/usnomads\/blog\/?page_id=811\"><strong>US NOMADS GO TO JEEP SCHOOL<\/strong><\/a><\/h6>\n<p>Driving a Jeep off-road across the Sahara presents a different set of challenges than the recreational offroading we are familiar with, so we went to Barlow Jeep School in Sedona, AZ, to learn the ins and outs of desert driving from an expert\u2026 <a href=\"http:\/\/usnomadstudio.com\/usnomads\/blog\/?page_id=811\">[read]<\/a><\/p>\n<hr \/>\n<p><strong>MORE INFO:<\/strong><br \/>\n<a href=\"http:\/\/usnomads.org\/\" target=\"_blank\">About Team 171 US Nomads<\/a><br \/>\n<a href=\"http:\/\/usnomadstudio.com\/usnomads\/blog\/?page_id=378\" target=\"_blank\">Team Training<\/a><br \/>\n<a href=\"http:\/\/usnomadstudio.com\/usnomads\/blog\/?page_id=407\" target=\"_blank\">Practical Matters<\/a><br \/>\n<a href=\"http:\/\/usnomadstudio.com\/usnomads\/blog\/?page_id=409\" target=\"_blank\">In Our Words<\/a><br \/>\n<a href=\"http:\/\/usnomadstudio.com\/usnomads\/blog\/?page_id=411\" target=\"_blank\">Team News<\/a><br \/>\n<a href=\"mailto:feccifoto@aol.com\" target=\"_blank\">Contact Us<\/a><br><\/p>\n<hr \/>\n<p><strong>FEATURE<\/strong><br \/>\n<a href=\"http:\/\/usnomadstudio.com\/usnomads\/blog\/?page_id=1658\"><img loading=\"lazy\" width=\"300\" height=\"168\" class=\"alignleft size-medium wp-image-1729\" alt=\"\" src=\"http:\/\/usnomadstudio.com\/usnomads\/blog\/wp-content\/uploads\/2014\/03\/Slider_blog_front-tracks-300x168.jpg\" srcset=\"http:\/\/usnomadstudio.com\/usnomads\/blog\/wp-content\/uploads\/2014\/03\/Slider_blog_front-tracks-300x168.jpg 300w, http:\/\/usnomadstudio.com\/usnomads\/blog\/wp-content\/uploads\/2014\/03\/Slider_blog_front-tracks-534x300.jpg 534w, http:\/\/usnomadstudio.com\/usnomads\/blog\/wp-content\/uploads\/2014\/03\/Slider_blog_front-tracks-397x223.jpg 397w, http:\/\/usnomadstudio.com\/usnomads\/blog\/wp-content\/uploads\/2014\/03\/Slider_blog_front-tracks-302x170.jpg 302w, http:\/\/usnomadstudio.com\/usnomads\/blog\/wp-content\/uploads\/2014\/03\/Slider_blog_front-tracks.jpg 600w\" sizes=\"(max-width: 300px) 100vw, 300px\" \/><\/a><\/p>\n<h6><a href=\"http:\/\/usnomadstudio.com\/usnomads\/blog\/?page_id=1658\"><strong>SCOUTING THE SAHARA IN MOROCCO<\/strong><\/a><\/h6>\n<p>A scouting trip in the company of experienced Dakar racers offers a preview of the challenges we will face during the Gazelle Rally and beyond. \u201cThe Gateway to the Sahara,\u201d Ouarzazate is a calm and modern Moroccan town on the edge of the desert.\u2026 <a href=\"http:\/\/usnomadstudio.com\/usnomads\/blog\/?page_id=1658\">[read]<\/a><\/p>\n<hr \/>\n<p><strong>ROUTE MAP<\/strong><\/p>\n<p><a href=\"http:\/\/usnomadstudio.com\/usnomads\/blog\/wp-content\/uploads\/2014\/02\/RouteMap-650w.jpg\" target=\"_blank\"><img loading=\"lazy\" width=\"650\" height=\"541\" class=\"alignnone size-full wp-image-979\" alt=\"\" src=\"http:\/\/usnomadstudio.com\/usnomads\/blog\/wp-content\/uploads\/2014\/02\/RouteMap-650w.jpg\" srcset=\"http:\/\/usnomadstudio.com\/usnomads\/blog\/wp-content\/uploads\/2014\/02\/RouteMap-650w.jpg 650w, http:\/\/usnomadstudio.com\/usnomads\/blog\/wp-content\/uploads\/2014\/02\/RouteMap-650w-300x249.jpg 300w, http:\/\/usnomadstudio.com\/usnomads\/blog\/wp-content\/uploads\/2014\/02\/RouteMap-650w-360x300.jpg 360w, http:\/\/usnomadstudio.com\/usnomads\/blog\/wp-content\/uploads\/2014\/02\/RouteMap-650w-267x223.jpg 267w, http:\/\/usnomadstudio.com\/usnomads\/blog\/wp-content\/uploads\/2014\/02\/RouteMap-650w-204x170.jpg 204w\" sizes=\"(max-width: 650px) 100vw, 650px\" \/><\/a>\n<\/div>\n<div class=\"clear\"><\/div>\n<\/div>\n<p><\/div>\n","protected":false},"excerpt":{"rendered":"","protected":false},"author":1,"featured_media":0,"parent":1120,"menu_order":8,"comment_status":"closed","ping_status":"closed","template":"","meta":[],"_links":{"self":[{"href":"http:\/\/usnomadstudio.com\/usnomads\/blog\/index.php?rest_route=\/wp\/v2\/pages\/1159"}],"collection":[{"href":"http:\/\/usnomadstudio.com\/usnomads\/blog\/index.php?rest_route=\/wp\/v2\/pages"}],"about":[{"href":"http:\/\/usnomadstudio.com\/usnomads\/blog\/index.php?rest_route=\/wp\/v2\/types\/page"}],"author":[{"embeddable":true,"href":"http:\/\/usnomadstudio.com\/usnomads\/blog\/index.php?rest_route=\/wp\/v2\/users\/1"}],"replies":[{"embeddable":true,"href":"http:\/\/usnomadstudio.com\/usnomads\/blog\/index.php?rest_route=%2Fwp%2Fv2%2Fcomments&post=1159"}],"version-history":[{"count":27,"href":"http:\/\/usnomadstudio.com\/usnomads\/blog\/index.php?rest_route=\/wp\/v2\/pages\/1159\/revisions"}],"predecessor-version":[{"id":1972,"href":"http:\/\/usnomadstudio.com\/usnomads\/blog\/index.php?rest_route=\/wp\/v2\/pages\/1159\/revisions\/1972"}],"up":[{"embeddable":true,"href":"http:\/\/usnomadstudio.com\/usnomads\/blog\/index.php?rest_route=\/wp\/v2\/pages\/1120"}],"wp:attachment":[{"href":"http:\/\/usnomadstudio.com\/usnomads\/blog\/index.php?rest_route=%2Fwp%2Fv2%2Fmedia&parent=1159"}],"curies":[{"name":"wp","href":"https:\/\/api.w.org\/{rel}","templated":true}]}}